{"id":47699,"date":"2024-06-24T21:59:37","date_gmt":"2024-06-24T19:59:37","guid":{"rendered":"https:\/\/netpet.ch\/?post_type=product&#038;p=47699"},"modified":"2024-06-24T21:59:07","modified_gmt":"2024-06-24T19:59:07","slug":"eierschachteln-aus-karton-fuer-10-eier-mit-sichtfenster-10-stueck","status":"publish","type":"product","link":"https:\/\/netpet.ch\/de\/produit\/eierschachteln-aus-karton-fuer-10-eier-mit-sichtfenster-10-stueck\/","title":{"rendered":"Eierschachteln aus Karton f\u00fcr 10 Eier mit Sichtfenster (10 St\u00fcck)"},"content":{"rendered":"<p>Set von <strong>10 Schachteln<\/strong> aus recyceltem Karton <strong>f\u00fcr 10 H\u00fchnereier<\/strong>.<\/p>\n<p>Der Deckel bietet sowohl Platz f\u00fcr ein Etikett als auch ein Sichtfenster f\u00fcr die enthaltenen Eier.<\/p>\n<p>Abmessungen: ca. 25x11x7cm (LxBxH).<\/p>\n<p><span style=\"color: #999999\">Hinweis: die Schachteln werden ohne Eier verkauft; die auf den Bildern sichtbaren Eier dienen nur der Illustration.<\/span><\/p>\n<p>(\u00fcbersetzt mit www.deepL.com)<\/p>\n","protected":false},"excerpt":{"rendered":"<p>Set von 10 Schachteln aus recyceltem Karton f\u00fcr 10 H\u00fchnereier. Der Deckel bietet sowohl Platz f\u00fcr ein Etikett als auch ein Sichtfenster f\u00fcr die enthaltenen Eier. Abmessungen: ca. 25x11x7cm (LxBxH). Hinweis: die Schachteln werden ohne Eier verkauft; die auf den Bildern sichtbaren Eier dienen nur der Illustration. (\u00fcbersetzt mit www.deepL.com)<\/p>\n","protected":false},"featured_media":47513,"template":"","meta":{"_acf_changed":false,"wds_primary_product_brand":0,"wds_primary_product_cat":0},"product_brand":[],"product_cat":[436],"product_tag":[],"class_list":{"0":"post-47699","1":"product","2":"type-product","3":"status-publish","4":"has-post-thumbnail","6":"product_cat-eierschachteln-und-horden","8":"first","9":"instock","10":"taxable","11":"shipping-taxable","12":"purchasable","13":"product-type-simple"},"acf":[],"_links":{"self":[{"href":"https:\/\/netpet.ch\/de\/wp-json\/wp\/v2\/product\/47699","targetHints":{"allow":["GET"]}}],"collection":[{"href":"https:\/\/netpet.ch\/de\/wp-json\/wp\/v2\/product"}],"about":[{"href":"https:\/\/netpet.ch\/de\/wp-json\/wp\/v2\/types\/product"}],"wp:featuredmedia":[{"embeddable":true,"href":"https:\/\/netpet.ch\/de\/wp-json\/wp\/v2\/media\/47513"}],"wp:attachment":[{"href":"https:\/\/netpet.ch\/de\/wp-json\/wp\/v2\/media?parent=47699"}],"wp:term":[{"taxonomy":"product_brand","embeddable":true,"href":"https:\/\/netpet.ch\/de\/wp-json\/wp\/v2\/product_brand?post=47699"},{"taxonomy":"product_cat","embeddable":true,"href":"https:\/\/netpet.ch\/de\/wp-json\/wp\/v2\/product_cat?post=47699"},{"taxonomy":"product_tag","embeddable":true,"href":"https:\/\/netpet.ch\/de\/wp-json\/wp\/v2\/product_tag?post=47699"}],"curies":[{"name":"wp","href":"https:\/\/api.w.org\/{rel}","templated":true}]}}