{"id":47745,"date":"2024-07-21T21:50:07","date_gmt":"2024-07-21T19:50:07","guid":{"rendered":"https:\/\/netpet.ch\/?post_type=product&#038;p=47745"},"modified":"2025-08-02T01:11:32","modified_gmt":"2025-08-01T23:11:32","slug":"chickenguard-pro-combi-automatischer-tueroffner-selbstverriegelndes-tuer-kit","status":"publish","type":"product","link":"https:\/\/netpet.ch\/de\/produit\/chickenguard-pro-combi-automatischer-tueroffner-selbstverriegelndes-tuer-kit\/","title":{"rendered":"ChickenGuard PRO Combi - Automatischer T\u00fcroffner + Selbstverriegelndes T\u00fcr-Kit"},"content":{"rendered":"<p><strong>ChickenGuard<\/strong>, der elektronische Pf\u00f6rtner f\u00fcr H\u00fchnerst\u00e4lle, der Ihnen Seelenfrieden verschafft, indem er Ihre H\u00fchner, Enten oder G\u00e4nse vor F\u00fcchsen und anderen Raubtieren sch\u00fctzt. Au\u00dferdem m\u00fcssen Sie nicht mehr im Morgengrauen aufstehen, um Ihre Tiere herumtollen zu lassen.<\/p>\n<p>Das ChickenGuard PRO Combi-Set besteht aus:<br \/>\n\u2022 einem\u00a0<strong>automatischen T\u00fcr\u00f6ffner<\/strong>\u00a0f\u00fcr H\u00fchnerst\u00e4lle ChickenGuard <strong>PRO<\/strong>, und<br \/>\n\u2022 einem ChickenGuard\u00a0<strong>selbstschliessenden T\u00fcr-Set<\/strong>.<\/p>\n<p><strong>Hauptmerkmale des ChickenGuard PRO:<\/strong><br \/>\n\u2022\u00a0\u00d6ffnen und Schlie\u00dfen der T\u00fcr Ihres H\u00fchnerstalls mit einem programmierbaren Timer und\/oder einem einstellbaren Lichtsensor<br \/>\n\u2022 Einfache Bedienung durch ein vollst\u00e4ndiges LCD-Display<br \/>\n\u2022\u00a0Einfache Installation, ohne komplizierte Verkabelung und ohne dass Sie spezielle Heimwerkerf\u00e4higkeiten ben\u00f6tigen<br \/>\n\u2022\u00a0Wasserdichtes, wetterfestes Geh\u00e4use<br \/>\n\u2022\u00a0Geeignet f\u00fcr besonders raue Umgebungen (-20\u00b0C)<br \/>\n\u2022\u00a0Manuelles \u00d6ffnen und Schlie\u00dfen mit nur einem Knopfdruck; gro\u00dfe Kn\u00f6pfe, um die Bedienung mit Handschuhen im Winter zu erm\u00f6glichen<br \/>\n\u2022\u00a0Kann eine T\u00fcr bis zu 2kg anheben<br \/>\n\u2022\u00a0Automatische T\u00fcrkalibrierung<br \/>\n\u2022\u00a0Automatische Stoppfunktion<br \/>\n\u2022 Stromversorgung \u00fcber 4 AA-Batterien (im Lieferumfang enthalten); Netzstromversorgung m\u00f6glich (<span style=\"color: #0000ff\"><a style=\"color: #0000ff\" href=\"https:\/\/netpet.ch\/de\/produit\/netzteil-fuer-automatischen-tueroffner-chickenguard-pro\/\" target=\"_blank\" rel=\"noopener\">Steckernetzteil nicht im Lieferumfang enthalten<\/a><\/span>, separat erh\u00e4ltlich, Produktcode:\u00a0<span style=\"color: #0000ff\"><a style=\"color: #0000ff\" href=\"https:\/\/netpet.ch\/de\/produit\/netzteil-fuer-automatischen-tueroffner-chickenguard-pro\/\" target=\"_blank\" rel=\"noopener\">dich-mw_sga12e<\/a><\/span>)<br \/>\n\u2022\u00a0Warnanzeige f\u00fcr schwache Batterie<br \/>\n\u2022 3 Jahre Herstellergarantie, vorbehaltlich einer Online-Registrierung beim Kauf.<\/p>\n<p><strong>Hauptmerkmale des ChickenGuard selbstverriegelnden T\u00fcr-Kits:<\/strong><br \/>\n\u2022 Selbstverriegelungsmechanismus<br \/>\n\u2022 Ma\u00dfe der Aluminiumt\u00fcr: 30x25cm (HxB)<br \/>\n\u2022 L\u00e4nge der Laufschienen aus 100% recyceltem Material: 59.5cm<\/p>\n<p><em><img loading=\"lazy\" decoding=\"async\" class=\"lazy\" title=\"Pfeil, backup, down, download, speichern unter, storage, transfer Symbol Kostenlos\" src=\"https:\/\/cdn.icon-icons.com\/icons2\/1946\/PNG\/96\/1904659-arrow-backup-down-download-save-storage-transfer_122509.png\" alt=\"Pfeil, backup, down, download, speichern unter, storage, transfer Symbol\" width=\"13\" height=\"13\" data-original=\"https:\/\/cdn.icon-icons.com\/icons2\/1946\/PNG\/96\/1904659-arrow-backup-down-download-save-storage-transfer_122509.png\" \/><a href=\"https:\/\/netpet.ch\/wp-content\/uploads\/2023\/11\/cguk-instructions-d_2023.11.pdf\" target=\"_blank\" rel=\"noopener\"><span style=\"color: #0000ff\"> Anweisungen ChickenGuard<\/span><\/a><\/em><\/p>\n","protected":false},"excerpt":{"rendered":"<p><span style=\"color: #339966\">KOSTENLOSER VERSAND - schneller Versand aus unserem Lager<\/span><\/p>\n","protected":false},"featured_media":47736,"template":"","meta":{"_acf_changed":false,"wds_primary_product_brand":0,"wds_primary_product_cat":0},"product_brand":[],"product_cat":[445],"product_tag":[],"class_list":{"0":"post-47745","1":"product","2":"type-product","3":"status-publish","4":"has-post-thumbnail","6":"product_cat-automatische-tueroeffner-fuer-huehnerstaelle","8":"first","9":"outofstock","10":"taxable","11":"shipping-taxable","12":"purchasable","13":"product-type-simple"},"acf":[],"_links":{"self":[{"href":"https:\/\/netpet.ch\/de\/wp-json\/wp\/v2\/product\/47745","targetHints":{"allow":["GET"]}}],"collection":[{"href":"https:\/\/netpet.ch\/de\/wp-json\/wp\/v2\/product"}],"about":[{"href":"https:\/\/netpet.ch\/de\/wp-json\/wp\/v2\/types\/product"}],"wp:featuredmedia":[{"embeddable":true,"href":"https:\/\/netpet.ch\/de\/wp-json\/wp\/v2\/media\/47736"}],"wp:attachment":[{"href":"https:\/\/netpet.ch\/de\/wp-json\/wp\/v2\/media?parent=47745"}],"wp:term":[{"taxonomy":"product_brand","embeddable":true,"href":"https:\/\/netpet.ch\/de\/wp-json\/wp\/v2\/product_brand?post=47745"},{"taxonomy":"product_cat","embeddable":true,"href":"https:\/\/netpet.ch\/de\/wp-json\/wp\/v2\/product_cat?post=47745"},{"taxonomy":"product_tag","embeddable":true,"href":"https:\/\/netpet.ch\/de\/wp-json\/wp\/v2\/product_tag?post=47745"}],"curies":[{"name":"wp","href":"https:\/\/api.w.org\/{rel}","templated":true}]}}