{"id":47755,"date":"2024-06-15T14:51:50","date_gmt":"2024-06-15T12:51:50","guid":{"rendered":"https:\/\/netpet.ch\/?post_type=product&#038;p=47755"},"modified":"2024-07-14T18:13:43","modified_gmt":"2024-07-14T16:13:43","slug":"drinkwell-keramik-trinkbrunnen-avalon-2l","status":"publish","type":"product","link":"https:\/\/netpet.ch\/de\/produit\/drinkwell-keramik-trinkbrunnen-avalon-2l\/","title":{"rendered":"Drinkwell - Keramik-Trinkbrunnen \"Avalon\", 2L"},"content":{"rendered":"<p>Die Gesundheit und Vitalit\u00e4t unserer vierbeinigen Freunde h\u00e4ngt unter anderem davon ab, dass sie genug Wasser trinken.<\/p>\n<p>Ermutigen Sie Ihr Haustier doch dazu, mehr Wasser zu trinken, mit dem Petsafe\u00ae Drinkwell\u00ae Trinkbrunnen Avalon aus Keramik mit einem Fassungsverm\u00f6gen von 2L.<\/p>\n<p>Sein patentiertes System mit zwei Wasserf\u00e4llen reichert das Wasser mit Sauerstoff an, um es frisch zu halten und Ihre Tiere dazu zu bringen, mehr zu trinken, da sie instinktiv von der st\u00e4ndigen Bewegung angezogen werden.<\/p>\n<p>Mit seinem leicht zu reinigenden Keramikbeh\u00e4lter wirkt der Avalon-Trinkbrunnen sch\u00f6n in Ihrem Zuhause; die obere und untere Schale erm\u00f6glichen es Ihren Tieren, zwischen zwei Wasserstellen zu w\u00e4hlen, und die runde Form macht es leicht, sich dem Brunnen zu n\u00e4hern.<\/p>\n<p><strong>Hauptmerkmale des Keramik-Tierbrunnen Avalon von Petsafe:<\/strong><br \/>\n\u2022 zwei Wasserf\u00e4lle, um das Wasser kontinuierlich mit Sauerstoff anzureichern, zu filtern und zu erfrischen<br \/>\n\u2022 hygienische und leicht zu reinigende Keramikstruktur<br \/>\n\u2022 Fassungsverm\u00f6gen von 2L<br \/>\n\u2022 Tauchpumpe f\u00fcr einen leisen Betrieb<br \/>\n\u2022 Schaumstofffilter, der Haare und andere grosse Partikel zur\u00fcckh\u00e4lt (Produktcode: ps-pac19-14089)<br \/>\n\u2022 austauschbarer Kohlefilter f\u00fcr sauberes und frisches Wasser<br \/>\n\u2022 sp\u00fclmaschinenfeste Komponenten (ohne Pumpe)<br \/>\n\u2022 Niederspannungssystem (12v); geringer Stromverbrauch von 2.5 Watt<br \/>\n\u2022 Abmessungen: Durchmesser von ca. 26.5cm und H\u00f6he von ca. 15cm<br \/>\n\u2022 2 Jahre Herstellergarantie, vorbehaltlich einer Online-Registrierung beim Kauf.<\/p>\n<p><strong>Wichtige Hinweise zur Nutzung:<\/strong><br \/>\n\u2022 der Haustierbrunnen muss regelm\u00e4\u00dfig gereinigt bzw. entkalkt werden, um normal zu funktionieren;<br \/>\n\u2022 der Kohlefilter sollte alle 2 bis 4 Wochen, der Schaumstofffilter alle 4 bis 8 Wochen ausgetauscht werden; sie k\u00f6nnen bei der Reinigung des Brunnens ausgesp\u00fclt, aber niemals mit Seifenwasser gereinigt werden;<br \/>\n\u2022 die Pumpe sollte alle 2 Wochen gereinigt bzw. entkalkt werden, um ihre Funktionsf\u00e4higkeit zu gew\u00e4hrleisten;<br \/>\n\u2022 nach jeder Reinigung oder Entkalkung ist es wichtig, die Teile gr\u00fcndlich zu sp\u00fclen;<br \/>\n\u2022 die Pumpe darf auf keinen Fall ohne Wasser betrieben werden.<\/p>\n<p>(\u00fcbersetzt mit www.deepL.com)<\/p>\n","protected":false},"excerpt":{"rendered":"<p>Die Gesundheit und Vitalit\u00e4t unserer vierbeinigen Freunde h\u00e4ngt unter anderem davon ab, dass sie genug Wasser trinken. Ermutigen Sie Ihr Haustier doch dazu, mehr Wasser zu trinken, mit dem Petsafe\u00ae Drinkwell\u00ae Trinkbrunnen Avalon aus Keramik mit einem Fassungsverm\u00f6gen von 2L. Sein patentiertes System mit zwei Wasserf\u00e4llen reichert das Wasser mit Sauerstoff an, um es frisch [&hellip;]<\/p>\n","protected":false},"featured_media":47680,"template":"","meta":{"_acf_changed":false,"wds_primary_product_brand":0,"wds_primary_product_cat":0},"product_brand":[],"product_cat":[480,520],"product_tag":[],"class_list":{"0":"post-47755","1":"product","2":"type-product","3":"status-publish","4":"has-post-thumbnail","6":"product_cat-drinkwell-de","7":"product_cat-trinkbrunnen-hunde","9":"first","10":"instock","11":"sale","12":"taxable","13":"shipping-taxable","14":"purchasable","15":"product-type-simple"},"acf":[],"_links":{"self":[{"href":"https:\/\/netpet.ch\/de\/wp-json\/wp\/v2\/product\/47755","targetHints":{"allow":["GET"]}}],"collection":[{"href":"https:\/\/netpet.ch\/de\/wp-json\/wp\/v2\/product"}],"about":[{"href":"https:\/\/netpet.ch\/de\/wp-json\/wp\/v2\/types\/product"}],"wp:featuredmedia":[{"embeddable":true,"href":"https:\/\/netpet.ch\/de\/wp-json\/wp\/v2\/media\/47680"}],"wp:attachment":[{"href":"https:\/\/netpet.ch\/de\/wp-json\/wp\/v2\/media?parent=47755"}],"wp:term":[{"taxonomy":"product_brand","embeddable":true,"href":"https:\/\/netpet.ch\/de\/wp-json\/wp\/v2\/product_brand?post=47755"},{"taxonomy":"product_cat","embeddable":true,"href":"https:\/\/netpet.ch\/de\/wp-json\/wp\/v2\/product_cat?post=47755"},{"taxonomy":"product_tag","embeddable":true,"href":"https:\/\/netpet.ch\/de\/wp-json\/wp\/v2\/product_tag?post=47755"}],"curies":[{"name":"wp","href":"https:\/\/api.w.org\/{rel}","templated":true}]}}