{"id":47771,"date":"2024-07-16T22:22:49","date_gmt":"2024-07-16T20:22:49","guid":{"rendered":"https:\/\/netpet.ch\/?post_type=product&#038;p=47771"},"modified":"2024-07-20T18:31:51","modified_gmt":"2024-07-20T16:31:51","slug":"drinkwell-trinkbrunnen-fuer-haustiere-360-3-8l","status":"publish","type":"product","link":"https:\/\/netpet.ch\/de\/produit\/drinkwell-trinkbrunnen-fuer-haustiere-360-3-8l\/","title":{"rendered":"Drinkwell - Trinkbrunnen f\u00fcr Haustiere \"360\", 3.8L"},"content":{"rendered":"<p>Der Petsafe\u00ae Drinkwell\u00ae 360 Haustierbrunnen liefert Ihren vierbeinigen Freunden 3.8 Liter frisches und gefiltertes Wasser. Die Wasserf\u00e4lle regen Ihr Haustier dazu an, mehr zu trinken, und sorgen f\u00fcr eine kontinuierliche Bel\u00fcftung des Wassers, wodurch es sauerstoffreich und ges\u00fcnder wird. Ein Aktivkohlefilter entfernt schlechten Geschmack und Ger\u00fcche. Zus\u00e4tzlich erm\u00f6glichen die diversen Wasserf\u00e4lle und das kreisf\u00f6rmige Design einen einfachen Zugang f\u00fcr jedermann, auch in Haushalten mit mehreren Tieren<\/p>\n<p><strong>Hauptmerkmale des Haustierbrunnens 360 aus Kunststoff von Petsafe:<\/strong><br \/>\n\u2022 mehrere Wasserf\u00e4lle reichern das Wasser mit Sauerstoff an, sodass es frisch bleibt<br \/>\n\u2022 auswechselbare Ausgussringe f\u00fcr 5 verschiedene Wasserf\u00e4lle<br \/>\n\u2022 Wasserrutsche reduziert Spritzer und das Ger\u00e4usch des Wasserfalls<br \/>\n\u2022 Fassungsverm\u00f6gen von 3.8L<br \/>\n\u2022 Tauchpumpe f\u00fcr einen leisen Betrieb<br \/>\n\u2022 austauschbarer Kohlefilter f\u00fcr sauberes und frisches Wasser (Produktcode: ps-pac19-14356)<br \/>\n\u2022 Schaumstofffilter, der Haare und andere grosse Partikel zur\u00fcckh\u00e4lt (Produktcode: ps-pac19-14508)<br \/>\n\u2022 einfach zu pflegen und zu reinigen; sp\u00fclmaschinenfeste Komponenten (ohne Pumpe)<br \/>\n\u2022 Niederspannungssystem (12v); geringer Stromverbrauch von 2.5 Watt<br \/>\n\u2022 Abmessungen: Durchmesser von ca. 34cm und H\u00f6he von ca. 26cm<br \/>\n\u2022 2 Jahre Herstellergarantie, vorbehaltlich einer Online-Registrierung beim Kauf.<\/p>\n<p><strong>Wichtige Hinweise zur Nutzung:<\/strong><br \/>\n\u2022 der Haustierbrunnen muss regelm\u00e4\u00dfig gereinigt bzw. entkalkt werden, um normal zu funktionieren;<br \/>\n\u2022 der Kohlefilter sollte alle 2 bis 4 Wochen, der Schaumstofffilter alle 4 bis 8 Wochen ausgetauscht werden; sie k\u00f6nnen bei der Reinigung des Brunnens ausgesp\u00fclt, aber niemals mit Seifenwasser gereinigt werden;<br \/>\n\u2022 die Pumpe sollte alle 2 Wochen gereinigt bzw. entkalkt werden, um ihre Funktionsf\u00e4higkeit zu gew\u00e4hrleisten;<br \/>\n\u2022 nach jeder Reinigung oder Entkalkung ist es wichtig, die Teile gr\u00fcndlich zu sp\u00fclen;<br \/>\n\u2022 die Pumpe darf auf keinen Fall ohne Wasser betrieben werden.<\/p>\n<p>&nbsp;<\/p>\n<p><em><span style=\"color: #993300\"><strong>Hinweis: Die Artikel sind neu, unbenutzt und voll funktionsf\u00e4hig. Die Verpackungen einiger Artikel weisen Manipulationsspuren auf; diese Exemplare, die unter Variante \"Verpackung -&gt; Neu, Spuren von Manipulationen\" erh\u00e4ltlich sind, werden zu reduzierten Preisen angeboten, solange der Vorrat reicht, im Zustand ihrer Verpackung und ohne R\u00fcckgaberecht aufgrund dieser Spuren auf den Verpackungen.<\/strong><\/span><\/em><\/p>\n<p>(\u00fcbersetzt mit www.deepL.com)<\/p>\n","protected":false},"excerpt":{"rendered":"<p><em><span style=\"color: #993300\"><strong>Neuartikel, der in seiner unbesch\u00e4digten Originalverpackung oder, bei niedrigeren Preisen, in seiner Originalverpackung mit Spuren von Manipulationen erh\u00e4ltlich ist.<\/strong><\/span><\/em><\/p>\n","protected":false},"featured_media":47762,"template":"","meta":{"_acf_changed":false,"wds_primary_product_brand":0,"wds_primary_product_cat":0},"product_brand":[],"product_cat":[480,520],"product_tag":[],"class_list":{"0":"post-47771","1":"product","2":"type-product","3":"status-publish","4":"has-post-thumbnail","6":"product_cat-drinkwell-de","7":"product_cat-trinkbrunnen-hunde","9":"first","10":"instock","11":"taxable","12":"shipping-taxable","13":"purchasable","14":"product-type-variable","15":"has-default-attributes"},"acf":[],"_links":{"self":[{"href":"https:\/\/netpet.ch\/de\/wp-json\/wp\/v2\/product\/47771","targetHints":{"allow":["GET"]}}],"collection":[{"href":"https:\/\/netpet.ch\/de\/wp-json\/wp\/v2\/product"}],"about":[{"href":"https:\/\/netpet.ch\/de\/wp-json\/wp\/v2\/types\/product"}],"wp:featuredmedia":[{"embeddable":true,"href":"https:\/\/netpet.ch\/de\/wp-json\/wp\/v2\/media\/47762"}],"wp:attachment":[{"href":"https:\/\/netpet.ch\/de\/wp-json\/wp\/v2\/media?parent=47771"}],"wp:term":[{"taxonomy":"product_brand","embeddable":true,"href":"https:\/\/netpet.ch\/de\/wp-json\/wp\/v2\/product_brand?post=47771"},{"taxonomy":"product_cat","embeddable":true,"href":"https:\/\/netpet.ch\/de\/wp-json\/wp\/v2\/product_cat?post=47771"},{"taxonomy":"product_tag","embeddable":true,"href":"https:\/\/netpet.ch\/de\/wp-json\/wp\/v2\/product_tag?post=47771"}],"curies":[{"name":"wp","href":"https:\/\/api.w.org\/{rel}","templated":true}]}}