{"id":47798,"date":"2024-07-22T20:35:18","date_gmt":"2024-07-22T18:35:18","guid":{"rendered":"https:\/\/netpet.ch\/?post_type=product&#038;p=47798"},"modified":"2026-04-15T10:14:06","modified_gmt":"2026-04-15T08:14:06","slug":"automatisches-traenkesystem-gelbe-kippbare-schale-50ml","status":"publish","type":"product","link":"https:\/\/netpet.ch\/de\/produit\/automatisches-traenkesystem-gelbe-kippbare-schale-50ml\/","title":{"rendered":"Automatisches Tr\u00e4nkesystem - Gelbe kippbare Schale, 50ml"},"content":{"rendered":"<p>Diese kippbaren Trinkschalen aus leuchtend gelbem und schwarzem Kunststoff werden \u00fcber einen Wasseranschluss mit einem Durchmesser von 10mm mit einem Wassertank oder einem Wassernetz verbunden.<\/p>\n<p>Ausgestattet mit einer Feder und einer Dichtung, f\u00fcllen sich diese Beckentr\u00e4nken automatisch, wenn Ihre Tiere das in der Schale enthaltene Wasser trinken: wenn das Gewicht der Schale abnimmt, wird die \u00d6ffnung des Wasserzulaufs ausgel\u00f6st; sie schlie\u00dft sich, wenn der richtige Wasserstand erreicht ist.<\/p>\n<p>Diese h\u00fcbschen, kippbaren Schalen mit einem Fassungsverm\u00f6gen von 50ml eignen sich f\u00fcr alle Arten von Gefl\u00fcgel und V\u00f6geln und sorgen daf\u00fcr, dass Ihre Tiere immer sauberes Wasser zur Verf\u00fcgung haben. Sie sind einfach zu reinigen, leicht und robust.<\/p>\n<p>Zus\u00e4tzlich lassen sie sich mithilfe der separat erh\u00e4ltlichen, <a href=\"https:\/\/netpet.ch\/de\/produit\/metallhalter-fuer-gelbe-kippbare-schale-50ml\/\" target=\"_blank\" rel=\"noopener\"><span style=\"color: #3366ff\">klippbaren Halter aus verzinktem Metall<\/span><\/a> (Produktcode: <a href=\"https:\/\/netpet.ch\/de\/produit\/metallhalter-fuer-gelbe-kippbare-schale-50ml\/\" target=\"_blank\" rel=\"noopener\"><span style=\"color: #3366ff\">gaes-12106<\/span><\/a>) einfach am Gitter eines jeden K\u00e4figs befestigen.<\/p>\n<p><em><strong>Achtung:<\/strong>\u00a0dieses Trinksystem ist nur mit einem\u00a0<strong>niedrigen Wasserdruck<\/strong>\u00a0zu verwenden. M\u00f6chten Sie das Trinksystem doch an einen hohen Wasserdruck anschlie\u00dfen (zum Beispiel direkt an die Wasserleitung), dann muss\u00a0 ein Wasserbeh\u00e4lter mit Schwimmerventil verwendet werden (Produktcode: olnl-vb8z).<br \/>\n<\/em><\/p>\n<p>(\u00fcbersetzt mit www.deepL.com)<\/p>\n","protected":false},"excerpt":{"rendered":"<p>Diese kippbaren Trinkschalen aus leuchtend gelbem und schwarzem Kunststoff werden \u00fcber einen Wasseranschluss mit einem Durchmesser von 10mm mit einem Wassertank oder einem Wassernetz verbunden. Ausgestattet mit einer Feder und einer Dichtung, f\u00fcllen sich diese Beckentr\u00e4nken automatisch, wenn Ihre Tiere das in der Schale enthaltene Wasser trinken: wenn das Gewicht der Schale abnimmt, wird die [&hellip;]<\/p>\n","protected":false},"featured_media":47794,"template":"","meta":{"_acf_changed":false,"wds_primary_product_brand":0,"wds_primary_product_cat":0},"product_brand":[],"product_cat":[433],"product_tag":[],"class_list":{"0":"post-47798","1":"product","2":"type-product","3":"status-publish","4":"has-post-thumbnail","6":"product_cat-tranken","8":"first","9":"instock","10":"taxable","11":"shipping-taxable","12":"purchasable","13":"product-type-simple"},"acf":[],"_links":{"self":[{"href":"https:\/\/netpet.ch\/de\/wp-json\/wp\/v2\/product\/47798","targetHints":{"allow":["GET"]}}],"collection":[{"href":"https:\/\/netpet.ch\/de\/wp-json\/wp\/v2\/product"}],"about":[{"href":"https:\/\/netpet.ch\/de\/wp-json\/wp\/v2\/types\/product"}],"wp:featuredmedia":[{"embeddable":true,"href":"https:\/\/netpet.ch\/de\/wp-json\/wp\/v2\/media\/47794"}],"wp:attachment":[{"href":"https:\/\/netpet.ch\/de\/wp-json\/wp\/v2\/media?parent=47798"}],"wp:term":[{"taxonomy":"product_brand","embeddable":true,"href":"https:\/\/netpet.ch\/de\/wp-json\/wp\/v2\/product_brand?post=47798"},{"taxonomy":"product_cat","embeddable":true,"href":"https:\/\/netpet.ch\/de\/wp-json\/wp\/v2\/product_cat?post=47798"},{"taxonomy":"product_tag","embeddable":true,"href":"https:\/\/netpet.ch\/de\/wp-json\/wp\/v2\/product_tag?post=47798"}],"curies":[{"name":"wp","href":"https:\/\/api.w.org\/{rel}","templated":true}]}}