{"id":47799,"date":"2024-07-22T20:34:30","date_gmt":"2024-07-22T18:34:30","guid":{"rendered":"https:\/\/netpet.ch\/?post_type=product&#038;p=47799"},"modified":"2026-04-15T10:14:06","modified_gmt":"2026-04-15T08:14:06","slug":"metallhalter-fuer-gelbe-kippbare-schale-50ml","status":"publish","type":"product","link":"https:\/\/netpet.ch\/de\/produit\/metallhalter-fuer-gelbe-kippbare-schale-50ml\/","title":{"rendered":"Metallhalter, f\u00fcr gelbe kippbare Schale 50ml"},"content":{"rendered":"<p>Mit dieser verzinkten Halterung l\u00e4sst sich die <a href=\"https:\/\/netpet.ch\/de\/produit\/automatisches-traenkesystem-gelbe-kippbare-schale-50ml\/\" target=\"_blank\" rel=\"noopener\"><span style=\"color: #3366ff\">gelbe automatische Kippschalentr\u00e4nke<\/span><\/a> mit einem Fassungsverm\u00f6gen von 50ml* leicht an einem K\u00e4fig oder einem Gitter befestigen.<\/p>\n<p>*Beckentr\u00e4nke nicht enthalten, separat erh\u00e4ltlich : <span style=\"color: #3366ff\"><a style=\"color: #3366ff\" href=\"https:\/\/netpet.ch\/de\/produit\/automatisches-traenkesystem-gelbe-kippbare-schale-50ml\/\" target=\"_blank\" rel=\"noopener\">Automatisches Tr\u00e4nkesystem - Gelbe kippbare Schale, 50ml<\/a><\/span> (Produktcode: <span style=\"color: #0000ff\"><a style=\"color: #0000ff\" href=\"https:\/\/netpet.ch\/de\/produit\/automatisches-traenkesystem-gelbe-kippbare-schale-50ml\/\" target=\"_blank\" rel=\"noopener\"><span style=\"color: #3366ff\">gaes-12110<\/span><\/a><\/span>).<\/p>\n<p>(\u00fcbersetzt mit www.deepL.com)<\/p>\n","protected":false},"excerpt":{"rendered":"<p>Mit dieser verzinkten Halterung l\u00e4sst sich die gelbe automatische Kippschalentr\u00e4nke mit einem Fassungsverm\u00f6gen von 50ml* leicht an einem K\u00e4fig oder einem Gitter befestigen. *Beckentr\u00e4nke nicht enthalten, separat erh\u00e4ltlich : Automatisches Tr\u00e4nkesystem - Gelbe kippbare Schale, 50ml (Produktcode: gaes-12110). (\u00fcbersetzt mit www.deepL.com)<\/p>\n","protected":false},"featured_media":47797,"template":"","meta":{"_acf_changed":false,"wds_primary_product_brand":0,"wds_primary_product_cat":0},"product_brand":[],"product_cat":[433],"product_tag":[],"class_list":{"0":"post-47799","1":"product","2":"type-product","3":"status-publish","4":"has-post-thumbnail","6":"product_cat-tranken","8":"first","9":"instock","10":"taxable","11":"shipping-taxable","12":"purchasable","13":"product-type-simple"},"acf":[],"_links":{"self":[{"href":"https:\/\/netpet.ch\/de\/wp-json\/wp\/v2\/product\/47799","targetHints":{"allow":["GET"]}}],"collection":[{"href":"https:\/\/netpet.ch\/de\/wp-json\/wp\/v2\/product"}],"about":[{"href":"https:\/\/netpet.ch\/de\/wp-json\/wp\/v2\/types\/product"}],"wp:featuredmedia":[{"embeddable":true,"href":"https:\/\/netpet.ch\/de\/wp-json\/wp\/v2\/media\/47797"}],"wp:attachment":[{"href":"https:\/\/netpet.ch\/de\/wp-json\/wp\/v2\/media?parent=47799"}],"wp:term":[{"taxonomy":"product_brand","embeddable":true,"href":"https:\/\/netpet.ch\/de\/wp-json\/wp\/v2\/product_brand?post=47799"},{"taxonomy":"product_cat","embeddable":true,"href":"https:\/\/netpet.ch\/de\/wp-json\/wp\/v2\/product_cat?post=47799"},{"taxonomy":"product_tag","embeddable":true,"href":"https:\/\/netpet.ch\/de\/wp-json\/wp\/v2\/product_tag?post=47799"}],"curies":[{"name":"wp","href":"https:\/\/api.w.org\/{rel}","templated":true}]}}