{"id":48305,"date":"2024-11-15T22:09:18","date_gmt":"2024-11-15T21:09:18","guid":{"rendered":"https:\/\/netpet.ch\/?post_type=product&#038;p=48305"},"modified":"2026-04-12T11:00:13","modified_gmt":"2026-04-12T09:00:13","slug":"brinsea-schierlampe-ovaview","status":"publish","type":"product","link":"https:\/\/netpet.ch\/de\/produit\/brinsea-schierlampe-ovaview\/","title":{"rendered":"Brinsea - Schierlampe OvaView"},"content":{"rendered":"<p>Eine Schierlampe zum Durchleuchten der Bruteier geh\u00f6rt zu jeder Inkubation dazu. Sie erm\u00f6glicht es, unbefruchtete Eier zu erkennen und die Entwicklung der Embryonen zu \u00fcberwachen. Das Entfernen unbefruchteter Eier aus dem Brutapparat ist wichtig, um zu verhindern, dass sie den anderen Eiern schaden.<\/p>\n<p>Die OvaView Durchleuchtlampe ist eine effiziente LED-Lampe, die mit Batterien betrieben wird. Sie ist ideal f\u00fcr die Untersuchung von Eiern mit heller, einfarbiger Schale und hat den Vorteil, dass die Eier beim Spiegeln nicht \u00fcberhitzt werden.<\/p>\n<p>Die OvaView ist sowohl f\u00fcr das Halten in der Hand als auch f\u00fcr das Abstellen auf der Arbeitsfl\u00e4che geeignet.<\/p>\n<p>Zus\u00e4tzlich ist die Schierlampe OvaView von Brinsea durch den antimikrobiellen Biomaster\u2122-Zusatz* gesch\u00fctzt.<\/p>\n<p>3 Jahre Herstellergarantie, vorbehaltlich einer Online-Registrierung beim Kauf auf <span style=\"color: #ffc50b\"><a style=\"color: #ffc50b\" href=\"http:\/\/www.brinsea.co.uk\" target=\"_blank\" rel=\"noopener\">brinsea.co.uk<\/a><\/span>.<\/p>\n<p><em>*nachweislich reduziert der antimikrobielle Biomaster\u2122-Zusatz das Bakterienwachstum um bis zu 99.99% und ist 100% sicher f\u00fcr Eier, K\u00fcken und Menschen<\/em>.<\/p>\n<p>(\u00fcbersetzt mit www.deepL.com)<\/p>\n<p><img loading=\"lazy\" decoding=\"async\" class=\"alignnone size-medium wp-image-48246\" src=\"https:\/\/netpet.ch\/wp-content\/uploads\/2023\/03\/bs-biomaster-2024-300x300.jpg\" alt=\"\" width=\"300\" height=\"300\" srcset=\"https:\/\/netpet.ch\/wp-content\/uploads\/2023\/03\/bs-biomaster-2024-300x300.jpg 300w, https:\/\/netpet.ch\/wp-content\/uploads\/2023\/03\/bs-biomaster-2024-1024x1024.jpg 1024w, https:\/\/netpet.ch\/wp-content\/uploads\/2023\/03\/bs-biomaster-2024-150x150.jpg 150w, https:\/\/netpet.ch\/wp-content\/uploads\/2023\/03\/bs-biomaster-2024-768x768.jpg 768w, https:\/\/netpet.ch\/wp-content\/uploads\/2023\/03\/bs-biomaster-2024-1536x1536.jpg 1536w, https:\/\/netpet.ch\/wp-content\/uploads\/2023\/03\/bs-biomaster-2024-2048x2048.jpg 2048w, https:\/\/netpet.ch\/wp-content\/uploads\/2023\/03\/bs-biomaster-2024-600x600.jpg 600w, https:\/\/netpet.ch\/wp-content\/uploads\/2023\/03\/bs-biomaster-2024-100x100.jpg 100w, https:\/\/netpet.ch\/wp-content\/uploads\/2023\/03\/bs-biomaster-2024.jpg 2362w\" sizes=\"auto, (max-width: 300px) 100vw, 300px\" \/><img loading=\"lazy\" decoding=\"async\" class=\"alignnone size-medium wp-image-48244\" src=\"https:\/\/netpet.ch\/wp-content\/uploads\/2023\/03\/bs-3yearguarantee-2024-300x300.jpg\" alt=\"\" width=\"300\" height=\"300\" srcset=\"https:\/\/netpet.ch\/wp-content\/uploads\/2023\/03\/bs-3yearguarantee-2024-300x300.jpg 300w, https:\/\/netpet.ch\/wp-content\/uploads\/2023\/03\/bs-3yearguarantee-2024-1024x1024.jpg 1024w, https:\/\/netpet.ch\/wp-content\/uploads\/2023\/03\/bs-3yearguarantee-2024-150x150.jpg 150w, https:\/\/netpet.ch\/wp-content\/uploads\/2023\/03\/bs-3yearguarantee-2024-768x768.jpg 768w, https:\/\/netpet.ch\/wp-content\/uploads\/2023\/03\/bs-3yearguarantee-2024-1536x1536.jpg 1536w, https:\/\/netpet.ch\/wp-content\/uploads\/2023\/03\/bs-3yearguarantee-2024-2048x2048.jpg 2048w, https:\/\/netpet.ch\/wp-content\/uploads\/2023\/03\/bs-3yearguarantee-2024-600x600.jpg 600w, https:\/\/netpet.ch\/wp-content\/uploads\/2023\/03\/bs-3yearguarantee-2024-100x100.jpg 100w, https:\/\/netpet.ch\/wp-content\/uploads\/2023\/03\/bs-3yearguarantee-2024.jpg 2362w\" sizes=\"auto, (max-width: 300px) 100vw, 300px\" \/><\/p>\n","protected":false},"excerpt":{"rendered":"<p>&nbsp;<\/p>\n<p><img loading=\"lazy\" decoding=\"async\" class=\"size-medium wp-image-48250 alignleft\" src=\"https:\/\/netpet.ch\/wp-content\/uploads\/2023\/03\/Image16-300x183.png\" alt=\"\" width=\"300\" height=\"183\" srcset=\"https:\/\/netpet.ch\/wp-content\/uploads\/2023\/03\/Image16-300x183.png 300w, https:\/\/netpet.ch\/wp-content\/uploads\/2023\/03\/Image16-1024x625.png 1024w, https:\/\/netpet.ch\/wp-content\/uploads\/2023\/03\/Image16-768x469.png 768w, https:\/\/netpet.ch\/wp-content\/uploads\/2023\/03\/Image16-1536x937.png 1536w, https:\/\/netpet.ch\/wp-content\/uploads\/2023\/03\/Image16-600x366.png 600w, https:\/\/netpet.ch\/wp-content\/uploads\/2023\/03\/Image16.png 1822w\" sizes=\"auto, (max-width: 300px) 100vw, 300px\" \/><\/p>\n","protected":false},"featured_media":48287,"template":"","meta":{"_acf_changed":false,"wds_primary_product_brand":0,"wds_primary_product_cat":0},"product_brand":[],"product_cat":[454],"product_tag":[],"class_list":{"0":"post-48305","1":"product","2":"type-product","3":"status-publish","4":"has-post-thumbnail","6":"product_cat-schierlampe","8":"first","9":"instock","10":"taxable","11":"shipping-taxable","12":"purchasable","13":"product-type-simple"},"acf":[],"_links":{"self":[{"href":"https:\/\/netpet.ch\/de\/wp-json\/wp\/v2\/product\/48305","targetHints":{"allow":["GET"]}}],"collection":[{"href":"https:\/\/netpet.ch\/de\/wp-json\/wp\/v2\/product"}],"about":[{"href":"https:\/\/netpet.ch\/de\/wp-json\/wp\/v2\/types\/product"}],"wp:featuredmedia":[{"embeddable":true,"href":"https:\/\/netpet.ch\/de\/wp-json\/wp\/v2\/media\/48287"}],"wp:attachment":[{"href":"https:\/\/netpet.ch\/de\/wp-json\/wp\/v2\/media?parent=48305"}],"wp:term":[{"taxonomy":"product_brand","embeddable":true,"href":"https:\/\/netpet.ch\/de\/wp-json\/wp\/v2\/product_brand?post=48305"},{"taxonomy":"product_cat","embeddable":true,"href":"https:\/\/netpet.ch\/de\/wp-json\/wp\/v2\/product_cat?post=48305"},{"taxonomy":"product_tag","embeddable":true,"href":"https:\/\/netpet.ch\/de\/wp-json\/wp\/v2\/product_tag?post=48305"}],"curies":[{"name":"wp","href":"https:\/\/api.w.org\/{rel}","templated":true}]}}