{"id":48310,"date":"2024-11-19T19:53:51","date_gmt":"2024-11-19T18:53:51","guid":{"rendered":"https:\/\/netpet.ch\/produit\/aliment-poussins-2-5kg\/"},"modified":"2026-02-22T13:08:20","modified_gmt":"2026-02-22T12:08:20","slug":"aliment-poussins-2-5kg","status":"publish","type":"product","link":"https:\/\/netpet.ch\/de\/produit\/aliment-poussins-2-5kg\/","title":{"rendered":"Premium-Alleinfutter f\u00fcr H\u00fchnerk\u00fcken, 2.5kg"},"content":{"rendered":"<p><strong>Ein Premium-Alleinfutter f\u00fcr H\u00fchnerk\u00fcken ab dem 1. Tag!<\/strong><\/p>\n<p>Die Rezeptur des h\u00fchnergold\u00ae H\u00fchner K\u00fcken Premium von Wachtel-Shop orientiert sich am nat\u00fcrlichen Nahrungsspektrum von H\u00fchnerk\u00fcken und versorgt sie vom ersten Tag an mit Kr\u00e4utern und S\u00e4mereien besonders naturnah und artgerecht. Gleichzeitig deckt das Futter den gesamten N\u00e4hrstoffbedarf mit allen ben\u00f6tigten Vitaminen und Mineralstoffen von H\u00fchnerk\u00fcken ab.<\/p>\n<p>Das H\u00fchner K\u00fcken Premium ist perfekt geeignet, um Eure H\u00fchnerk\u00fcken bereits direkt nach dem Schlupf optimal zu versorgen. Auch die Glucke darf in der Zeit, in der sie die K\u00fcken f\u00fchrt, das K\u00fckenfutter mitpicken. Erst, wenn die Glucke wieder zu legen beginnt, sollte sie wieder H\u00fchnerfutter f\u00fcr adulte H\u00fchner bekommen.<\/p>\n<p><strong>Warum solltet Ihr Euren K\u00fcken das Premium-Alleinfutter von Wachtel-Shop f\u00fcttern?<\/strong><br \/>\nDirekt nach dem Schlupf brauchen K\u00fcken besonders hochwertiges Futter, denn jetzt beginnt die wichtigste Zeit in ihrem noch ganz neuen Leben: das Wachstum. In dieser Zeit wird der Grundstein f\u00fcr ein langes und gl\u00fcckliches H\u00fchnerleben gelegt. Die Knochen wachsen, der Legedarm bildet sich aus, das Gefieder w\u00e4chst und das Immunsystem wird aufgebaut. Eine falsche Ern\u00e4hrung im jungen K\u00fckenleben kann sich auch auf das Wohlbefinden im erwachsenen Leben der H\u00fchner auswirken.<\/p>\n<p><strong>Das Premium-Alleinfutter f\u00fcr H\u00fchnerk\u00fcken aus dem Hause Wachtel-Shop ist:<\/strong><br \/>\n\u2022 eine Zusammensetzung, die perfekt auf H\u00fchnerk\u00fcken abgestimmt ist, um ein optimales Wachstum zu f\u00f6rdern<br \/>\n\u2022 eine Rezeptur mit besten Zutaten, ohne Palm\u00f6l, ohne Gentechnik und ohne k\u00fcnstliche Farbstoffe<br \/>\n\u2022 eine spezielle hochwertige Zubereitung, bei der wertvolle Kr\u00e4uter, S\u00e4mereien und Blaumohn enthalten sind.<\/p>\n<p><strong>Das macht das Premium-Alleinfutter f\u00fcr H\u00fchnerk\u00fcken von Wachtel-Shop so besonders:<\/strong><br \/>\n\u2022 der enthaltene Blaumohn sorgt nicht nur daf\u00fcr, dass Eure K\u00fcken das Futter besser erkennen \u2013 er kann auch dabei helfen, die Verdauung zu regulieren und kann sogar Durchfall vorbeugen! Au\u00dferdem enth\u00e4lt Blaumohn Calcium, Zink, Kalium, Magnesium, Eisen sowie Vitamin E und B1,<br \/>\n\u2022 Oregano ist aus der K\u00fckenaufzucht gar nicht mehr wegzudenken: Oregano wirkt antibakteriell und entz\u00fcndungshemmend und wird aufgrund seiner starken Eigenschaften auch als st\u00e4rkstes nat\u00fcrliches Antibiotikum bezeichnet. Oregano kann au\u00dferdem dabei helfen, die Verdauung zu stabilisieren und den Appetit anregen,<br \/>\n\u2022 Leinsaat ist reich an verdauungsf\u00f6rderlichen Ballaststoffen, essenziellen Omega-3-Fetts\u00e4uren und sekund\u00e4ren Pflanzenstoffen, die unsere Zellen sch\u00fctzen. Au\u00dferdem sind Leinsamen eine Quelle f\u00fcr Calcium, Magnesium und Eisen.<\/p>\n<p>Das Premium-Alleinfutter f\u00fcr H\u00fchnerk\u00fcken sollte ab dem 1. Tag bis zur 8. Lebenswoche gef\u00fcttert werden.<\/p>\n<p><em><img loading=\"lazy\" decoding=\"async\" class=\"lazy\" title=\"Pfeil, backup, down, download, speichern unter, storage, transfer Symbol Kostenlos\" src=\"https:\/\/cdn.icon-icons.com\/icons2\/1946\/PNG\/96\/1904659-arrow-backup-down-download-save-storage-transfer_122509.png\" alt=\"Pfeil, backup, down, download, speichern unter, storage, transfer Symbol\" width=\"13\" height=\"13\" data-original=\"https:\/\/cdn.icon-icons.com\/icons2\/1946\/PNG\/96\/1904659-arrow-backup-down-download-save-storage-transfer_122509.png\" \/><a href=\"https:\/\/netpet.ch\/wp-content\/uploads\/2024\/09\/Composition_Zusammensetzung_wsde-hs-859.pdf\" target=\"_blank\" rel=\"noopener\"><span style=\"color: #0000ff\"> Zusammensetzung<\/span><\/a><\/em><\/p>\n","protected":false},"excerpt":{"rendered":"<p style=\"text-align: left\"><em><strong><span style=\"color: #f05957\">NEU IM SORTIMENT von netpet.ch\u00a0 \u00a0<\/span><\/strong><\/em><strong>|\u00a0 \u00a0<span style=\"color: #339966\">EINF\u00dcHRUNGSPREIS<\/span><\/strong><\/p>\n","protected":false},"featured_media":48011,"template":"","meta":{"_acf_changed":false,"wds_primary_product_brand":0,"wds_primary_product_cat":0},"product_brand":[],"product_cat":[435],"product_tag":[444],"class_list":{"0":"post-48310","1":"product","2":"type-product","3":"status-publish","4":"has-post-thumbnail","6":"product_cat-wohlbefinden-und-futter","7":"product_tag-promo-de","9":"first","10":"instock","11":"sale","12":"featured","13":"taxable","14":"shipping-taxable","15":"purchasable","16":"product-type-simple"},"acf":[],"_links":{"self":[{"href":"https:\/\/netpet.ch\/de\/wp-json\/wp\/v2\/product\/48310","targetHints":{"allow":["GET"]}}],"collection":[{"href":"https:\/\/netpet.ch\/de\/wp-json\/wp\/v2\/product"}],"about":[{"href":"https:\/\/netpet.ch\/de\/wp-json\/wp\/v2\/types\/product"}],"wp:featuredmedia":[{"embeddable":true,"href":"https:\/\/netpet.ch\/de\/wp-json\/wp\/v2\/media\/48011"}],"wp:attachment":[{"href":"https:\/\/netpet.ch\/de\/wp-json\/wp\/v2\/media?parent=48310"}],"wp:term":[{"taxonomy":"product_brand","embeddable":true,"href":"https:\/\/netpet.ch\/de\/wp-json\/wp\/v2\/product_brand?post=48310"},{"taxonomy":"product_cat","embeddable":true,"href":"https:\/\/netpet.ch\/de\/wp-json\/wp\/v2\/product_cat?post=48310"},{"taxonomy":"product_tag","embeddable":true,"href":"https:\/\/netpet.ch\/de\/wp-json\/wp\/v2\/product_tag?post=48310"}],"curies":[{"name":"wp","href":"https:\/\/api.w.org\/{rel}","templated":true}]}}