{"id":48369,"date":"2024-11-12T19:00:59","date_gmt":"2024-11-12T18:00:59","guid":{"rendered":"https:\/\/netpet.ch\/?post_type=product&#038;p=48369"},"modified":"2026-02-22T11:41:26","modified_gmt":"2026-02-22T10:41:26","slug":"premium-alleinfutter-fur-huhnerkuken-2-5kg-copie","status":"publish","type":"product","link":"https:\/\/netpet.ch\/de\/produit\/premium-alleinfutter-fur-huhnerkuken-2-5kg-copie\/","title":{"rendered":"PowerPick Snack, 800g"},"content":{"rendered":"<p><span style=\"color: #f05957\"><strong>PowerPick - ein einzigartiger und schmackhafter Snack mit Kr\u00e4utern, Beeren und Bl\u00fcten!<\/strong><\/span><\/p>\n<p>Der PowerPick aus dem Hause Wachtel-Shop vereint leckere Zutaten: bunte Hirsesorten und S\u00e4mereien, Petersilie und Karotten, Vogelbeeren und Wachholderbeeren, Kornblumen- und Lavendelbl\u00fcten, Hermetia-Larven und Gammarus \u2013 und vieles mehr.<\/p>\n<p>Er darf gerne 3 bis 5 Mal pro Woche als Snack gef\u00fcttert werden. Ob als Scharrfutter, als Snack aus der Hand oder \u00fcber das Hauptfutter gestreut - Eure Wachteln und H\u00fchner werden ihn immer lieben!<\/p>\n<p>Und da der PowerPick-Snack nicht nur etwas f\u00fcr ganz besondere Feinschmecker-Schn\u00e4belchen ist sondern einfach ein Snack, der gut tut und voller Power steckt, kann er auch geschw\u00e4chten Tieren wieder auf die Beine helfen.<\/p>\n<p><em><img loading=\"lazy\" decoding=\"async\" class=\"lazy\" title=\"Pfeil, backup, down, download, speichern unter, storage, transfer Symbol Kostenlos\" src=\"https:\/\/cdn.icon-icons.com\/icons2\/1946\/PNG\/96\/1904659-arrow-backup-down-download-save-storage-transfer_122509.png\" alt=\"Pfeil, backup, down, download, speichern unter, storage, transfer Symbol\" width=\"13\" height=\"13\" data-original=\"https:\/\/cdn.icon-icons.com\/icons2\/1946\/PNG\/96\/1904659-arrow-backup-down-download-save-storage-transfer_122509.png\" \/><a href=\"https:\/\/netpet.ch\/wp-content\/uploads\/2024\/11\/Composition_Zusammensetzung_wsde-3107-0.pdf\" target=\"_blank\" rel=\"noopener\"><span style=\"color: #0000ff\"> Zusammensetzung<\/span><\/a><\/em><\/p>\n","protected":false},"excerpt":{"rendered":"<p style=\"text-align: left\"><em><strong><span style=\"color: #f05957\">NEU IM SORTIMENT von netpet.ch<\/span><\/strong><\/em><\/p>\n","protected":false},"featured_media":48371,"template":"","meta":{"_acf_changed":false,"wds_primary_product_brand":0,"wds_primary_product_cat":0},"product_brand":[],"product_cat":[435],"product_tag":[],"class_list":{"0":"post-48369","1":"product","2":"type-product","3":"status-publish","4":"has-post-thumbnail","6":"product_cat-wohlbefinden-und-futter","8":"first","9":"instock","10":"taxable","11":"shipping-taxable","12":"purchasable","13":"product-type-simple"},"acf":[],"_links":{"self":[{"href":"https:\/\/netpet.ch\/de\/wp-json\/wp\/v2\/product\/48369","targetHints":{"allow":["GET"]}}],"collection":[{"href":"https:\/\/netpet.ch\/de\/wp-json\/wp\/v2\/product"}],"about":[{"href":"https:\/\/netpet.ch\/de\/wp-json\/wp\/v2\/types\/product"}],"wp:featuredmedia":[{"embeddable":true,"href":"https:\/\/netpet.ch\/de\/wp-json\/wp\/v2\/media\/48371"}],"wp:attachment":[{"href":"https:\/\/netpet.ch\/de\/wp-json\/wp\/v2\/media?parent=48369"}],"wp:term":[{"taxonomy":"product_brand","embeddable":true,"href":"https:\/\/netpet.ch\/de\/wp-json\/wp\/v2\/product_brand?post=48369"},{"taxonomy":"product_cat","embeddable":true,"href":"https:\/\/netpet.ch\/de\/wp-json\/wp\/v2\/product_cat?post=48369"},{"taxonomy":"product_tag","embeddable":true,"href":"https:\/\/netpet.ch\/de\/wp-json\/wp\/v2\/product_tag?post=48369"}],"curies":[{"name":"wp","href":"https:\/\/api.w.org\/{rel}","templated":true}]}}