{"id":48402,"date":"2024-12-01T18:22:11","date_gmt":"2024-12-01T17:22:11","guid":{"rendered":"https:\/\/netpet.ch\/?post_type=product&#038;p=48402"},"modified":"2026-02-25T20:47:37","modified_gmt":"2026-02-25T19:47:37","slug":"wachtel-shop-spezial-original-alleinfutter-fuer-wachteln-10kg","status":"publish","type":"product","link":"https:\/\/netpet.ch\/de\/produit\/wachtel-shop-spezial-original-alleinfutter-fuer-wachteln-10kg\/","title":{"rendered":"Wachtel-Shop Spezial Original Alleinfutter f\u00fcr Wachteln, 10kg"},"content":{"rendered":"<p><span style=\"color: #f05957\"><strong>Das perfekte Futter, um Wachteln naturnah und artgerecht zu ern\u00e4hren!<\/strong><\/span><\/p>\n<p>F\u00fcr die Spezial Original Rezeptur des wachtelgold\u00ae Alleinfutters f\u00fcr Wachteln hat sich das Haus Wachtel-Shop von dem inspirieren lassen, was diese V\u00f6gel in der Natur am liebsten fressen. Das Ergebnis ist eine hochwertige Mischung aus regionalen Futtersorten, die der nat\u00fcrlichen Ern\u00e4hrung der Wachteln sehr nahe kommt und perfekt auf die Art abgestimmt ist.<\/p>\n<p>Die Grundlage dieses hochwertigen Futters bilden speziell mineralisierte Pellets, die alles enthalten, was das Wachtelherz begehrt. Sie ist mit kostbaren Bl\u00fcten und n\u00fctzlichen Kr\u00e4utern, leckerem tierischem Protein und schmackhaften Hirsesorten, Pfefferminze, Brennnesseln und 22 Wildkr\u00e4utersamen angereichert. Muschelkalk, Rotstein und Pflanzenkohle f\u00f6rdern die Verdauung, w\u00e4hrend Karottenraspel und wertvoller Blaumohn diese exklusive Mischung abrunden. Neben den bew\u00e4hrten Zutaten enth\u00e4lt das Wachtel-Shop-Alleinfutter f\u00fcr Wachteln noch echte Superfoods wie Leinsamen, Bierhefe und Oregano.<\/p>\n<p><span style=\"color: #f05957\"><strong>Warum solltet Ihr Euren Wachteln das Original wachtelgold\u00ae Alleinfuttermittel aus dem Hause Wachtel-Shop f\u00fcttern?<\/strong><\/span><br \/>\nMit diesem Rezept, dessen s\u00e4mtliche Zutaten wichtige N\u00e4hrstoffe enthalten, bietet Ihr Euren Wachteln eine ganzheitliche, nat\u00fcrliche und gesunde Ern\u00e4hrung, die ideal f\u00fcr ihr Wachstum, eine ausgewogene Darmflora und die Erhaltung ihrer Vitalit\u00e4t ist, was wiederum ihre Legeleistung f\u00f6rdert.<\/p>\n<p><span style=\"color: #f05957\"><strong>Das Wachtel-Shop Spezial Original Alleinfutter f\u00fcr Wachteln ist :<\/strong><\/span><br \/>\n\u2022 eine speziell auf Wachteln abgestimmte Zusammensetzung, die von der Natur inspiriert ist<br \/>\n\u2022 eine Gesamtnahrung, die den Bedarf an Vitaminen und Mineralstoffen optimal deckt<br \/>\n\u2022 eine Rezeptur, die wertvolle Kr\u00e4uter und Bl\u00fcten, echte Superfoods wie Leinsamen und Bierhefe enth\u00e4lt, ohne Palm\u00f6l, ohne GVO und ohne k\u00fcnstliche Farbstoffe<br \/>\n\u2022 ein Produkt, das eine nat\u00fcrliche und gesunde Legeleistung f\u00f6rdert<br \/>\n\u2022 das Ergebnis der Professionalit\u00e4t von Wachtel-Shop<br \/>\n\u2022 eine Herstellung in Deutschland, in Baden-W\u00fcrttemberg.<\/p>\n<p><span style=\"color: #f05957\"><strong>Das macht die Spezial Original Rezeptur des wachtelgold\u00ae Alleinfutters f\u00fcr Wachteln so besonders:<\/strong><\/span><br \/>\n\u2022 <strong>Leinsaat<\/strong>, die reich an verdauungsf\u00f6rderlichen Ballaststoffen, essenziellen Omega-3-Fetts\u00e4uren und zellsch\u00fctzenden sekund\u00e4ren Pflanzenstoffen ist; sie enth\u00e4lt die Vitamine B1 und B2, Vitamin C und Vitamin E, sowie Beta-Carotin und ist reich an den wichtigen Mineralstoffen wie Kalium, Zink, Eisen, Phosphor, Magnesium und Calcium; durch dieses breite Mineralstoffspektrum unterst\u00fctzt Leinsaat auch das Immunsystem<br \/>\n\u2022 <strong>Bierhefe<\/strong> z\u00e4hlt zu den Naturprodukten mit dem h\u00f6chsten Gehalt an Vitamin B1; neben den Vitaminen A, D, E und K ist Bierhefe reich an hochwertigem Eiwei\u00df mit wichtigen essenziellen Aminos\u00e4uren, vor allem an schwefelhaltigem Methionin und Cystein; Lysin, eine Aminos\u00e4ure, die in pflanzlichen Lebensmitteln kaum vorliegt und dadurch die Eiwei\u00dfverwertung einschr\u00e4nkt, ist in Bierhefe reichlich vorhanden<br \/>\n\u2022 <strong>Blaumohn<\/strong> ist mittlerweile aus der Wachtelf\u00fctterung nicht mehr weg zu denken; er f\u00f6rdert die Verdauung und hilft, Durchfall zu regulieren; au\u00dferdem enth\u00e4lt Blaumohn Calcium, Zink, Kalium, Magnesium, Eisen sowie Vitamin E und B1<br \/>\n\u2022 <strong>Oregano<\/strong>, <strong>Rosmarin<\/strong> und <strong>weitere Kr\u00e4uter<\/strong>, die f\u00fcr die Verdauung und das Immunsystem f\u00f6rderlich sind<br \/>\n\u2022 <strong>Hirse<\/strong> und <strong>Wildkr\u00e4utersamen<\/strong> enthalten viel Eiwei\u00df, Eisen, die Vitamine B1, B3, B5, B6, Fluor, Zink und Magnesium; au\u00dferdem enth\u00e4lt gelbe Hirse besonders viel Beta-Carotin und rote und braune Hirse mehr Antioxidantien; Hirse kann das Immunsystem st\u00e4rken und dadurch helfen, Entz\u00fcndungen zu hemmen.<\/p>\n<p><em><img loading=\"lazy\" decoding=\"async\" class=\"lazy\" title=\"Pfeil, backup, down, download, speichern unter, storage, transfer Symbol Kostenlos\" src=\"https:\/\/cdn.icon-icons.com\/icons2\/1946\/PNG\/96\/1904659-arrow-backup-down-download-save-storage-transfer_122509.png\" alt=\"Pfeil, backup, down, download, speichern unter, storage, transfer Symbol\" width=\"13\" height=\"13\" data-original=\"https:\/\/cdn.icon-icons.com\/icons2\/1946\/PNG\/96\/1904659-arrow-backup-down-download-save-storage-transfer_122509.png\" \/><a href=\"https:\/\/netpet.ch\/wp-content\/uploads\/2024\/11\/Composition_Zusammensetzung_wsde-3043-2.pdf\" target=\"_blank\" rel=\"noopener\"><span style=\"color: #0000ff\"> Zusammensetzung<\/span><\/a><\/em><\/p>\n<p>&nbsp;<\/p>\n","protected":false},"excerpt":{"rendered":"<p style=\"text-align: left\"><em><strong><span style=\"color: #f05957\">NEU IM SORTIMENT von netpet.ch<\/span><\/strong><\/em><\/p>\n","protected":false},"featured_media":48320,"template":"","meta":{"_acf_changed":false,"wds_primary_product_brand":0,"wds_primary_product_cat":0},"product_brand":[],"product_cat":[435],"product_tag":[],"class_list":{"0":"post-48402","1":"product","2":"type-product","3":"status-publish","4":"has-post-thumbnail","6":"product_cat-wohlbefinden-und-futter","8":"first","9":"instock","10":"featured","11":"taxable","12":"shipping-taxable","13":"purchasable","14":"product-type-variable"},"acf":[],"_links":{"self":[{"href":"https:\/\/netpet.ch\/de\/wp-json\/wp\/v2\/product\/48402","targetHints":{"allow":["GET"]}}],"collection":[{"href":"https:\/\/netpet.ch\/de\/wp-json\/wp\/v2\/product"}],"about":[{"href":"https:\/\/netpet.ch\/de\/wp-json\/wp\/v2\/types\/product"}],"wp:featuredmedia":[{"embeddable":true,"href":"https:\/\/netpet.ch\/de\/wp-json\/wp\/v2\/media\/48320"}],"wp:attachment":[{"href":"https:\/\/netpet.ch\/de\/wp-json\/wp\/v2\/media?parent=48402"}],"wp:term":[{"taxonomy":"product_brand","embeddable":true,"href":"https:\/\/netpet.ch\/de\/wp-json\/wp\/v2\/product_brand?post=48402"},{"taxonomy":"product_cat","embeddable":true,"href":"https:\/\/netpet.ch\/de\/wp-json\/wp\/v2\/product_cat?post=48402"},{"taxonomy":"product_tag","embeddable":true,"href":"https:\/\/netpet.ch\/de\/wp-json\/wp\/v2\/product_tag?post=48402"}],"curies":[{"name":"wp","href":"https:\/\/api.w.org\/{rel}","templated":true}]}}