{"id":48404,"date":"2024-11-05T20:29:26","date_gmt":"2024-11-05T19:29:26","guid":{"rendered":"https:\/\/netpet.ch\/?post_type=product&#038;p=48404"},"modified":"2026-03-11T06:57:00","modified_gmt":"2026-03-11T05:57:00","slug":"premium-alleinfutter-fuer-zwerghuehner-10kg","status":"publish","type":"product","link":"https:\/\/netpet.ch\/de\/produit\/premium-alleinfutter-fuer-zwerghuehner-10kg\/","title":{"rendered":"Premium-Alleinfutter f\u00fcr Zwergh\u00fchner, 10kg"},"content":{"rendered":"<p><span style=\"color: #f05957\"><strong>Ein Futter, das f\u00fcr Zwergh\u00fchner entwickelt wurde und perfekt auf ihre Gr\u00f6\u00dfe ausgelegt ist!<\/strong><\/span><\/p>\n<p>Zwergh\u00fchner werden h\u00e4ufig mit normalem H\u00fchnerfutter abgespeist. Nicht so bei Wachtel-Shop, der ein spezielles Premium-Alleinfutter f\u00fcr das Wohlbefinden Eurer kleinen Lieblinge entwickelt hat. Denn auch Zwergh\u00fchner haben ein Recht darauf, so nat\u00fcrlich und artgerecht wie m\u00f6glich zu leben.<\/p>\n<p>Die chickengold\u00ae Zwergh\u00fchner-Rezeptur orientiert sich am nat\u00fcrlichen Fressverhalten der Tiere und enth\u00e4lt Wildkr\u00e4uter, S\u00e4mereien und eine abwechslungsreiche Bl\u00fctenmischung; all dies wird mit perfekt mineralisierten Pellets kombiniert, so dass Eure Zwergh\u00fchner jederzeit optimal versorgt sind.<\/p>\n<p><span style=\"color: #f05957\"><strong>Das macht das Premium-Alleinfutter f\u00fcr Zwergh\u00fchner von Wachtel-Shop so besonders:<\/strong><\/span><br \/>\n\u2022 es werden nur hochwertige Zutaten verwendet, ohne GVO, ohne k\u00fcnstliche Zusatzstoffe und ohne Palm\u00f6l<br \/>\n\u2022 seine Wildkr\u00e4uter, S\u00e4mereien, Bl\u00fcten und Schwarzk\u00fcmmel<br \/>\n\u2022 die Ber\u00fccksichtigung des nat\u00fcrlichen Fressverhaltens der Tiere<br \/>\n\u2022 die optimale Abdeckung des Vitamin- und Mineralstoffbedarfs von Zwergh\u00fchnern<br \/>\n\u2022 seine an die Gr\u00f6\u00dfe von Zwergh\u00fchnern angepasste Struktur.<\/p>\n<p><span style=\"color: #f05957\"><strong>Was Zwergh\u00fchner noch brauchen. Oder gerne fressen:<\/strong><\/span><br \/>\nNeben dem richtigen Futter ist es wichtig, dass Zwergh\u00fchner jederzeit Zugang zu <a href=\"https:\/\/netpet.ch\/de\/produit\/mineralgrit-1-5kg\/\" target=\"_blank\" rel=\"noopener\"><span style=\"color: #0000ff\">Mineralgrit<\/span><\/a> haben. Die feinen Steinchen helfen den Tieren, das Futter zu verdauen. Zus\u00e4tzlich zum Mineralgrit sollte den Zwergh\u00fchnern jederzeit ein <a href=\"https:\/\/netpet.ch\/de\/produit\/gritstein-1kg\/\" target=\"_blank\" rel=\"noopener\"><span style=\"color: #0000ff\">Gritstein<\/span><\/a> zur Verf\u00fcgung stehen; der Gritstein hat den zus\u00e4tzlichen Vorteil, dass die Zwergh\u00fchner besch\u00e4ftigt werden und ihren Schnabel nat\u00fcrlich abwetzen k\u00f6nnen.<\/p>\n<p>Und wenn Ihr Euren Zwergh\u00fchnern eine Freude machen wollt, dann bietet ihnen doch den leckeren <a href=\"https:\/\/netpet.ch\/de\/produit\/snack-seamix-200g\/\" target=\"_blank\" rel=\"noopener\"><span style=\"color: #0000ff\">Seamix<\/span><\/a>, an, einen proteinreichen Snack aus schmackhaften Gammarus und Garnelen, der Vitamine, Mineralien und Ballaststoffe enth\u00e4lt!<\/p>\n<p><em><img loading=\"lazy\" decoding=\"async\" class=\"lazy\" title=\"Pfeil, backup, down, download, speichern unter, storage, transfer Symbol Kostenlos\" src=\"https:\/\/cdn.icon-icons.com\/icons2\/1946\/PNG\/96\/1904659-arrow-backup-down-download-save-storage-transfer_122509.png\" alt=\"Pfeil, backup, down, download, speichern unter, storage, transfer Symbol\" width=\"13\" height=\"13\" data-original=\"https:\/\/cdn.icon-icons.com\/icons2\/1946\/PNG\/96\/1904659-arrow-backup-down-download-save-storage-transfer_122509.png\" \/><a href=\"https:\/\/netpet.ch\/wp-content\/uploads\/2024\/11\/Composition_Zusammensetzung_wsde-hs-851-1.pdf\" target=\"_blank\" rel=\"noopener\"><span style=\"color: #0000ff\"> Zusammensetzung<\/span><\/a><\/em><\/p>\n","protected":false},"excerpt":{"rendered":"<p style=\"text-align: left\"><em><strong><span style=\"color: #f05957\">NEU IM SORTIMENT von netpet.ch<\/span><\/strong><\/em><\/p>\n","protected":false},"featured_media":48341,"template":"","meta":{"_acf_changed":false,"wds_primary_product_brand":0,"wds_primary_product_cat":0},"product_brand":[],"product_cat":[435],"product_tag":[],"class_list":{"0":"post-48404","1":"product","2":"type-product","3":"status-publish","4":"has-post-thumbnail","6":"product_cat-wohlbefinden-und-futter","8":"first","9":"instock","10":"featured","11":"taxable","12":"shipping-taxable","13":"purchasable","14":"product-type-variable"},"acf":[],"_links":{"self":[{"href":"https:\/\/netpet.ch\/de\/wp-json\/wp\/v2\/product\/48404","targetHints":{"allow":["GET"]}}],"collection":[{"href":"https:\/\/netpet.ch\/de\/wp-json\/wp\/v2\/product"}],"about":[{"href":"https:\/\/netpet.ch\/de\/wp-json\/wp\/v2\/types\/product"}],"wp:featuredmedia":[{"embeddable":true,"href":"https:\/\/netpet.ch\/de\/wp-json\/wp\/v2\/media\/48341"}],"wp:attachment":[{"href":"https:\/\/netpet.ch\/de\/wp-json\/wp\/v2\/media?parent=48404"}],"wp:term":[{"taxonomy":"product_brand","embeddable":true,"href":"https:\/\/netpet.ch\/de\/wp-json\/wp\/v2\/product_brand?post=48404"},{"taxonomy":"product_cat","embeddable":true,"href":"https:\/\/netpet.ch\/de\/wp-json\/wp\/v2\/product_cat?post=48404"},{"taxonomy":"product_tag","embeddable":true,"href":"https:\/\/netpet.ch\/de\/wp-json\/wp\/v2\/product_tag?post=48404"}],"curies":[{"name":"wp","href":"https:\/\/api.w.org\/{rel}","templated":true}]}}