{"id":48655,"date":"2024-11-21T18:40:23","date_gmt":"2024-11-21T17:40:23","guid":{"rendered":"https:\/\/netpet.ch\/?post_type=product&#038;p=48655"},"modified":"2026-03-19T18:19:56","modified_gmt":"2026-03-19T17:19:56","slug":"wachteleierschachteln-aus-karton-fuer-12-eier-lavender-10-stueck","status":"publish","type":"product","link":"https:\/\/netpet.ch\/de\/produit\/wachteleierschachteln-aus-karton-fuer-12-eier-lavender-10-stueck\/","title":{"rendered":"Wachteleierschachteln aus Karton f\u00fcr 12 Eier - Lavender (10 St\u00fcck)"},"content":{"rendered":"<p>Set von\u00a0<strong>10 Schachteln<\/strong>\u00a0aus recycelbarem Faserguss\u00a0<strong>f\u00fcr 12 Wachteleier<\/strong>.<\/p>\n<p>Die zarte Lavendelfarbe dieser Schachteln hebt sie von herk\u00f6mmlichen Eierverpackungen ab und macht sie zum echten Hingucker!<\/p>\n<p>Die Quailzz\u00ae Wachteleierschachteln aus dem Hause Wachtel-Shop sind hochwertig verarbeitet und verf\u00fcgen \u00fcber einen gut haltenden Verschluss. Sie sind nicht nur stabil, sondern auch originell und eignen sich f\u00fcr die sichere Aufbewahrung oder den Verkauf Eurer Wachteleier.<\/p>\n<p><strong>Tipp:<\/strong> Diese farbenfrohen Schachteln, deren flacher Deckel sich leicht mit einem Etikett oder einer anderen Verzierung Eurer Wahl dekorieren l\u00e4sst, eignen sich auch hervorragend als Geschenk, wenn Ihr kleine Eier aus...Schokolade oder leckere S\u00fcssigkeiten darin verpacken!<\/p>\n<p>Abmessungen: ca. 13x10x4cm (LxBxH).<\/p>\n<p><span style=\"color: #999999\">Hinweis: Die Schachteln werden ohne Eier verkauft; die auf den Bildern sichtbaren Eier dienen nur der Illustration.<\/span><\/p>\n<p>(\u00fcbersetzt mit www.deepL.com)<\/p>\n","protected":false},"excerpt":{"rendered":"<p style=\"text-align: left\"><em><strong><span style=\"color: #f05957\">NEU IM SORTIMENT von netpet.ch<\/span><\/strong><\/em><\/p>\n","protected":false},"featured_media":48427,"template":"","meta":{"_acf_changed":false,"wds_primary_product_brand":0,"wds_primary_product_cat":0},"product_brand":[],"product_cat":[436],"product_tag":[],"class_list":{"0":"post-48655","1":"product","2":"type-product","3":"status-publish","4":"has-post-thumbnail","6":"product_cat-eierschachteln-und-horden","8":"first","9":"instock","10":"taxable","11":"shipping-taxable","12":"purchasable","13":"product-type-simple"},"acf":[],"_links":{"self":[{"href":"https:\/\/netpet.ch\/de\/wp-json\/wp\/v2\/product\/48655","targetHints":{"allow":["GET"]}}],"collection":[{"href":"https:\/\/netpet.ch\/de\/wp-json\/wp\/v2\/product"}],"about":[{"href":"https:\/\/netpet.ch\/de\/wp-json\/wp\/v2\/types\/product"}],"wp:featuredmedia":[{"embeddable":true,"href":"https:\/\/netpet.ch\/de\/wp-json\/wp\/v2\/media\/48427"}],"wp:attachment":[{"href":"https:\/\/netpet.ch\/de\/wp-json\/wp\/v2\/media?parent=48655"}],"wp:term":[{"taxonomy":"product_brand","embeddable":true,"href":"https:\/\/netpet.ch\/de\/wp-json\/wp\/v2\/product_brand?post=48655"},{"taxonomy":"product_cat","embeddable":true,"href":"https:\/\/netpet.ch\/de\/wp-json\/wp\/v2\/product_cat?post=48655"},{"taxonomy":"product_tag","embeddable":true,"href":"https:\/\/netpet.ch\/de\/wp-json\/wp\/v2\/product_tag?post=48655"}],"curies":[{"name":"wp","href":"https:\/\/api.w.org\/{rel}","templated":true}]}}