{"id":48684,"date":"2025-03-30T15:10:55","date_gmt":"2025-03-30T13:10:55","guid":{"rendered":"https:\/\/netpet.ch\/?post_type=product&#038;p=48684"},"modified":"2025-03-30T15:10:21","modified_gmt":"2025-03-30T13:10:21","slug":"eierschachteln-aus-karton-fuer-6-eier-gelb-10-stueck","status":"publish","type":"product","link":"https:\/\/netpet.ch\/de\/produit\/eierschachteln-aus-karton-fuer-6-eier-gelb-10-stueck\/","title":{"rendered":"Eierschachteln aus Karton f\u00fcr 6 Eier - Gelb (10 St\u00fcck)"},"content":{"rendered":"<p>Set von 10 Schachteln aus geformter Zellulose in einem sch\u00f6nen Gelb f\u00fcr 6 H\u00fchnereier.<\/p>\n<p>Die Schachteln werden aus hochwertigen Materialien in Deutschland hergestellt und sind zu 100% recycelbar oder kompostierbar.<\/p>\n<p>Abmessungen: ca. 15x11x7.2cm (LxBxH).<\/p>\n<p><span style=\"color: #999999\">Hinweis: Die Schachteln werden ohne Eier verkauft; die auf den Bildern sichtbaren Eier dienen nur der Illustration.<\/span><\/p>\n<p>(\u00fcbersetzt mit www.deepL.com)<\/p>\n","protected":false},"excerpt":{"rendered":"<p>Set von 10 Schachteln aus geformter Zellulose in einem sch\u00f6nen Gelb f\u00fcr 6 H\u00fchnereier. Die Schachteln werden aus hochwertigen Materialien in Deutschland hergestellt und sind zu 100% recycelbar oder kompostierbar. Abmessungen: ca. 15x11x7.2cm (LxBxH). Hinweis: Die Schachteln werden ohne Eier verkauft; die auf den Bildern sichtbaren Eier dienen nur der Illustration. (\u00fcbersetzt mit www.deepL.com)<\/p>\n","protected":false},"featured_media":48677,"template":"","meta":{"_acf_changed":false,"wds_primary_product_brand":0,"wds_primary_product_cat":0},"product_brand":[],"product_cat":[436],"product_tag":[],"class_list":{"0":"post-48684","1":"product","2":"type-product","3":"status-publish","4":"has-post-thumbnail","6":"product_cat-eierschachteln-und-horden","8":"first","9":"instock","10":"taxable","11":"shipping-taxable","12":"purchasable","13":"product-type-simple"},"acf":[],"_links":{"self":[{"href":"https:\/\/netpet.ch\/de\/wp-json\/wp\/v2\/product\/48684","targetHints":{"allow":["GET"]}}],"collection":[{"href":"https:\/\/netpet.ch\/de\/wp-json\/wp\/v2\/product"}],"about":[{"href":"https:\/\/netpet.ch\/de\/wp-json\/wp\/v2\/types\/product"}],"wp:featuredmedia":[{"embeddable":true,"href":"https:\/\/netpet.ch\/de\/wp-json\/wp\/v2\/media\/48677"}],"wp:attachment":[{"href":"https:\/\/netpet.ch\/de\/wp-json\/wp\/v2\/media?parent=48684"}],"wp:term":[{"taxonomy":"product_brand","embeddable":true,"href":"https:\/\/netpet.ch\/de\/wp-json\/wp\/v2\/product_brand?post=48684"},{"taxonomy":"product_cat","embeddable":true,"href":"https:\/\/netpet.ch\/de\/wp-json\/wp\/v2\/product_cat?post=48684"},{"taxonomy":"product_tag","embeddable":true,"href":"https:\/\/netpet.ch\/de\/wp-json\/wp\/v2\/product_tag?post=48684"}],"curies":[{"name":"wp","href":"https:\/\/api.w.org\/{rel}","templated":true}]}}