{"id":48712,"date":"2024-12-29T17:59:52","date_gmt":"2024-12-29T16:59:52","guid":{"rendered":"https:\/\/netpet.ch\/produit\/snack-seamix-200g\/"},"modified":"2026-02-22T23:06:58","modified_gmt":"2026-02-22T22:06:58","slug":"snack-seamix-200g","status":"publish","type":"product","link":"https:\/\/netpet.ch\/de\/produit\/snack-seamix-200g\/","title":{"rendered":"Seamix Snack, 200g"},"content":{"rendered":"<p><span style=\"color: #f05957\"><strong>Seamix - der proteinreiche und bek\u00f6mmliche Snack aus Gammarus und Shrimps<\/strong><\/span><\/p>\n<p>Wachteln und H\u00fchner lieben tierisches Protein! Mit dem Seamix aus dem Hause Wachtel-Shop k\u00f6nnt Ihr ihnen eine Alternative zu Mehlw\u00fcrmchen bieten.<\/p>\n<p>Der Snack besteht aus getrockneten Gammarus und Shrimps und bringt das Meeresrauschen direkt in den H\u00fchner- und Wachtelstall. Er ist reich an nat\u00fcrlichen Proteinen, Mineralien, Ballaststoffen und Vitaminen - in einem schonenden Verfahren werden die Gammarus gefriergetrocknet; mit dieser Art der Trocknung bleiben wertvolle Vitamine erhalten.<\/p>\n<p>Ein toller Nebeneffekt ist auch, dass durch den hohen Karotinanteil in den Gammarus der Eidotter auf nat\u00fcrliche Weise eine kr\u00e4ftigere, satte Farbe bekommt.<\/p>\n<p><em>Die F\u00fctterungsempfehlung:<\/em><br \/>\nDer Seamix kann Euren Tieren 3 bis 4 Mal pro Woche angeboten werden.<\/p>\n<p>Der federgold\u00ae Seamix-Snack ist in praktischen, wiederverschlie\u00dfbaren Beuteln von hoher Qualit\u00e4t verpackt, die sein Aroma bewahren und ihn vor Ungeziefer sch\u00fctzen. Dadurch wird die Haltbarkeit des Produkts verbessert.<\/p>\n<p><span style=\"color: #999999\"><em><span style=\"font-size: x-small\">Zusammensetzung: Gammarus (getrocknet), Shrimps (getrocknet) \/ Analytische Bestandteile: Rohprotein 54,4%; Rohfett 7,90%; Rohasche 12,7%; Feuchtigkeit: 10,5%<\/span><\/em><\/span><\/p>\n","protected":false},"excerpt":{"rendered":"<p style=\"text-align: left\"><em><strong><span style=\"color: #f05957\">NEU IM SORTIMENT von netpet.ch<\/span><\/strong><\/em><\/p>\n","protected":false},"featured_media":48434,"template":"","meta":{"_acf_changed":false,"wds_primary_product_brand":0,"wds_primary_product_cat":0},"product_brand":[],"product_cat":[435],"product_tag":[],"class_list":{"0":"post-48712","1":"product","2":"type-product","3":"status-publish","4":"has-post-thumbnail","6":"product_cat-wohlbefinden-und-futter","8":"first","9":"instock","10":"taxable","11":"shipping-taxable","12":"purchasable","13":"product-type-simple"},"acf":[],"_links":{"self":[{"href":"https:\/\/netpet.ch\/de\/wp-json\/wp\/v2\/product\/48712","targetHints":{"allow":["GET"]}}],"collection":[{"href":"https:\/\/netpet.ch\/de\/wp-json\/wp\/v2\/product"}],"about":[{"href":"https:\/\/netpet.ch\/de\/wp-json\/wp\/v2\/types\/product"}],"wp:featuredmedia":[{"embeddable":true,"href":"https:\/\/netpet.ch\/de\/wp-json\/wp\/v2\/media\/48434"}],"wp:attachment":[{"href":"https:\/\/netpet.ch\/de\/wp-json\/wp\/v2\/media?parent=48712"}],"wp:term":[{"taxonomy":"product_brand","embeddable":true,"href":"https:\/\/netpet.ch\/de\/wp-json\/wp\/v2\/product_brand?post=48712"},{"taxonomy":"product_cat","embeddable":true,"href":"https:\/\/netpet.ch\/de\/wp-json\/wp\/v2\/product_cat?post=48712"},{"taxonomy":"product_tag","embeddable":true,"href":"https:\/\/netpet.ch\/de\/wp-json\/wp\/v2\/product_tag?post=48712"}],"curies":[{"name":"wp","href":"https:\/\/api.w.org\/{rel}","templated":true}]}}