{"id":48728,"date":"2025-04-08T23:03:12","date_gmt":"2025-04-08T21:03:12","guid":{"rendered":"https:\/\/netpet.ch\/?post_type=product&#038;p=48728"},"modified":"2026-04-12T11:00:13","modified_gmt":"2026-04-12T09:00:13","slug":"mineralgrit-1-5kg","status":"publish","type":"product","link":"https:\/\/netpet.ch\/de\/produit\/mineralgrit-1-5kg\/","title":{"rendered":"Mineralgrit, 1.5kg"},"content":{"rendered":"<p>Wachteln, H\u00fchner und andere V\u00f6gel m\u00fcssen kleine Steinchen aufnehmen, die ihnen helfen, ihr Futter zu zerkleinern und die Verdauung f\u00f6rdern.<\/p>\n<p>Der Mineralgrit aus dem Hause Wachtel-Shop hilft Eurem Federvieh nicht nur optimal bei der Verdauung, sondern enth\u00e4lt auch \u00fcber 70 verschiedene Spurenelemente und Mineralien, die eine gesunde Knochen- und Federbildung unterst\u00fctzen. Seealgen mit einem Calciumanteil von \u00fcber 30%, Quarz, Rotstein oder pflanzliche Kohle machen ihn zu einer echten Mineral-Bombe.<\/p>\n<p>Der federgold\u00ae Mineralgrit eignet sich f\u00fcr K\u00fcken ab der 3. Lebenswoche, Wachteln und H\u00fchner.<\/p>\n<p><em>Die F\u00fctterungsempfehlung:<\/em><br \/>\nDen Mineralgrit solltet Ihr dauerhaft zur freien Aufnahme anbieten. Wachteln, Gefl\u00fcgel und V\u00f6gel nehmen meistens genau die Menge auf, die sie ben\u00f6tigen.<\/p>\n<p><span style=\"color: #999999\"><em><span style=\"font-size: x-small\">Zusammensetzung: Kohlensaurer Algenkalk, Kohlensaurer Muschelkalk, Calciumcarbonat, Quarz, Rotstein, Pflanzliche Kohle \/ Analytische Bestandteile: 26,3% Calcium \u00b7 10,8% Salzs\u00e4urel\u00f6sliche Asche \u00b7 0,29% Natrium \u00b7 0,06% Phosphor<\/span><\/em><\/span><\/p>\n","protected":false},"excerpt":{"rendered":"<p style=\"text-align: left\"><em><strong><span style=\"color: #f05957\">NEU IM SORTIMENT von netpet.ch<\/span><\/strong><\/em><\/p>\n","protected":false},"featured_media":48716,"template":"","meta":{"_acf_changed":false,"wds_primary_product_brand":0,"wds_primary_product_cat":0},"product_brand":[],"product_cat":[435],"product_tag":[],"class_list":{"0":"post-48728","1":"product","2":"type-product","3":"status-publish","4":"has-post-thumbnail","6":"product_cat-wohlbefinden-und-futter","8":"first","9":"instock","10":"featured","11":"taxable","12":"shipping-taxable","13":"purchasable","14":"product-type-simple"},"acf":[],"_links":{"self":[{"href":"https:\/\/netpet.ch\/de\/wp-json\/wp\/v2\/product\/48728","targetHints":{"allow":["GET"]}}],"collection":[{"href":"https:\/\/netpet.ch\/de\/wp-json\/wp\/v2\/product"}],"about":[{"href":"https:\/\/netpet.ch\/de\/wp-json\/wp\/v2\/types\/product"}],"wp:featuredmedia":[{"embeddable":true,"href":"https:\/\/netpet.ch\/de\/wp-json\/wp\/v2\/media\/48716"}],"wp:attachment":[{"href":"https:\/\/netpet.ch\/de\/wp-json\/wp\/v2\/media?parent=48728"}],"wp:term":[{"taxonomy":"product_brand","embeddable":true,"href":"https:\/\/netpet.ch\/de\/wp-json\/wp\/v2\/product_brand?post=48728"},{"taxonomy":"product_cat","embeddable":true,"href":"https:\/\/netpet.ch\/de\/wp-json\/wp\/v2\/product_cat?post=48728"},{"taxonomy":"product_tag","embeddable":true,"href":"https:\/\/netpet.ch\/de\/wp-json\/wp\/v2\/product_tag?post=48728"}],"curies":[{"name":"wp","href":"https:\/\/api.w.org\/{rel}","templated":true}]}}