{"id":48742,"date":"2025-04-19T21:10:52","date_gmt":"2025-04-19T19:10:52","guid":{"rendered":"https:\/\/netpet.ch\/?post_type=product&#038;p=48742"},"modified":"2025-05-11T01:07:03","modified_gmt":"2025-05-10T23:07:03","slug":"brinsea-brutgeraet-ovaeasy-advance-ex-ii-100","status":"publish","type":"product","link":"https:\/\/netpet.ch\/de\/produit\/brinsea-brutgeraet-ovaeasy-advance-ex-ii-100\/","title":{"rendered":"Brinsea - Brutger\u00e4t OvaEasy Advance EX II 100"},"content":{"rendered":"<p>Mit der OvaEasy EX II- Serie von Brinsea tauchen Sie in die faszinierende Welt der professionellen Inkubatoren f\u00fcr anspruchsvolle und erfolgsorientierte Z\u00fcchter ein.<\/p>\n<p>Indem Brinsea sein reiches und langj\u00e4hriges Fachwissen \u00fcber Inkubatoren und deren Herstellung in die Entwicklung der OvaEasy EX II-Modelle einflie\u00dfen l\u00e4sst, entstehen Produkte, die durch Qualit\u00e4t, Pr\u00e4zision und technische Zuverl\u00e4ssigkeit \u00fcberzeugen.<\/p>\n<p><strong>Hauptmerkmale:<\/strong><br \/>\n\u2022 Leistungsstarker und flexibler Inkubator<br \/>\n\u2022 Einfache Handhabung<br \/>\n\u2022 Energieeffizientes, isoliertes Geh\u00e4use, bestehend aus einem verzinkten und lackierten Stahlrahmen f\u00fcr zus\u00e4tzliche Stabilit\u00e4t und Haltbarkeit<br \/>\n\u2022 Transparente doppelt verglaste T\u00fcr, durch die der Brut- und Schlupfprozess beobachtet werden kann<br \/>\n\u2022 Vollautomatische Wendung mithilfe von zwei motorbetriebenen, drehbaren Regalen, auf denen die Eierhorden stehen; Funktion zum horizontalen Positionieren der Regale, um die Handhabung zu erleichtern<br \/>\n\u2022 Digitales 'Advance'-Steuerungssystem f\u00fcr Einstellungen: Temperatur, Luftfeuchtigkeit, Wendungsoptionen, periodische K\u00fchlungsoption, Temperaturalarme, Wahl von \u00b0C\/\u00b0F<br \/>\n\u2022 Digitale Temperatur- und Feuchtigkeitsanzeige<br \/>\n\u2022 Automatische Feuchtigkeitskontrolle durch ein digitales Regulierungsmodul: Wasser aus dem mitgelieferten externen Beh\u00e4lter wird \u00fcber eine peristaltische Befeuchtungspumpe in die zentrale Wasserwanne geleitet, die mit einem Verdampferschwamm ausgestattet ist, um die Feuchtigkeit gleichm\u00e4ssig zu verteilen<br \/>\n\u2022 Einzigartiger laminarer Luftstrom zur Beseitigung kalter Bereiche: vier kleine Ventilatoren blasen Luft in einem laminaren Strom um die Eierhorden und erm\u00f6glichen eine gleichm\u00e4ssige Temperatur in der Kabine<br \/>\n\u2022 Alarmfunktion bei zu niedriger oder zu hoher Temperatur im Brutger\u00e4t<br \/>\n\u2022 Alarmfunktion bei unpassender Umgebungstemperatur<br \/>\n\u2022 K\u00fchlungsoption mit einstellbaren Intervallen f\u00fcr naturnahe Kunstbruten<br \/>\n\u2022 Universal-Horden, die sich leicht auf die Gr\u00f6sse der Eier - von Wachteln bis G\u00e4nsen - einstellen lassen, inklusive Schutzabdeckungen f\u00fcr den Schlupf<br \/>\n\u2022 3 Jahre Herstellergarantie, vorbehaltlich einer Online-Registrierung beim Kauf auf <span style=\"color: #ffc50b\"><a style=\"color: #ffc50b\" href=\"http:\/\/www.brinsea.co.uk\" target=\"_blank\" rel=\"noopener\">brinsea.co.uk<\/a><\/span><br \/>\n\u2022 Herstellung in Gro\u00dfbritannien<\/p>\n<p><strong>Ungef\u00e4hre maximale Eierkapazit\u00e4ten<\/strong> (Ausbr\u00fcten\/Ausschl\u00fcpfen mit den mitgelieferten Universal-Eierhorden\/Eierk\u00f6rben):<br \/>\n\u2022 Huhn: 72\/96<br \/>\n\u2022 Wachtel: 200\/250<br \/>\n\u2022 Ente: 46\/70<br \/>\n\u2022 Gans: 30\/36<br \/>\nMit speziellen, optional erh\u00e4ltlichen Eierhorden l\u00e4sst sich die Inkubationskapazit\u00e4t f\u00fcr H\u00fchner- und Wachteleier erh\u00f6hen (Produktcodes: <span style=\"color: #0000ff\"><a href=\"https:\/\/netpet.ch\/de\/produit\/brinsea-huehnereier-wendehorde-fuer-ovaeasy-serie\/\" target=\"_blank\">bs-17.77<\/a><\/span> und <span style=\"color: #0000ff\"><a href=\"https:\/\/netpet.ch\/de\/produit\/brinsea-wachteleier-wendehorde-fuer-ovaeasy-serie\/\" target=\"_blank\">bs-17.80<\/a><\/span>).<\/p>\n<p><strong>Technische Daten:<\/strong><br \/>\n\u2022 Abmessungen: 42x48x62cm (BxTxH)<br \/>\n\u2022 Gewicht: 16kg<br \/>\n\u2022 Stromverbrauch: max. 200W, durchschnittlich 100W<\/p>\n<p><em>Hinweise:<\/em><br \/>\n\u2022 die angegebene Kapazit\u00e4t f\u00fcr Bruteier wurde aus Standard-Werten berechnet; diese Angaben k\u00f6nnen aufgrund von verschiedener Eiergr\u00f6\u00dfen einer Art variieren<br \/>\n\u2022 der Brinsea OvaEasy Advance EX II 100 eignet sich f\u00fcr die einstufige Inkubation, wenn eine Charge von Eiern gleichzeitig eingelegt wird und diese zusammen schl\u00fcpfen; er kann nicht gleichzeitig als Brutkasten und Schlupfkasten verwendet werden<br \/>\n\u2022 das Brutger\u00e4t wird ohne Eier verkauft; die auf den Bildern sichtbaren Eier dienen nur der Illustration.<\/p>\n<p>(\u00fcbersetzt mit www.deepL.com)<br \/>\n<img loading=\"lazy\" decoding=\"async\" class=\"alignnone size-medium wp-image-48244\" src=\"https:\/\/netpet.ch\/wp-content\/uploads\/2023\/03\/bs-3yearguarantee-2024-300x300.jpg\" alt=\"\" width=\"300\" height=\"300\" srcset=\"https:\/\/netpet.ch\/wp-content\/uploads\/2023\/03\/bs-3yearguarantee-2024-300x300.jpg 300w, https:\/\/netpet.ch\/wp-content\/uploads\/2023\/03\/bs-3yearguarantee-2024-1024x1024.jpg 1024w, https:\/\/netpet.ch\/wp-content\/uploads\/2023\/03\/bs-3yearguarantee-2024-150x150.jpg 150w, https:\/\/netpet.ch\/wp-content\/uploads\/2023\/03\/bs-3yearguarantee-2024-768x768.jpg 768w, https:\/\/netpet.ch\/wp-content\/uploads\/2023\/03\/bs-3yearguarantee-2024-1536x1536.jpg 1536w, https:\/\/netpet.ch\/wp-content\/uploads\/2023\/03\/bs-3yearguarantee-2024-2048x2048.jpg 2048w, https:\/\/netpet.ch\/wp-content\/uploads\/2023\/03\/bs-3yearguarantee-2024-600x600.jpg 600w, https:\/\/netpet.ch\/wp-content\/uploads\/2023\/03\/bs-3yearguarantee-2024-100x100.jpg 100w, https:\/\/netpet.ch\/wp-content\/uploads\/2023\/03\/bs-3yearguarantee-2024.jpg 2362w\" sizes=\"auto, (max-width: 300px) 100vw, 300px\" \/><img loading=\"lazy\" decoding=\"async\" class=\"alignnone size-medium wp-image-48248\" src=\"https:\/\/netpet.ch\/wp-content\/uploads\/2023\/03\/bs-mib-2024-300x300.jpg\" alt=\"\" width=\"300\" height=\"300\" srcset=\"https:\/\/netpet.ch\/wp-content\/uploads\/2023\/03\/bs-mib-2024-300x300.jpg 300w, https:\/\/netpet.ch\/wp-content\/uploads\/2023\/03\/bs-mib-2024-1024x1024.jpg 1024w, https:\/\/netpet.ch\/wp-content\/uploads\/2023\/03\/bs-mib-2024-150x150.jpg 150w, https:\/\/netpet.ch\/wp-content\/uploads\/2023\/03\/bs-mib-2024-768x768.jpg 768w, https:\/\/netpet.ch\/wp-content\/uploads\/2023\/03\/bs-mib-2024-1536x1536.jpg 1536w, https:\/\/netpet.ch\/wp-content\/uploads\/2023\/03\/bs-mib-2024-2048x2048.jpg 2048w, https:\/\/netpet.ch\/wp-content\/uploads\/2023\/03\/bs-mib-2024-600x600.jpg 600w, https:\/\/netpet.ch\/wp-content\/uploads\/2023\/03\/bs-mib-2024-100x100.jpg 100w, https:\/\/netpet.ch\/wp-content\/uploads\/2023\/03\/bs-mib-2024.jpg 2362w\" sizes=\"auto, (max-width: 300px) 100vw, 300px\" \/><\/p>\n","protected":false},"excerpt":{"rendered":"<p>&nbsp;<\/p>\n<p><img loading=\"lazy\" decoding=\"async\" class=\"size-medium wp-image-48250 alignleft\" src=\"https:\/\/netpet.ch\/wp-content\/uploads\/2023\/03\/Image16-300x183.png\" alt=\"\" width=\"300\" height=\"183\" srcset=\"https:\/\/netpet.ch\/wp-content\/uploads\/2023\/03\/Image16-300x183.png 300w, https:\/\/netpet.ch\/wp-content\/uploads\/2023\/03\/Image16-1024x625.png 1024w, https:\/\/netpet.ch\/wp-content\/uploads\/2023\/03\/Image16-768x469.png 768w, https:\/\/netpet.ch\/wp-content\/uploads\/2023\/03\/Image16-1536x937.png 1536w, https:\/\/netpet.ch\/wp-content\/uploads\/2023\/03\/Image16-600x366.png 600w, https:\/\/netpet.ch\/wp-content\/uploads\/2023\/03\/Image16.png 1822w\" sizes=\"auto, (max-width: 300px) 100vw, 300px\" \/><\/p>\n","protected":false},"featured_media":48557,"template":"","meta":{"_acf_changed":false,"wds_primary_product_brand":0,"wds_primary_product_cat":0},"product_brand":[],"product_cat":[448,451],"product_tag":[],"class_list":{"0":"post-48742","1":"product","2":"type-product","3":"status-publish","4":"has-post-thumbnail","6":"product_cat-couveuses-brinsea-de","7":"product_cat-professionelle-brutgeraete","9":"first","10":"outofstock","11":"taxable","12":"shipping-taxable","13":"purchasable","14":"product-type-variable"},"acf":[],"_links":{"self":[{"href":"https:\/\/netpet.ch\/de\/wp-json\/wp\/v2\/product\/48742","targetHints":{"allow":["GET"]}}],"collection":[{"href":"https:\/\/netpet.ch\/de\/wp-json\/wp\/v2\/product"}],"about":[{"href":"https:\/\/netpet.ch\/de\/wp-json\/wp\/v2\/types\/product"}],"wp:featuredmedia":[{"embeddable":true,"href":"https:\/\/netpet.ch\/de\/wp-json\/wp\/v2\/media\/48557"}],"wp:attachment":[{"href":"https:\/\/netpet.ch\/de\/wp-json\/wp\/v2\/media?parent=48742"}],"wp:term":[{"taxonomy":"product_brand","embeddable":true,"href":"https:\/\/netpet.ch\/de\/wp-json\/wp\/v2\/product_brand?post=48742"},{"taxonomy":"product_cat","embeddable":true,"href":"https:\/\/netpet.ch\/de\/wp-json\/wp\/v2\/product_cat?post=48742"},{"taxonomy":"product_tag","embeddable":true,"href":"https:\/\/netpet.ch\/de\/wp-json\/wp\/v2\/product_tag?post=48742"}],"curies":[{"name":"wp","href":"https:\/\/api.w.org\/{rel}","templated":true}]}}