{"id":48758,"date":"2025-04-19T21:04:06","date_gmt":"2025-04-19T19:04:06","guid":{"rendered":"https:\/\/netpet.ch\/?post_type=product&#038;p=48758"},"modified":"2025-04-19T21:03:46","modified_gmt":"2025-04-19T19:03:46","slug":"brinsea-schlupfkorb-fuer-ovaeasy","status":"publish","type":"product","link":"https:\/\/netpet.ch\/de\/produit\/brinsea-schlupfkorb-fuer-ovaeasy\/","title":{"rendered":"Brinsea - Schlupfkorb f\u00fcr OvaEasy"},"content":{"rendered":"<p>Dieser zus\u00e4tzliche oder Ersatzschlupfkorb f\u00fcr die OvaEasy-Brutapparate von Brinsea besteht aus einer Eierschale, einem Deckel und Verbinder.<\/p>\n<p>Er bietet Platz f\u00fcr etwa 36 H\u00fchnereier.<\/p>\n<p>(\u00fcbersetzt mit www.deepL.com)<\/p>\n","protected":false},"excerpt":{"rendered":"<p>&nbsp;<\/p>\n<p><img loading=\"lazy\" decoding=\"async\" class=\"size-medium wp-image-48250 alignleft\" src=\"https:\/\/netpet.ch\/wp-content\/uploads\/2023\/03\/Image16-300x183.png\" alt=\"\" width=\"300\" height=\"183\" srcset=\"https:\/\/netpet.ch\/wp-content\/uploads\/2023\/03\/Image16-300x183.png 300w, https:\/\/netpet.ch\/wp-content\/uploads\/2023\/03\/Image16-1024x625.png 1024w, https:\/\/netpet.ch\/wp-content\/uploads\/2023\/03\/Image16-768x469.png 768w, https:\/\/netpet.ch\/wp-content\/uploads\/2023\/03\/Image16-1536x937.png 1536w, https:\/\/netpet.ch\/wp-content\/uploads\/2023\/03\/Image16-600x366.png 600w, https:\/\/netpet.ch\/wp-content\/uploads\/2023\/03\/Image16.png 1822w\" sizes=\"auto, (max-width: 300px) 100vw, 300px\" \/><\/p>\n","protected":false},"featured_media":48757,"template":"","meta":{"_acf_changed":false,"wds_primary_product_brand":0,"wds_primary_product_cat":0},"product_brand":[],"product_cat":[821],"product_tag":[],"class_list":{"0":"post-48758","1":"product","2":"type-product","3":"status-publish","4":"has-post-thumbnail","6":"product_cat-zubehoer-fuer-brinsea-inkubatoren","8":"first","9":"instock","10":"taxable","11":"shipping-taxable","12":"purchasable","13":"product-type-simple"},"acf":[],"_links":{"self":[{"href":"https:\/\/netpet.ch\/de\/wp-json\/wp\/v2\/product\/48758","targetHints":{"allow":["GET"]}}],"collection":[{"href":"https:\/\/netpet.ch\/de\/wp-json\/wp\/v2\/product"}],"about":[{"href":"https:\/\/netpet.ch\/de\/wp-json\/wp\/v2\/types\/product"}],"wp:featuredmedia":[{"embeddable":true,"href":"https:\/\/netpet.ch\/de\/wp-json\/wp\/v2\/media\/48757"}],"wp:attachment":[{"href":"https:\/\/netpet.ch\/de\/wp-json\/wp\/v2\/media?parent=48758"}],"wp:term":[{"taxonomy":"product_brand","embeddable":true,"href":"https:\/\/netpet.ch\/de\/wp-json\/wp\/v2\/product_brand?post=48758"},{"taxonomy":"product_cat","embeddable":true,"href":"https:\/\/netpet.ch\/de\/wp-json\/wp\/v2\/product_cat?post=48758"},{"taxonomy":"product_tag","embeddable":true,"href":"https:\/\/netpet.ch\/de\/wp-json\/wp\/v2\/product_tag?post=48758"}],"curies":[{"name":"wp","href":"https:\/\/api.w.org\/{rel}","templated":true}]}}