{"id":48890,"date":"2025-07-12T13:38:04","date_gmt":"2025-07-12T11:38:04","guid":{"rendered":"https:\/\/netpet.ch\/?post_type=product&#038;p=48890"},"modified":"2025-07-12T13:37:22","modified_gmt":"2025-07-12T11:37:22","slug":"mischung-aus-mehlwuermern-und-austernschalen-400g","status":"publish","type":"product","link":"https:\/\/netpet.ch\/de\/produit\/mischung-aus-mehlwuermern-und-austernschalen-400g\/","title":{"rendered":"Mischung aus Mehlw\u00fcrmern und Austernschalen, 400g"},"content":{"rendered":"<p>Diese schmackhafte Mischung aus dem Hause invers besteht zu 92% aus Austernschalen und zu 8% aus getrockneten Mehlw\u00fcrmern (tenebrio molitor).<\/p>\n<p>W\u00e4hrend getrocknete Mehlw\u00fcrmer Euren gefiederten Freunden wertvolles Eiweiss und gesunde Fette (Omega-6 und Omega-3) bieten, sind Austernschalen eine ideale Kalziumquelle, die den Knochenbau festigt und die Legeleistung optimiert, indem sie die Eierschalen st\u00e4rkt.<\/p>\n<p>Die Mischung kann als Leckerbissen angeboten oder dem \u00fcblichen Futter beigemischt werden (ca. 5g pro 100g Getreide).<\/p>\n<p>Herkunft:<br \/>\n\u2022 nat\u00fcrliche Austernschalen: Nordsee<br \/>\n\u2022 getrocknete Mehlw\u00fcrmer: Auvergne-Rh\u00f4ne-Alpes, Frankreich<\/p>\n<p>(\u00fcbersetzt mit www.deepL.com)<\/p>\n","protected":false},"excerpt":{"rendered":"<p>Diese schmackhafte Mischung aus dem Hause invers besteht zu 92% aus Austernschalen und zu 8% aus getrockneten Mehlw\u00fcrmern (tenebrio molitor). W\u00e4hrend getrocknete Mehlw\u00fcrmer Euren gefiederten Freunden wertvolles Eiweiss und gesunde Fette (Omega-6 und Omega-3) bieten, sind Austernschalen eine ideale Kalziumquelle, die den Knochenbau festigt und die Legeleistung optimiert, indem sie die Eierschalen st\u00e4rkt. Die Mischung [&hellip;]<\/p>\n","protected":false},"featured_media":48874,"template":"","meta":{"_acf_changed":false,"wds_primary_product_brand":0,"wds_primary_product_cat":0},"product_brand":[],"product_cat":[435],"product_tag":[],"class_list":{"0":"post-48890","1":"product","2":"type-product","3":"status-publish","4":"has-post-thumbnail","6":"product_cat-wohlbefinden-und-futter","8":"first","9":"instock","10":"featured","11":"taxable","12":"shipping-taxable","13":"purchasable","14":"product-type-simple"},"acf":[],"_links":{"self":[{"href":"https:\/\/netpet.ch\/de\/wp-json\/wp\/v2\/product\/48890","targetHints":{"allow":["GET"]}}],"collection":[{"href":"https:\/\/netpet.ch\/de\/wp-json\/wp\/v2\/product"}],"about":[{"href":"https:\/\/netpet.ch\/de\/wp-json\/wp\/v2\/types\/product"}],"wp:featuredmedia":[{"embeddable":true,"href":"https:\/\/netpet.ch\/de\/wp-json\/wp\/v2\/media\/48874"}],"wp:attachment":[{"href":"https:\/\/netpet.ch\/de\/wp-json\/wp\/v2\/media?parent=48890"}],"wp:term":[{"taxonomy":"product_brand","embeddable":true,"href":"https:\/\/netpet.ch\/de\/wp-json\/wp\/v2\/product_brand?post=48890"},{"taxonomy":"product_cat","embeddable":true,"href":"https:\/\/netpet.ch\/de\/wp-json\/wp\/v2\/product_cat?post=48890"},{"taxonomy":"product_tag","embeddable":true,"href":"https:\/\/netpet.ch\/de\/wp-json\/wp\/v2\/product_tag?post=48890"}],"curies":[{"name":"wp","href":"https:\/\/api.w.org\/{rel}","templated":true}]}}