{"id":49025,"date":"2025-07-12T16:22:04","date_gmt":"2025-07-12T14:22:04","guid":{"rendered":"https:\/\/netpet.ch\/?post_type=product&#038;p=49025"},"modified":"2025-07-12T16:23:00","modified_gmt":"2025-07-12T14:23:00","slug":"pickstein-mit-mehlwuermern-900g","status":"publish","type":"product","link":"https:\/\/netpet.ch\/de\/produit\/pickstein-mit-mehlwuermern-900g\/","title":{"rendered":"Pickstein mit Mehlw\u00fcrmern, 900g"},"content":{"rendered":"<p>Der Pickstein mit Mehlw\u00fcrmern von <em>Maison Invers<\/em> besteht aus zerkleinerten Meeresmuscheln, Mineralien und getrockneten Mehlw\u00fcrmern und wird in Frankreich hergestellt.<\/p>\n<p>Reich an Kalzium, Natrium und Phosphor ist dieser hochwertige Futterzusatz ideal zur Unterst\u00fctzung der Knochengesundheit Ihrer H\u00fchner und zur Festigung der Eierschalen.<\/p>\n<p>Das Picken am Stein f\u00f6rdert zudem das Wohlbefinden Ihrer gefiederten Sch\u00fctzlinge, da es Stress, Federpicken und Kannibalismus untereinander reduziert. Durch seine feste Struktur hilft der Stein ausserdem beim nat\u00fcrlichen Schnabelabrieb und beugt so Verletzungen vor.<\/p>\n<p>Die enthaltenen getrockneten Mehlw\u00fcrmer liefern wertvolle Proteine sowie Omega-3- und Omega-6-Fetts\u00e4uren und erh\u00f6hen zus\u00e4tzlich die Attraktivit\u00e4t des Produkts f\u00fcr Ihre H\u00fchner.<\/p>\n<p><span style=\"color: #999999\">Hinweise :<br \/>\n\u2022 der Pickblock sollte witterungsgesch\u00fctzt und nicht direkt auf dem feuchten Boden platziert werden, um eine l\u00e4ngere Haltbarkeit zu gew\u00e4hrleisten<br \/>\n\u2022 der Mehlwurm-Pickstein ist fest gepresst. Trotz sorgf\u00e4ltiger Verpackung kann es w\u00e4hrend des Versands zu Bruch oder Zerbr\u00f6seln kommen. Eine h\u00e4rtere Pressung w\u00fcrde jedoch das Picken f\u00fcr die H\u00fchner erschweren. Selbst im zerbrochenen Zustand stellt der Stein ein hochwertiges mineral- und eiweissreiches Futtermittel dar und kann problemlos verf\u00fcttert werden. Eine R\u00fcckgabe, ein Umtausch oder eine Erstattung ist in diesem Fall ausgeschlossen. Wir danken f\u00fcr Ihr Verst\u00e4ndnis.<br \/>\n<\/span><\/p>\n<p><span style=\"color: #999999\"><em><span style=\"font-size: x-small\">Zusammensetzung : Zerkleinerte Meeresmuscheln, Calciumsulfat, Dicalciumphosphat, Calciumcarbonat, Natriumchlorid, getrocknete Mehlw\u00fcrmer \/ N\u00e4hrwerte : 28 % Kalzium \u2013 2,5 % Natrium \u2013 2,5 % Phosphor<\/span><\/em><\/span><\/p>\n","protected":false},"excerpt":{"rendered":"<p>Der Pickstein mit Mehlw\u00fcrmern von Maison Invers besteht aus zerkleinerten Meeresmuscheln, Mineralien und getrockneten Mehlw\u00fcrmern und wird in Frankreich hergestellt. Reich an Kalzium, Natrium und Phosphor ist dieser hochwertige Futterzusatz ideal zur Unterst\u00fctzung der Knochengesundheit Ihrer H\u00fchner und zur Festigung der Eierschalen. Das Picken am Stein f\u00f6rdert zudem das Wohlbefinden Ihrer gefiederten Sch\u00fctzlinge, da es [&hellip;]<\/p>\n","protected":false},"featured_media":48893,"template":"","meta":{"_acf_changed":false,"wds_primary_product_brand":0,"wds_primary_product_cat":0},"product_brand":[],"product_cat":[435],"product_tag":[],"class_list":{"0":"post-49025","1":"product","2":"type-product","3":"status-publish","4":"has-post-thumbnail","6":"product_cat-wohlbefinden-und-futter","8":"first","9":"instock","10":"sale","11":"featured","12":"taxable","13":"shipping-taxable","14":"purchasable","15":"product-type-simple"},"acf":[],"_links":{"self":[{"href":"https:\/\/netpet.ch\/de\/wp-json\/wp\/v2\/product\/49025","targetHints":{"allow":["GET"]}}],"collection":[{"href":"https:\/\/netpet.ch\/de\/wp-json\/wp\/v2\/product"}],"about":[{"href":"https:\/\/netpet.ch\/de\/wp-json\/wp\/v2\/types\/product"}],"wp:featuredmedia":[{"embeddable":true,"href":"https:\/\/netpet.ch\/de\/wp-json\/wp\/v2\/media\/48893"}],"wp:attachment":[{"href":"https:\/\/netpet.ch\/de\/wp-json\/wp\/v2\/media?parent=49025"}],"wp:term":[{"taxonomy":"product_brand","embeddable":true,"href":"https:\/\/netpet.ch\/de\/wp-json\/wp\/v2\/product_brand?post=49025"},{"taxonomy":"product_cat","embeddable":true,"href":"https:\/\/netpet.ch\/de\/wp-json\/wp\/v2\/product_cat?post=49025"},{"taxonomy":"product_tag","embeddable":true,"href":"https:\/\/netpet.ch\/de\/wp-json\/wp\/v2\/product_tag?post=49025"}],"curies":[{"name":"wp","href":"https:\/\/api.w.org\/{rel}","templated":true}]}}