{"id":49071,"date":"2025-07-13T22:01:57","date_gmt":"2025-07-13T20:01:57","guid":{"rendered":"https:\/\/netpet.ch\/?post_type=product&#038;p=49071"},"modified":"2025-08-11T21:30:02","modified_gmt":"2025-08-11T19:30:02","slug":"wachteleier-halter-aus-silikon-lemon","status":"publish","type":"product","link":"https:\/\/netpet.ch\/de\/produit\/wachteleier-halter-aus-silikon-lemon\/","title":{"rendered":"Wachteleier-Halter aus Silikon - Lemon"},"content":{"rendered":"<p>Bewahren Sie Ihre Wachteleier ordentlich und sicher auf \u2013 mit dem flexiblen Silikon-Eierhalter Quailzz\u00ae von Wachtel-Shop!<\/p>\n<p>Legen Ihre Wachteln fleissig? Dann ist dieser kompakte Quailzz\u00ae-Eierhalter die ideale L\u00f6sung, um ihre wertvollen Eier im K\u00fchlschrank sicher aufzubewahren, ohne dass sie besch\u00e4digt werden.<\/p>\n<p>Der aus rutschfestem Silikon gefertigte Eierhalter ist langlebig, leicht zu reinigen (sp\u00fclmaschinengeeignet) und dank der praktischen Griffe an beiden Enden einfach zu transportieren. Er bietet Platz f\u00fcr bis zu 15 Wachteleier und passt problemlos in die T\u00fcr oder auf ein Regal Ihres K\u00fchlschranks. Und wenn Sie Ihre Eier lieber bei Zimmertemperatur aufbewahren, setzen sein leuchtender Farbton und elegantes Design einen stilvollen Farbakzent in Ihrer K\u00fcche.<\/p>\n<p>Abmessungen: ca. 19.5x9.5x2cm (LxBxH).<\/p>\n<p><span style=\"color: #999999\">Hinweise:<br \/>\n\u2022 die Quailzz\u00ae Fridge Cups werden ohne Eier verkauft; die auf den Bildern sichtbaren Eier dienen nur der Illustration<br \/>\n\u2022 die Farbe kann leicht von der Produktabbildung abweichen.<\/span><\/p>\n<p>(\u00fcbersetzt mit www.deepL.com)<\/p>\n","protected":false},"excerpt":{"rendered":"<p>Bewahren Sie Ihre Wachteleier ordentlich und sicher auf \u2013 mit dem flexiblen Silikon-Eierhalter Quailzz\u00ae von Wachtel-Shop! Legen Ihre Wachteln fleissig? Dann ist dieser kompakte Quailzz\u00ae-Eierhalter die ideale L\u00f6sung, um ihre wertvollen Eier im K\u00fchlschrank sicher aufzubewahren, ohne dass sie besch\u00e4digt werden. Der aus rutschfestem Silikon gefertigte Eierhalter ist langlebig, leicht zu reinigen (sp\u00fclmaschinengeeignet) und dank [&hellip;]<\/p>\n","protected":false},"featured_media":49039,"template":"","meta":{"_acf_changed":false,"wds_primary_product_brand":0,"wds_primary_product_cat":0},"product_brand":[],"product_cat":[436],"product_tag":[],"class_list":{"0":"post-49071","1":"product","2":"type-product","3":"status-publish","4":"has-post-thumbnail","6":"product_cat-eierschachteln-und-horden","8":"first","9":"instock","10":"taxable","11":"shipping-taxable","12":"purchasable","13":"product-type-simple"},"acf":[],"_links":{"self":[{"href":"https:\/\/netpet.ch\/de\/wp-json\/wp\/v2\/product\/49071","targetHints":{"allow":["GET"]}}],"collection":[{"href":"https:\/\/netpet.ch\/de\/wp-json\/wp\/v2\/product"}],"about":[{"href":"https:\/\/netpet.ch\/de\/wp-json\/wp\/v2\/types\/product"}],"wp:featuredmedia":[{"embeddable":true,"href":"https:\/\/netpet.ch\/de\/wp-json\/wp\/v2\/media\/49039"}],"wp:attachment":[{"href":"https:\/\/netpet.ch\/de\/wp-json\/wp\/v2\/media?parent=49071"}],"wp:term":[{"taxonomy":"product_brand","embeddable":true,"href":"https:\/\/netpet.ch\/de\/wp-json\/wp\/v2\/product_brand?post=49071"},{"taxonomy":"product_cat","embeddable":true,"href":"https:\/\/netpet.ch\/de\/wp-json\/wp\/v2\/product_cat?post=49071"},{"taxonomy":"product_tag","embeddable":true,"href":"https:\/\/netpet.ch\/de\/wp-json\/wp\/v2\/product_tag?post=49071"}],"curies":[{"name":"wp","href":"https:\/\/api.w.org\/{rel}","templated":true}]}}