{"id":49079,"date":"2025-07-25T22:27:05","date_gmt":"2025-07-25T20:27:05","guid":{"rendered":"https:\/\/netpet.ch\/?post_type=product&#038;p=49079"},"modified":"2025-09-01T19:45:28","modified_gmt":"2025-09-01T17:45:28","slug":"chickenguard-pro-solar-automatischer-turoffner-fur-huhnerstalle-copie","status":"publish","type":"product","link":"https:\/\/netpet.ch\/de\/produit\/chickenguard-pro-solar-automatischer-turoffner-fur-huhnerstalle-copie\/","title":{"rendered":"ChickenGuard PRO SOLAR Combi - Automatischer T\u00fcroffner + T\u00fcr"},"content":{"rendered":"<p><strong>ChickenGuard<\/strong>, der elektronische Pf\u00f6rtner, der Ihnen Seelenfrieden verschafft, indem er Ihre H\u00fchner, Enten oder G\u00e4nse vor F\u00fcchsen und anderen Raubtieren sch\u00fctzt. Au\u00dferdem m\u00fcssen Sie nicht mehr im Morgengrauen aufstehen, um Ihre Tiere herumtollen zu lassen.<\/p>\n<p>Das ChickenGuard PRO SOLAR Combi-Set besteht aus:<br \/>\n\u2022 einem\u00a0<strong>automatischen T\u00fcr\u00f6ffner<\/strong>\u00a0f\u00fcr H\u00fchnerst\u00e4lle ChickenGuard\u00a0<strong>PRO SOLAR<\/strong>, und<br \/>\n\u2022 einem ChickenGuard\u00a0<strong>selbstschliessenden T\u00fcr-Set<\/strong>.<\/p>\n<p>Der automatische T\u00fcr\u00f6ffner ChickenGuard PRO SOLAR ist dank seines Solarpanels energieautark, da er seine Batterien selbst aufl\u00e4dt. Er kann jedoch optional auch \u00fcber das Stromnetz betrieben werden (Netzadapter separat erh\u00e4ltlich) oder mit nicht wiederaufladbaren Batterien betrieben werden (nicht im Lieferumfang enthalten).<\/p>\n<p><strong>Hauptmerkmale des ChickenGuard PRO SOLAR:<\/strong><br \/>\n\u2022 \u00d6ffnen und Schlie\u00dfen der T\u00fcr Ihres H\u00fchnerstalls mit einem programmierbaren Timer und\/oder einem einstellbaren Lichtsensor<br \/>\n\u2022 Einfache Bedienung durch ein vollst\u00e4ndiges LCD-Display<br \/>\n\u2022 Einfache Installation \u2013 ganz ohne handwerkliche Vorkenntnisse: montieren Sie den T\u00fcr\u00f6ffner \u00fcber der Klappe Ihres H\u00fchnerstalls und verbinden Sie ihn mit dem Solarbatteriepack \u00fcber das mitgelieferte USB-Kabel; bringen Sie das Solarpanel an einem m\u00f6glichst sonnigen Ort* an und schliessen Sie es an das Batteriepack an; installieren Sie das Batteriepack an einem schattigen Platz - idealerweise im Inneren des H\u00fchnerstalls - und schon ist Ihr automatischer T\u00fcr\u00f6ffner einsatzbereit<br \/>\n\u2022 Wasserdichtes, wetterfestes Geh\u00e4use<br \/>\n\u2022 Geeignet f\u00fcr besonders raue Umgebungen (-20\u00b0C)<br \/>\n\u2022 Manuelles \u00d6ffnen und Schlie\u00dfen mit nur einem Knopfdruck; gro\u00dfe Kn\u00f6pfe, um die Bedienung mit Handschuhen im Winter zu erm\u00f6glichen<br \/>\n\u2022 Kann eine T\u00fcr bis zu 2kg anheben<br \/>\n\u2022 Automatische T\u00fcrkalibrierung<br \/>\n\u2022 Automatische Stoppfunktion bei Hindernissen<br \/>\n\u2022 Aus der Ferne sichtbare LED-Anzeige, die signalisiert, dass die Klappe geschlossen ist, dass sie durch ein Hindernis blockiert ist und geschlossen werden muss oder dass die Batterien\/Akkus ausgetauscht werden m\u00fcssen<br \/>\n\u2022 Stromversorgung \u00fcber wiederaufladbare Batterien (enthalten), die durch das Solarpanel geladen werden; alternativ Betrieb mit 4 AA-Batterien (nicht enthalten) oder \u00fcber Netzstrom m\u00f6glich (<span style=\"color: #0000ff\"><a style=\"color: #0000ff\" href=\"https:\/\/netpet.ch\/de\/produit\/netzteil-fuer-automatischen-tueroffner-chickenguard-pro\/\" target=\"_blank\" rel=\"noopener\">Steckernetzteil nicht im Lieferumfang enthalten<\/a><\/span>, separat erh\u00e4ltlich, Produktcode:\u00a0<span style=\"color: #0000ff\"><a style=\"color: #0000ff\" href=\"https:\/\/netpet.ch\/de\/produit\/netzteil-fuer-automatischen-tueroffner-chickenguard-pro\/\" target=\"_blank\" rel=\"noopener\">dich-mw_sga12e<\/a><\/span>)<br \/>\n\u2022 3 Jahre Herstellergarantie, vorbehaltlich einer Online-Registrierung beim Kauf.<\/p>\n<p>*das Solarpanel sollte nach S\u00fcden ausgerichtet sein und direktes Sonnenlicht erhalten; das 3 Meter lange Kabel bietet dabei gen\u00fcgend Flexibilit\u00e4t f\u00fcr die optimale Platzierung.<\/p>\n<p><strong>Technische Daten:<\/strong><br \/>\n\u2022 Abmessungen des T\u00fcr\u00f6ffners: 16.6x9.5x5.6cm (LxHxT)<br \/>\n\u2022 Abmessungen des Solarpanels: 13x8.5x1cm<br \/>\n\u2022 Abmessungen des Solarbatteriepack: 8.2x10.2x3.8cm (BxHxT)<br \/>\n\u2022 L\u00e4nge des USB-Kabels zwischen T\u00fcr\u00f6ffner und Solarbatteriepack: ca. 2m<br \/>\n\u2022 Kabell\u00e4nge zwischen Solarpanel und T\u00fcr\u00f6ffner: ca. 3m<\/p>\n<p>&nbsp;<\/p>\n<p><strong>Hauptmerkmale des ChickenGuard selbstverriegelnden T\u00fcr-Kits:<\/strong><br \/>\n\u2022 Selbstverriegelungsmechanismus<br \/>\n\u2022 Ma\u00dfe der Aluminiumt\u00fcr: 30x25cm (HxB)<br \/>\n\u2022 L\u00e4nge der Laufschienen aus 100% recyceltem Material: 59.5cm<\/p>\n<p>&nbsp;<\/p>\n<p><em><img loading=\"lazy\" decoding=\"async\" class=\"lazy\" title=\"Pfeil, backup, down, download, speichern unter, storage, transfer Symbol Kostenlos\" src=\"https:\/\/cdn.icon-icons.com\/icons2\/1946\/PNG\/96\/1904659-arrow-backup-down-download-save-storage-transfer_122509.png\" alt=\"Pfeil, backup, down, download, speichern unter, storage, transfer Symbol\" width=\"13\" height=\"13\" data-original=\"https:\/\/cdn.icon-icons.com\/icons2\/1946\/PNG\/96\/1904659-arrow-backup-down-download-save-storage-transfer_122509.png\" \/><a href=\"https:\/\/netpet.ch\/wp-content\/uploads\/2025\/07\/cguk-prosolarcomb_avec-power-pack_Instructions.pdf\" target=\"_blank\" rel=\"noopener\"><span style=\"color: #0000ff\"> Anweisungen ChickenGuard<\/span><\/a><\/em><\/p>\n<p><em><img loading=\"lazy\" decoding=\"async\" class=\"lazy\" title=\"Pfeil, backup, down, download, speichern unter, storage, transfer Symbol Kostenlos\" src=\"https:\/\/cdn.icon-icons.com\/icons2\/1946\/PNG\/96\/1904659-arrow-backup-down-download-save-storage-transfer_122509.png\" alt=\"Pfeil, backup, down, download, speichern unter, storage, transfer Symbol\" width=\"13\" height=\"13\" data-original=\"https:\/\/cdn.icon-icons.com\/icons2\/1946\/PNG\/96\/1904659-arrow-backup-down-download-save-storage-transfer_122509.png\" \/><a href=\"https:\/\/netpet.ch\/wp-content\/uploads\/2025\/07\/cguk-ldk-instructions.pdf\" target=\"_blank\" rel=\"noopener\"><span style=\"color: #0000ff\"> Anweisungen ChickenGuard selbstverriegelnden T\u00fcr-Kits<\/span><\/a><\/em><\/p>\n<p>(\u00fcbersetzt mit www.deepL.com)<\/p>\n","protected":false},"excerpt":{"rendered":"<p style=\"text-align: left\"><em><strong><span style=\"color: #f05957\">NEU IM SORTIMENT von netpet.ch<\/span><\/strong><\/em><\/p>\n<p><span style=\"color: #339966\">KOSTENLOSER VERSAND - schneller Versand aus unserem Lager<\/span><\/p>\n","protected":false},"featured_media":49081,"template":"","meta":{"_acf_changed":false,"wds_primary_product_brand":0,"wds_primary_product_cat":0},"product_brand":[],"product_cat":[445],"product_tag":[],"class_list":{"0":"post-49079","1":"product","2":"type-product","3":"status-publish","4":"has-post-thumbnail","6":"product_cat-automatische-tueroeffner-fuer-huehnerstaelle","8":"first","9":"instock","10":"taxable","11":"shipping-taxable","12":"purchasable","13":"product-type-simple"},"acf":[],"_links":{"self":[{"href":"https:\/\/netpet.ch\/de\/wp-json\/wp\/v2\/product\/49079","targetHints":{"allow":["GET"]}}],"collection":[{"href":"https:\/\/netpet.ch\/de\/wp-json\/wp\/v2\/product"}],"about":[{"href":"https:\/\/netpet.ch\/de\/wp-json\/wp\/v2\/types\/product"}],"wp:featuredmedia":[{"embeddable":true,"href":"https:\/\/netpet.ch\/de\/wp-json\/wp\/v2\/media\/49081"}],"wp:attachment":[{"href":"https:\/\/netpet.ch\/de\/wp-json\/wp\/v2\/media?parent=49079"}],"wp:term":[{"taxonomy":"product_brand","embeddable":true,"href":"https:\/\/netpet.ch\/de\/wp-json\/wp\/v2\/product_brand?post=49079"},{"taxonomy":"product_cat","embeddable":true,"href":"https:\/\/netpet.ch\/de\/wp-json\/wp\/v2\/product_cat?post=49079"},{"taxonomy":"product_tag","embeddable":true,"href":"https:\/\/netpet.ch\/de\/wp-json\/wp\/v2\/product_tag?post=49079"}],"curies":[{"name":"wp","href":"https:\/\/api.w.org\/{rel}","templated":true}]}}