{"id":49185,"date":"2025-06-14T12:05:31","date_gmt":"2025-06-14T10:05:31","guid":{"rendered":"https:\/\/netpet.ch\/?post_type=product&#038;p=49185"},"modified":"2025-09-09T14:28:16","modified_gmt":"2025-09-09T12:28:16","slug":"brinsea-eleveuse-tlc-40-advance-ii","status":"publish","type":"product","link":"https:\/\/netpet.ch\/de\/produit\/brinsea-eleveuse-tlc-40-advance-ii\/","title":{"rendered":"Brinsea - TLC-40 Advance II Intensiv-Inkubator"},"content":{"rendered":"<p>Der TLC-40 Advance II von Brinsea ist eine vielseitige <strong>Intensivpflegeeinheit<\/strong> f\u00fcr Kleintiere. Er bietet die notwendige W\u00e4rme und den Schutz f\u00fcr die speziellen Pflegebed\u00fcrfnisse vieler junger, kranker, verletzter oder geschw\u00e4chter Kleins\u00e4uger und V\u00f6gel.<\/p>\n<p>Im Gegensatz zu einem klassischen Inkubator f\u00fcr Eier wurde der TLC-40 speziell f\u00fcr die Pflege lebender Tiere entwickelt. Mit einem Nutzvolumen von 40 Litern eignet sich der TLC-40 Advance II besonders f\u00fcr empfindliche Arten wie frisch geschl\u00fcpfte exotische Nestlinge, die noch blind, unbeweglich und unf\u00e4hig sind, ihre K\u00f6rpertemperatur zu regulieren oder sich selbst zu ern\u00e4hren. Ebenso ist er ideal f\u00fcr die Unterbringung von Greifv\u00f6geln, Sittichen oder kleinen S\u00e4ugetieren wie Eichh\u00f6rnchen, Igeln, Flederm\u00e4usen, Nagetieren sowie f\u00fcr Kaninchen, Welpen oder K\u00e4tzchen geeignet.<\/p>\n<p>Robust, effizient, leicht zu reinigen und schnell einsatzbereit - der TLC-40 Advance II ist ein unverzichtbarer Helfer bei der Pflege von schwachen, verwaisten oder sich in Genesung befindenden Tieren.<\/p>\n<p><strong>Hauptmerkmale:<\/strong><br \/>\n\u2022 Pr\u00e4zise digitale Temperaturregelung \u00fcber ein benutzerfreundliches Men\u00fc, Anzeige in \u00b0C oder \u00b0F<br \/>\n\u2022 Warnsignale bei zu hoher oder zu niedriger Temperatur sowie Umgebungstemperatur-Alarm<br \/>\n\u2022 Digitale Anzeige der Luftfeuchtigkeit in der Kammer<br \/>\n\u2022 Wasserbeh\u00e4lter zur Erh\u00f6hung der Luftfeuchtigkeit mit externem Nachf\u00fcllsystem<br \/>\n\u2022 Erweiterter Luftfeuchtigkeitsbereich durch gut schliessende T\u00fcr und gr\u00f6ssere Verdunstungsmatte<br \/>\n\u2022 Positive Druckbel\u00fcftung mit sanftem L\u00fcfterbetrieb; vier L\u00fcftergeschwindigkeiten f\u00fcr besonders stressanf\u00e4llige Tiere<br \/>\n\u2022 Doppelte Luftfilterung zur Eliminierung sch\u00e4dlicher Bakterien und Pilze<br \/>\n\u2022 Einstellbare Frischluftzufuhr \u00fcber ein T\u00fcrventil<br \/>\n\u2022 Sanftes LED-Innenlicht mit Ein-\/Ausschalter<br \/>\n\u2022 M\u00f6glichkeit zum Anschluss eines Verneblers<br \/>\n\u2022 Grosse, stabile, transparente T\u00fcr mit Sicherheitsverschluss - ideal zur Beobachtung und Sozialisierung<br \/>\n\u2022 Fugenlose Konstruktion ohne scharfe Kanten oder Ecken - f\u00fcr mehr Tierkomfort und zur Vermeidung von Benagen<br \/>\n\u2022 Leichte Reinigung dank vollst\u00e4ndig zerlegbarem Innenraum aus ABS-Kunststoff<br \/>\n\u2022 Schutz durch antimikrobiellen Zusatzstoff Polygiene Biomaster\u2122 *<br \/>\n\u2022 Herstellung in Grossbritannien<br \/>\n\u2022 3 Jahre Herstellergarantie, vorbehaltlich einer Online-Registrierung beim Kauf auf <span style=\"color: #ffc50b\"><a style=\"color: #ffc50b\" href=\"http:\/\/www.brinsea.co.uk\" target=\"_blank\" rel=\"noopener\">brinsea.co.uk<\/a><\/span>.<\/p>\n<p><strong>Technische Daten:<\/strong><br \/>\n\u2022 \u00c4ussere Abmessungen: 485x385x470mm (LxTxH)<br \/>\n\u2022 Bodenfl\u00e4che: 400x300mm (LxT)<br \/>\n\u2022 Gewicht: 6.7kg<br \/>\n\u2022 Nutzvolumen: 40l<br \/>\n\u2022 Stromverbrauch: max 150W, durchschnittlich 85W<\/p>\n<p><em>*Es ist nachgewiesen, dass der antimikrobielle Zusatzstoff Biomaster\u2122 das Bakterienwachstum um bis zu 99.99% reduziert und dabei 100% sicher f\u00fcr Eier, K\u00fcken und Menschen ist. Der Polygiene Biomaster\u2122-Schutz ist direkt im Kunststoff integriert, wodurch das Wachstum sch\u00e4dlicher Bakterien verhindert wird und ein optimales Umfeld f\u00fcr Jungtiere entsteht.<\/em><\/p>\n<p><img loading=\"lazy\" decoding=\"async\" class=\"alignnone size-medium wp-image-48246\" src=\"https:\/\/netpet.ch\/wp-content\/uploads\/2023\/03\/bs-biomaster-2024-300x300.jpg\" alt=\"\" width=\"300\" height=\"300\" srcset=\"https:\/\/netpet.ch\/wp-content\/uploads\/2023\/03\/bs-biomaster-2024-300x300.jpg 300w, https:\/\/netpet.ch\/wp-content\/uploads\/2023\/03\/bs-biomaster-2024-1024x1024.jpg 1024w, https:\/\/netpet.ch\/wp-content\/uploads\/2023\/03\/bs-biomaster-2024-150x150.jpg 150w, https:\/\/netpet.ch\/wp-content\/uploads\/2023\/03\/bs-biomaster-2024-768x768.jpg 768w, https:\/\/netpet.ch\/wp-content\/uploads\/2023\/03\/bs-biomaster-2024-1536x1536.jpg 1536w, https:\/\/netpet.ch\/wp-content\/uploads\/2023\/03\/bs-biomaster-2024-2048x2048.jpg 2048w, https:\/\/netpet.ch\/wp-content\/uploads\/2023\/03\/bs-biomaster-2024-600x600.jpg 600w, https:\/\/netpet.ch\/wp-content\/uploads\/2023\/03\/bs-biomaster-2024-100x100.jpg 100w, https:\/\/netpet.ch\/wp-content\/uploads\/2023\/03\/bs-biomaster-2024.jpg 2362w\" sizes=\"auto, (max-width: 300px) 100vw, 300px\" \/><img loading=\"lazy\" decoding=\"async\" class=\"alignnone size-medium wp-image-48244\" src=\"https:\/\/netpet.ch\/wp-content\/uploads\/2023\/03\/bs-3yearguarantee-2024-300x300.jpg\" alt=\"\" width=\"300\" height=\"300\" srcset=\"https:\/\/netpet.ch\/wp-content\/uploads\/2023\/03\/bs-3yearguarantee-2024-300x300.jpg 300w, https:\/\/netpet.ch\/wp-content\/uploads\/2023\/03\/bs-3yearguarantee-2024-1024x1024.jpg 1024w, https:\/\/netpet.ch\/wp-content\/uploads\/2023\/03\/bs-3yearguarantee-2024-150x150.jpg 150w, https:\/\/netpet.ch\/wp-content\/uploads\/2023\/03\/bs-3yearguarantee-2024-768x768.jpg 768w, https:\/\/netpet.ch\/wp-content\/uploads\/2023\/03\/bs-3yearguarantee-2024-1536x1536.jpg 1536w, https:\/\/netpet.ch\/wp-content\/uploads\/2023\/03\/bs-3yearguarantee-2024-2048x2048.jpg 2048w, https:\/\/netpet.ch\/wp-content\/uploads\/2023\/03\/bs-3yearguarantee-2024-600x600.jpg 600w, https:\/\/netpet.ch\/wp-content\/uploads\/2023\/03\/bs-3yearguarantee-2024-100x100.jpg 100w, https:\/\/netpet.ch\/wp-content\/uploads\/2023\/03\/bs-3yearguarantee-2024.jpg 2362w\" sizes=\"auto, (max-width: 300px) 100vw, 300px\" \/><img loading=\"lazy\" decoding=\"async\" class=\"alignnone size-medium wp-image-48248\" src=\"https:\/\/netpet.ch\/wp-content\/uploads\/2023\/03\/bs-mib-2024-300x300.jpg\" alt=\"\" width=\"300\" height=\"300\" srcset=\"https:\/\/netpet.ch\/wp-content\/uploads\/2023\/03\/bs-mib-2024-300x300.jpg 300w, https:\/\/netpet.ch\/wp-content\/uploads\/2023\/03\/bs-mib-2024-1024x1024.jpg 1024w, https:\/\/netpet.ch\/wp-content\/uploads\/2023\/03\/bs-mib-2024-150x150.jpg 150w, https:\/\/netpet.ch\/wp-content\/uploads\/2023\/03\/bs-mib-2024-768x768.jpg 768w, https:\/\/netpet.ch\/wp-content\/uploads\/2023\/03\/bs-mib-2024-1536x1536.jpg 1536w, https:\/\/netpet.ch\/wp-content\/uploads\/2023\/03\/bs-mib-2024-2048x2048.jpg 2048w, https:\/\/netpet.ch\/wp-content\/uploads\/2023\/03\/bs-mib-2024-600x600.jpg 600w, https:\/\/netpet.ch\/wp-content\/uploads\/2023\/03\/bs-mib-2024-100x100.jpg 100w, https:\/\/netpet.ch\/wp-content\/uploads\/2023\/03\/bs-mib-2024.jpg 2362w\" sizes=\"auto, (max-width: 300px) 100vw, 300px\" \/><\/p>\n<p>&nbsp;<\/p>\n","protected":false},"excerpt":{"rendered":"<p>&nbsp;<\/p>\n<p><img loading=\"lazy\" decoding=\"async\" class=\"size-medium wp-image-48250 alignleft\" src=\"https:\/\/netpet.ch\/wp-content\/uploads\/2023\/03\/Image16-300x183.png\" alt=\"\" width=\"300\" height=\"183\" srcset=\"https:\/\/netpet.ch\/wp-content\/uploads\/2023\/03\/Image16-300x183.png 300w, https:\/\/netpet.ch\/wp-content\/uploads\/2023\/03\/Image16-1024x625.png 1024w, https:\/\/netpet.ch\/wp-content\/uploads\/2023\/03\/Image16-768x469.png 768w, https:\/\/netpet.ch\/wp-content\/uploads\/2023\/03\/Image16-1536x937.png 1536w, https:\/\/netpet.ch\/wp-content\/uploads\/2023\/03\/Image16-600x366.png 600w, https:\/\/netpet.ch\/wp-content\/uploads\/2023\/03\/Image16.png 1822w\" sizes=\"auto, (max-width: 300px) 100vw, 300px\" \/><\/p>\n","protected":false},"featured_media":49031,"template":"","meta":{"_acf_changed":false,"wds_primary_product_brand":0,"wds_primary_product_cat":0},"product_brand":[],"product_cat":[448,457,453,451],"product_tag":[],"class_list":{"0":"post-49185","1":"product","2":"type-product","3":"status-publish","4":"has-post-thumbnail","6":"product_cat-couveuses-brinsea-de","7":"product_cat-fur-kuken-und-wachteln","8":"product_cat-kuekenaufzucht-zubehoer","9":"product_cat-professionelle-brutgeraete","11":"first","12":"instock","13":"taxable","14":"shipping-taxable","15":"purchasable","16":"product-type-variable"},"acf":[],"_links":{"self":[{"href":"https:\/\/netpet.ch\/de\/wp-json\/wp\/v2\/product\/49185","targetHints":{"allow":["GET"]}}],"collection":[{"href":"https:\/\/netpet.ch\/de\/wp-json\/wp\/v2\/product"}],"about":[{"href":"https:\/\/netpet.ch\/de\/wp-json\/wp\/v2\/types\/product"}],"wp:featuredmedia":[{"embeddable":true,"href":"https:\/\/netpet.ch\/de\/wp-json\/wp\/v2\/media\/49031"}],"wp:attachment":[{"href":"https:\/\/netpet.ch\/de\/wp-json\/wp\/v2\/media?parent=49185"}],"wp:term":[{"taxonomy":"product_brand","embeddable":true,"href":"https:\/\/netpet.ch\/de\/wp-json\/wp\/v2\/product_brand?post=49185"},{"taxonomy":"product_cat","embeddable":true,"href":"https:\/\/netpet.ch\/de\/wp-json\/wp\/v2\/product_cat?post=49185"},{"taxonomy":"product_tag","embeddable":true,"href":"https:\/\/netpet.ch\/de\/wp-json\/wp\/v2\/product_tag?post=49185"}],"curies":[{"name":"wp","href":"https:\/\/api.w.org\/{rel}","templated":true}]}}