{"id":49350,"date":"2025-09-09T14:30:25","date_gmt":"2025-09-09T12:30:25","guid":{"rendered":"https:\/\/netpet.ch\/?post_type=product&#038;p=49350"},"modified":"2026-03-20T20:59:19","modified_gmt":"2026-03-20T19:59:19","slug":"brinsea-verdampfungsbloecke-fuer-tlc-40-ii-6er-pack","status":"publish","type":"product","link":"https:\/\/netpet.ch\/de\/produit\/brinsea-verdampfungsbloecke-fuer-tlc-40-ii-6er-pack\/","title":{"rendered":"Brinsea - Verdampfungsbl\u00f6cke f\u00fcr TLC-40 II (6er-Pack)"},"content":{"rendered":"<p><strong>6er-Pack Verdampfungsschw\u00e4mme f\u00fcr das Aufzuchtger\u00e4t TLC-40 II.<\/strong><\/p>\n<p>Der Verdunstungsblock wird im Wassertank platziert, wo er sich mit Wasser vollsaugt. Durch die W\u00e4rme und den Luftstrom im Ger\u00e4t verdunstet das Wasser anschliessend langsam im Inneren. Dank der Wabenstruktur vergr\u00f6ssert sich die Oberfl\u00e4che des Wassers, das mit der Luft in Kontakt steht, was eine h\u00f6here Luftfeuchtigkeit im Aufzuchtger\u00e4t erm\u00f6glicht.<\/p>\n<p>Hinweise: Der Hersteller empfiehlt, den Verdampfungsblock alle zwei Monate bei regelm\u00e4ssiger Nutzung des Ger\u00e4ts auszutauschen; ausserdem wird empfohlen, eine Desinfektionsl\u00f6sung von Brinsea im Wassertank zu verwenden, um bakterielles Wachstum zu verhindern (1 Teil Brinsea Konzentrat-Desinfektionsmittel, Produktcode: <a href=\"https:\/\/netpet.ch\/de\/produit\/brinsea-desinfectant-concentre-pour-couveuses-et-oeufs-100ml\/\" target=\"_blank\" rel=\"noopener\"><span style=\"color: #0000ff\">bs-14.35<\/span><\/a>, auf 100 Teile Wasser).<\/p>\n<p><em>Originales Brinsea-Zubeh\u00f6r.<\/em><\/p>\n<p>(\u00fcbersetzt mit www.deepL.com)<\/p>\n","protected":false},"excerpt":{"rendered":"<p>&nbsp;<\/p>\n<p><img loading=\"lazy\" decoding=\"async\" class=\"size-medium wp-image-48250 alignleft\" src=\"https:\/\/netpet.ch\/wp-content\/uploads\/2023\/03\/Image16-300x183.png\" alt=\"\" width=\"300\" height=\"183\" srcset=\"https:\/\/netpet.ch\/wp-content\/uploads\/2023\/03\/Image16-300x183.png 300w, https:\/\/netpet.ch\/wp-content\/uploads\/2023\/03\/Image16-1024x625.png 1024w, https:\/\/netpet.ch\/wp-content\/uploads\/2023\/03\/Image16-768x469.png 768w, https:\/\/netpet.ch\/wp-content\/uploads\/2023\/03\/Image16-1536x937.png 1536w, https:\/\/netpet.ch\/wp-content\/uploads\/2023\/03\/Image16-600x366.png 600w, https:\/\/netpet.ch\/wp-content\/uploads\/2023\/03\/Image16.png 1822w\" sizes=\"auto, (max-width: 300px) 100vw, 300px\" \/><\/p>\n","protected":false},"featured_media":49349,"template":"","meta":{"_acf_changed":false,"wds_primary_product_brand":0,"wds_primary_product_cat":0},"product_brand":[],"product_cat":[821],"product_tag":[],"class_list":{"0":"post-49350","1":"product","2":"type-product","3":"status-publish","4":"has-post-thumbnail","6":"product_cat-zubehoer-fuer-brinsea-inkubatoren","8":"first","9":"instock","10":"taxable","11":"shipping-taxable","12":"purchasable","13":"product-type-simple"},"acf":[],"_links":{"self":[{"href":"https:\/\/netpet.ch\/de\/wp-json\/wp\/v2\/product\/49350","targetHints":{"allow":["GET"]}}],"collection":[{"href":"https:\/\/netpet.ch\/de\/wp-json\/wp\/v2\/product"}],"about":[{"href":"https:\/\/netpet.ch\/de\/wp-json\/wp\/v2\/types\/product"}],"wp:featuredmedia":[{"embeddable":true,"href":"https:\/\/netpet.ch\/de\/wp-json\/wp\/v2\/media\/49349"}],"wp:attachment":[{"href":"https:\/\/netpet.ch\/de\/wp-json\/wp\/v2\/media?parent=49350"}],"wp:term":[{"taxonomy":"product_brand","embeddable":true,"href":"https:\/\/netpet.ch\/de\/wp-json\/wp\/v2\/product_brand?post=49350"},{"taxonomy":"product_cat","embeddable":true,"href":"https:\/\/netpet.ch\/de\/wp-json\/wp\/v2\/product_cat?post=49350"},{"taxonomy":"product_tag","embeddable":true,"href":"https:\/\/netpet.ch\/de\/wp-json\/wp\/v2\/product_tag?post=49350"}],"curies":[{"name":"wp","href":"https:\/\/api.w.org\/{rel}","templated":true}]}}