{"id":49674,"date":"2025-09-09T23:22:56","date_gmt":"2025-09-09T21:22:56","guid":{"rendered":"https:\/\/netpet.ch\/?post_type=product&#038;p=49674"},"modified":"2026-03-25T20:03:35","modified_gmt":"2026-03-25T19:03:35","slug":"brinsea-verdunstungskarton-blaetter-2er-pack","status":"publish","type":"product","link":"https:\/\/netpet.ch\/de\/produit\/brinsea-verdunstungskarton-blaetter-2er-pack\/","title":{"rendered":"Brinsea \u2013 Verdunstungskarton-Bl\u00e4tter (2er-Pack)"},"content":{"rendered":"<p>Die weissen Feuchtigkeitspads aus stark saugf\u00e4higem Verdunstungskarton regulieren zuverl\u00e4ssig die Luftfeuchtigkeit in folgenden Brinsea-Brutger\u00e4ten:<\/p>\n<p>\u2022 Mini II<br \/>\n\u2022 Maxi II und Maxi 24<br \/>\n\u2022 Octagon 100\/250<\/p>\n<p>Die im 2er-Set erh\u00e4ltlichen Bl\u00e4tter haben das Format DIN A4 und m\u00fcssen passend zum jeweiligen Ger\u00e4t zugeschnitten werden.<\/p>\n<p>F\u00fcr eine optimale Leistung und ein hygienisches Brutumfeld sollte das Verdunstungspad nach jedem Brutdurchgang ausgetauscht werden.<\/p>\n<p><em>Originales Brinsea-Zubeh\u00f6r.<\/em><\/p>\n<p>(\u00fcbersetzt mit www.deepL.com)<\/p>\n","protected":false},"excerpt":{"rendered":"<p>&nbsp;<\/p>\n<p><img loading=\"lazy\" decoding=\"async\" class=\"size-medium wp-image-48250 alignleft\" src=\"https:\/\/netpet.ch\/wp-content\/uploads\/2023\/03\/Image16-300x183.png\" alt=\"\" width=\"300\" height=\"183\" srcset=\"https:\/\/netpet.ch\/wp-content\/uploads\/2023\/03\/Image16-300x183.png 300w, https:\/\/netpet.ch\/wp-content\/uploads\/2023\/03\/Image16-1024x625.png 1024w, https:\/\/netpet.ch\/wp-content\/uploads\/2023\/03\/Image16-768x469.png 768w, https:\/\/netpet.ch\/wp-content\/uploads\/2023\/03\/Image16-1536x937.png 1536w, https:\/\/netpet.ch\/wp-content\/uploads\/2023\/03\/Image16-600x366.png 600w, https:\/\/netpet.ch\/wp-content\/uploads\/2023\/03\/Image16.png 1822w\" sizes=\"auto, (max-width: 300px) 100vw, 300px\" \/><\/p>\n","protected":false},"featured_media":49673,"template":"","meta":{"_acf_changed":false,"wds_primary_product_brand":0,"wds_primary_product_cat":0},"product_brand":[],"product_cat":[821],"product_tag":[],"class_list":{"0":"post-49674","1":"product","2":"type-product","3":"status-publish","4":"has-post-thumbnail","6":"product_cat-zubehoer-fuer-brinsea-inkubatoren","8":"first","9":"instock","10":"taxable","11":"shipping-taxable","12":"purchasable","13":"product-type-simple"},"acf":[],"_links":{"self":[{"href":"https:\/\/netpet.ch\/de\/wp-json\/wp\/v2\/product\/49674","targetHints":{"allow":["GET"]}}],"collection":[{"href":"https:\/\/netpet.ch\/de\/wp-json\/wp\/v2\/product"}],"about":[{"href":"https:\/\/netpet.ch\/de\/wp-json\/wp\/v2\/types\/product"}],"wp:featuredmedia":[{"embeddable":true,"href":"https:\/\/netpet.ch\/de\/wp-json\/wp\/v2\/media\/49673"}],"wp:attachment":[{"href":"https:\/\/netpet.ch\/de\/wp-json\/wp\/v2\/media?parent=49674"}],"wp:term":[{"taxonomy":"product_brand","embeddable":true,"href":"https:\/\/netpet.ch\/de\/wp-json\/wp\/v2\/product_brand?post=49674"},{"taxonomy":"product_cat","embeddable":true,"href":"https:\/\/netpet.ch\/de\/wp-json\/wp\/v2\/product_cat?post=49674"},{"taxonomy":"product_tag","embeddable":true,"href":"https:\/\/netpet.ch\/de\/wp-json\/wp\/v2\/product_tag?post=49674"}],"curies":[{"name":"wp","href":"https:\/\/api.w.org\/{rel}","templated":true}]}}