{"id":50081,"date":"2025-10-25T16:03:12","date_gmt":"2025-10-25T14:03:12","guid":{"rendered":"https:\/\/netpet.ch\/?post_type=product&#038;p=50081"},"modified":"2025-11-16T10:14:25","modified_gmt":"2025-11-16T09:14:25","slug":"optimus-gefluegeltraenke-auf-fuessen-25l","status":"publish","type":"product","link":"https:\/\/netpet.ch\/de\/produit\/optimus-gefluegeltraenke-auf-fuessen-25l\/","title":{"rendered":"Optimus Gefl\u00fcgeltr\u00e4nke auf F\u00fcssen, 25L"},"content":{"rendered":"<p>Mit dem Optimus-Trinkgef\u00e4ss auf F\u00fcssen (25\u202fLiter) bieten Sie Ihren H\u00fchnern und Gefl\u00fcgel jederzeit sauberes und frisches Wasser. Das hochwertige Siphon-Trinkgef\u00e4ss wurde bis ins kleinste Detail durchdacht und eignet sich ideal f\u00fcr die Haltung von H\u00fchnern und Gefl\u00fcgel - sowohl im Innen- als auch im Aussenbereich. Dank seiner innovativen Bauweise \u00fcberzeugt es durch hohe Stabilit\u00e4t, optimale Hygiene und Langlebigkeit.<\/p>\n<p><strong>Die Vorteile der Gefl\u00fcgeltr\u00e4nke Optimus 25L:<\/strong><br \/>\n\u2022 Leicht zu reinigen durch zweiteiliges Beh\u00e4ltersystem mit einfachem Zugang zum Inneren<br \/>\n\u2022 Einfaches Nachf\u00fcllen dank grosser \u00d6ffnung an der Oberseite<br \/>\n\u2022 Robuste und stabile Konstruktion - kippt nicht um, auch bei vollem Tank<br \/>\n\u2022 UV-best\u00e4ndiger Kunststoff - perfekt f\u00fcr den Einsatz im Freien<br \/>\n\u2022 Lichtundurchl\u00e4ssiger Tank verhindert Algenbildung und sorgt f\u00fcr sauberes Wasser<br \/>\n\u2022 Wasserstand individuell einstellbar mit zwei mitgelieferten Silikonschl\u00e4uchen (40mm und 60mm)<br \/>\n\u2022 Langlebiges Messingventil - ideal f\u00fcr den intensiven, t\u00e4glichen Gebrauch<br \/>\n\u2022 Zus\u00e4tzliche Trinkschale zum Wechseln bei Verschmutzung<br \/>\n\u2022 Silikondichtungen \u2013 langlebiger als herk\u00f6mmliche Gummidichtungen<\/p>\n<p>\u2705 <em>Anwendungstipp f\u00fcr das Optimus-Trinkgef\u00e4ss<\/em>: Stellen Sie das Trinkgef\u00e4ss an den gew\u00fcnschten Ort, bevor Sie es bef\u00fcllen - gef\u00fcllt ist es zu schwer, um es sicher zu bewegen.<\/p>\n<p><strong>Masse des Optimus-Trinkgef\u00e4\u00dfes auf F\u00fcssen:<\/strong><br \/>\n\u2022 Beh\u00e4lterdurchmesser: 39cm<br \/>\n\u2022 Gesamth\u00f6he: 70cm<br \/>\n\u2022 H\u00f6he der Trinkschale: 15cm<\/p>\n","protected":false},"excerpt":{"rendered":"<p style=\"text-align: left\"><em><strong><span style=\"color: #f05957\">NEU IM SORTIMENT von netpet.ch<\/span><\/strong><\/em><\/p>\n","protected":false},"featured_media":49893,"template":"","meta":{"_acf_changed":false,"wds_primary_product_brand":0,"wds_primary_product_cat":0},"product_brand":[],"product_cat":[433],"product_tag":[],"class_list":{"0":"post-50081","1":"product","2":"type-product","3":"status-publish","4":"has-post-thumbnail","6":"product_cat-tranken","8":"first","9":"outofstock","10":"taxable","11":"shipping-taxable","12":"purchasable","13":"product-type-simple"},"acf":[],"_links":{"self":[{"href":"https:\/\/netpet.ch\/de\/wp-json\/wp\/v2\/product\/50081","targetHints":{"allow":["GET"]}}],"collection":[{"href":"https:\/\/netpet.ch\/de\/wp-json\/wp\/v2\/product"}],"about":[{"href":"https:\/\/netpet.ch\/de\/wp-json\/wp\/v2\/types\/product"}],"wp:featuredmedia":[{"embeddable":true,"href":"https:\/\/netpet.ch\/de\/wp-json\/wp\/v2\/media\/49893"}],"wp:attachment":[{"href":"https:\/\/netpet.ch\/de\/wp-json\/wp\/v2\/media?parent=50081"}],"wp:term":[{"taxonomy":"product_brand","embeddable":true,"href":"https:\/\/netpet.ch\/de\/wp-json\/wp\/v2\/product_brand?post=50081"},{"taxonomy":"product_cat","embeddable":true,"href":"https:\/\/netpet.ch\/de\/wp-json\/wp\/v2\/product_cat?post=50081"},{"taxonomy":"product_tag","embeddable":true,"href":"https:\/\/netpet.ch\/de\/wp-json\/wp\/v2\/product_tag?post=50081"}],"curies":[{"name":"wp","href":"https:\/\/api.w.org\/{rel}","templated":true}]}}