{"id":50203,"date":"2025-10-27T07:58:24","date_gmt":"2025-10-27T06:58:24","guid":{"rendered":"https:\/\/netpet.ch\/?post_type=product&#038;p=50203"},"modified":"2026-04-06T11:07:10","modified_gmt":"2026-04-06T09:07:10","slug":"brinsea-brutgeraet-maxi-24-ex-connect","status":"publish","type":"product","link":"https:\/\/netpet.ch\/de\/produit\/brinsea-brutgeraet-maxi-24-ex-connect\/","title":{"rendered":"Brinsea - Brutger\u00e4t Maxi 24 EX CONNECT"},"content":{"rendered":"<p><em><span style=\"color: #f05957;\"><strong>Brinsea Maxi 24 EX CONNECT Brutapparat \u2013 Hochtechnologie f\u00fcr optimale Schlupfraten<\/strong><\/span><\/em><\/p>\n<p>Mit dem neuen Maxi 24 EX CONNECT Brutkasten von Brinsea und der kostenlosen App bleiben Sie jederzeit mit Ihren Eiern in Verbindung! \u00dcber Ihr Smartphone k\u00f6nnen Sie Ihren Inkubator ganz einfach und komfortabel \u00fcberwachen und steuern - jederzeit und \u00fcberall, f\u00fcr perfekte Schlupfergebnisse.<\/p>\n<p>Dank der kostenlosen <em>Brinsea Connect<\/em> App, erh\u00e4ltlich im App Store und bei Google Play, k\u00f6nnen Sie alle Funktionen Ihres mit dem lokalen WLAN verbundenen Brutautomaten aus der Ferne kontrollieren: \u00dcberwachung und Regelung von Temperatur und Luftfeuchtigkeit, Anpassung der Einstellungen, Alarmmeldungen u.v.m. Bei einer Unterbrechung der Internetverbindung bleibt der Brutvorgang selbstverst\u00e4ndlich sicher und stabil.<\/p>\n<p><span style=\"color: #f05957;\"><strong>Der Maxi 24 EX CONNECT im Detail:<\/strong><\/span><\/p>\n<ul>\n<li>Transparenter Deckel f\u00fcr eine hervorragende Sicht w\u00e4hrend der Inkubation und des Schl\u00fcpfens<\/li>\n<li>Steuerung und \u00dcberwachung \u00fcber die kostenlose <em>Brinsea Connect<\/em> App f\u00fcr Smartphones (iOS, Android)<\/li>\n<li>Automatisches Wenden der Eier mit programmierbaren Intervallen und Rotationswinkeln<\/li>\n<li>Automatische Kontrolle von Temperatur und Luftfeuchtigkeit<\/li>\n<li>Digitale Anzeige der Temperatur in \u00b0C oder \u00b0F<\/li>\n<li>Digitale Anzeige der Luftfeuchtigkeit<\/li>\n<li>Integrierte, hochpr\u00e4zise peristaltische Wasserpumpe<\/li>\n<li>Externer Wasseranschluss zum Nachf\u00fcllen<\/li>\n<li>Luftzirkulation durch hochwertigen Ventilator f\u00fcr eine gleichm\u00e4ssige Verteilung von W\u00e4rme und Feuchtigkeit im gesamten Inkubator<\/li>\n<li>Regelbare Bel\u00fcftung<\/li>\n<li>Optionale periodische Abk\u00fchlung der Eier<\/li>\n<li>Alarm bei Abweichungen der Umgebungs- oder Bruttemperatur<\/li>\n<li>Anzeige bei Stromausfall<\/li>\n<li>Option f\u00fcr hochfrequentes Wenden<\/li>\n<li>Wendeeins\u00e4tze f\u00fcr Wachtel-, H\u00fchner-, Enten- und G\u00e4nseeier im Lieferumfang enthalten<\/li>\n<li>Antimikrobieller Schutz durch den Polygiene Biomaster\u2122-Zusatz*<\/li>\n<li>3 Jahre Herstellergarantie, vorbehaltlich einer Online-Registrierung beim Kauf auf <span style=\"color: #ffc50b;\"><a style=\"color: #ffc50b;\" href=\"http:\/\/www.brinsea.co.uk\" target=\"_blank\" rel=\"noopener\">brinsea.co.uk<\/a><\/span><\/li>\n<li>Hergestellt in Grossbritannien<\/li>\n<\/ul>\n<p>*<em>nachweislich reduziert der antimikrobielle Polygiene Biomaster\u2122-Zusatz das Bakterienwachstum um bis zu 99.99% und ist 100% sicher f\u00fcr Eier, K\u00fcken und Menschen; er sch\u00fctzt den Inkubator vor mikrobiellem Wachstum, indem er das Risiko einer Kreuzkontamination verringert und eine hygienischere Umgebung f\u00fcr die Eier schafft.<\/em><\/p>\n<p><span style=\"color: #f05957;\"><strong>Maximale Eikapazit\u00e4t (ca.) mit den mitgelieferten Wendeeins\u00e4tzen:<\/strong><\/span><\/p>\n<ul>\n<li>Wachtel: 40<\/li>\n<li>Fasan: 24<\/li>\n<li>Huhn: 24<\/li>\n<li>Ente: 12<\/li>\n<li>Gans: 8<\/li>\n<\/ul>\n<p><img loading=\"lazy\" decoding=\"async\" class=\"alignnone wp-image-46115 \" src=\"https:\/\/netpet.ch\/wp-content\/uploads\/2023\/11\/bs-ac10-1-150x150.jpg\" alt=\"\" width=\"170\" height=\"170\" srcset=\"https:\/\/netpet.ch\/wp-content\/uploads\/2023\/11\/bs-ac10-1-150x150.jpg 150w, https:\/\/netpet.ch\/wp-content\/uploads\/2023\/11\/bs-ac10-1-300x300.jpg 300w, https:\/\/netpet.ch\/wp-content\/uploads\/2023\/11\/bs-ac10-1-768x768.jpg 768w, https:\/\/netpet.ch\/wp-content\/uploads\/2023\/11\/bs-ac10-1-600x600.jpg 600w, https:\/\/netpet.ch\/wp-content\/uploads\/2023\/11\/bs-ac10-1-100x100.jpg 100w, https:\/\/netpet.ch\/wp-content\/uploads\/2023\/11\/bs-ac10-1.jpg 1024w\" sizes=\"auto, (max-width: 170px) 100vw, 170px\" \/> <img loading=\"lazy\" decoding=\"async\" class=\"alignnone wp-image-46112\" src=\"https:\/\/netpet.ch\/wp-content\/uploads\/2023\/11\/bs-ac06-1-300x300.jpg\" alt=\"\" width=\"175\" height=\"175\" srcset=\"https:\/\/netpet.ch\/wp-content\/uploads\/2023\/11\/bs-ac06-1-300x300.jpg 300w, https:\/\/netpet.ch\/wp-content\/uploads\/2023\/11\/bs-ac06-1-150x150.jpg 150w, https:\/\/netpet.ch\/wp-content\/uploads\/2023\/11\/bs-ac06-1-768x768.jpg 768w, https:\/\/netpet.ch\/wp-content\/uploads\/2023\/11\/bs-ac06-1-600x600.jpg 600w, https:\/\/netpet.ch\/wp-content\/uploads\/2023\/11\/bs-ac06-1-100x100.jpg 100w, https:\/\/netpet.ch\/wp-content\/uploads\/2023\/11\/bs-ac06-1.jpg 800w\" sizes=\"auto, (max-width: 175px) 100vw, 175px\" \/> <img loading=\"lazy\" decoding=\"async\" class=\"alignnone wp-image-46117\" src=\"https:\/\/netpet.ch\/wp-content\/uploads\/2023\/11\/bs-ac03-1-1-300x300.jpg\" alt=\"\" width=\"170\" height=\"170\" srcset=\"https:\/\/netpet.ch\/wp-content\/uploads\/2023\/11\/bs-ac03-1-1-300x300.jpg 300w, https:\/\/netpet.ch\/wp-content\/uploads\/2023\/11\/bs-ac03-1-1-150x150.jpg 150w, https:\/\/netpet.ch\/wp-content\/uploads\/2023\/11\/bs-ac03-1-1-768x768.jpg 768w, https:\/\/netpet.ch\/wp-content\/uploads\/2023\/11\/bs-ac03-1-1-600x600.jpg 600w, https:\/\/netpet.ch\/wp-content\/uploads\/2023\/11\/bs-ac03-1-1-100x100.jpg 100w, https:\/\/netpet.ch\/wp-content\/uploads\/2023\/11\/bs-ac03-1-1.jpg 1024w\" sizes=\"auto, (max-width: 170px) 100vw, 170px\" \/><img loading=\"lazy\" decoding=\"async\" class=\"alignnone wp-image-46119\" src=\"https:\/\/netpet.ch\/wp-content\/uploads\/2023\/10\/bs-ac02-1-1-300x300.jpg\" alt=\"\" width=\"170\" height=\"170\" srcset=\"https:\/\/netpet.ch\/wp-content\/uploads\/2023\/10\/bs-ac02-1-1-300x300.jpg 300w, https:\/\/netpet.ch\/wp-content\/uploads\/2023\/10\/bs-ac02-1-1-150x150.jpg 150w, https:\/\/netpet.ch\/wp-content\/uploads\/2023\/10\/bs-ac02-1-1-768x768.jpg 768w, https:\/\/netpet.ch\/wp-content\/uploads\/2023\/10\/bs-ac02-1-1-600x600.jpg 600w, https:\/\/netpet.ch\/wp-content\/uploads\/2023\/10\/bs-ac02-1-1-100x100.jpg 100w, https:\/\/netpet.ch\/wp-content\/uploads\/2023\/10\/bs-ac02-1-1.jpg 1024w\" sizes=\"auto, (max-width: 170px) 100vw, 170px\" \/><\/p>\n<p><span style=\"color: #f05957;\"><strong>Technische Daten:<\/strong><\/span><\/p>\n<ul>\n<li>Abmessungen: 34 x 34 x 19cm (LxBxH)<\/li>\n<li>Gewicht: 2.5kg<\/li>\n<li>Stromverbrauch: max 40W, durchschnittlich 24W<\/li>\n<\/ul>\n<p>Im Lieferumfang enthalten: ein gewellter Schlupfteppich; zus\u00e4tzliche Teppiche sind separat erh\u00e4ltlich und ideal f\u00fcr zuk\u00fcnftige Schlupfserien.<\/p>\n<p><img loading=\"lazy\" decoding=\"async\" class=\"alignnone size-medium wp-image-48246\" src=\"https:\/\/netpet.ch\/wp-content\/uploads\/2023\/03\/bs-biomaster-2024-300x300.jpg\" alt=\"\" width=\"300\" height=\"300\" srcset=\"https:\/\/netpet.ch\/wp-content\/uploads\/2023\/03\/bs-biomaster-2024-300x300.jpg 300w, https:\/\/netpet.ch\/wp-content\/uploads\/2023\/03\/bs-biomaster-2024-1024x1024.jpg 1024w, https:\/\/netpet.ch\/wp-content\/uploads\/2023\/03\/bs-biomaster-2024-150x150.jpg 150w, https:\/\/netpet.ch\/wp-content\/uploads\/2023\/03\/bs-biomaster-2024-768x768.jpg 768w, https:\/\/netpet.ch\/wp-content\/uploads\/2023\/03\/bs-biomaster-2024-1536x1536.jpg 1536w, https:\/\/netpet.ch\/wp-content\/uploads\/2023\/03\/bs-biomaster-2024-2048x2048.jpg 2048w, https:\/\/netpet.ch\/wp-content\/uploads\/2023\/03\/bs-biomaster-2024-600x600.jpg 600w, https:\/\/netpet.ch\/wp-content\/uploads\/2023\/03\/bs-biomaster-2024-100x100.jpg 100w, https:\/\/netpet.ch\/wp-content\/uploads\/2023\/03\/bs-biomaster-2024.jpg 2362w\" sizes=\"auto, (max-width: 300px) 100vw, 300px\" \/><img loading=\"lazy\" decoding=\"async\" class=\"alignnone size-medium wp-image-48244\" src=\"https:\/\/netpet.ch\/wp-content\/uploads\/2023\/03\/bs-3yearguarantee-2024-300x300.jpg\" alt=\"\" width=\"300\" height=\"300\" srcset=\"https:\/\/netpet.ch\/wp-content\/uploads\/2023\/03\/bs-3yearguarantee-2024-300x300.jpg 300w, https:\/\/netpet.ch\/wp-content\/uploads\/2023\/03\/bs-3yearguarantee-2024-1024x1024.jpg 1024w, https:\/\/netpet.ch\/wp-content\/uploads\/2023\/03\/bs-3yearguarantee-2024-150x150.jpg 150w, https:\/\/netpet.ch\/wp-content\/uploads\/2023\/03\/bs-3yearguarantee-2024-768x768.jpg 768w, https:\/\/netpet.ch\/wp-content\/uploads\/2023\/03\/bs-3yearguarantee-2024-1536x1536.jpg 1536w, https:\/\/netpet.ch\/wp-content\/uploads\/2023\/03\/bs-3yearguarantee-2024-2048x2048.jpg 2048w, https:\/\/netpet.ch\/wp-content\/uploads\/2023\/03\/bs-3yearguarantee-2024-600x600.jpg 600w, https:\/\/netpet.ch\/wp-content\/uploads\/2023\/03\/bs-3yearguarantee-2024-100x100.jpg 100w, https:\/\/netpet.ch\/wp-content\/uploads\/2023\/03\/bs-3yearguarantee-2024.jpg 2362w\" sizes=\"auto, (max-width: 300px) 100vw, 300px\" \/><img loading=\"lazy\" decoding=\"async\" class=\"alignnone size-medium wp-image-48248\" src=\"https:\/\/netpet.ch\/wp-content\/uploads\/2023\/03\/bs-mib-2024-300x300.jpg\" alt=\"\" width=\"300\" height=\"300\" srcset=\"https:\/\/netpet.ch\/wp-content\/uploads\/2023\/03\/bs-mib-2024-300x300.jpg 300w, https:\/\/netpet.ch\/wp-content\/uploads\/2023\/03\/bs-mib-2024-1024x1024.jpg 1024w, https:\/\/netpet.ch\/wp-content\/uploads\/2023\/03\/bs-mib-2024-150x150.jpg 150w, https:\/\/netpet.ch\/wp-content\/uploads\/2023\/03\/bs-mib-2024-768x768.jpg 768w, https:\/\/netpet.ch\/wp-content\/uploads\/2023\/03\/bs-mib-2024-1536x1536.jpg 1536w, https:\/\/netpet.ch\/wp-content\/uploads\/2023\/03\/bs-mib-2024-2048x2048.jpg 2048w, https:\/\/netpet.ch\/wp-content\/uploads\/2023\/03\/bs-mib-2024-600x600.jpg 600w, https:\/\/netpet.ch\/wp-content\/uploads\/2023\/03\/bs-mib-2024-100x100.jpg 100w, https:\/\/netpet.ch\/wp-content\/uploads\/2023\/03\/bs-mib-2024.jpg 2362w\" sizes=\"auto, (max-width: 300px) 100vw, 300px\" \/><\/p>\n","protected":false},"excerpt":{"rendered":"<ul>\n<li>Steuerung per Smartphone-App<\/li>\n<li>Vollautomatische digitale Kontrolle von Temperatur und Luftfeuchtigkeit<\/li>\n<li>Automatisches Wenden der Eier<\/li>\n<li>F\u00fcr 24 H\u00fchnereier, 40 Wachteleier, 12 Enteneier oder 8 G\u00e4nseeier<\/li>\n<\/ul>\n<p>&nbsp;<\/p>\n<hr \/>\n<p><img loading=\"lazy\" decoding=\"async\" class=\"alignnone wp-image-50943 \" src=\"https:\/\/netpet.ch\/wp-content\/uploads\/2026\/03\/Brinsea_Logo-300x128.webp\" alt=\"\" width=\"204\" height=\"87\" srcset=\"https:\/\/netpet.ch\/wp-content\/uploads\/2026\/03\/Brinsea_Logo-300x128.webp 300w, https:\/\/netpet.ch\/wp-content\/uploads\/2026\/03\/Brinsea_Logo-600x255.webp 600w, https:\/\/netpet.ch\/wp-content\/uploads\/2026\/03\/Brinsea_Logo.webp 691w\" sizes=\"auto, (max-width: 204px) 100vw, 204px\" \/>\u00a0 \u00a0 \u00a0 \u00a0 \u00a0 \u00a0 \u00a0 \u00a0 \u00a0 \u00a0 \u00a0 \u00a0 \u00a0<img loading=\"lazy\" decoding=\"async\" class=\"alignnone wp-image-45146\" src=\"https:\/\/netpet.ch\/wp-content\/uploads\/2023\/07\/Brinsea-Authorised-Distributor_rond-300x300.jpg\" alt=\"\" width=\"105\" height=\"105\" srcset=\"https:\/\/netpet.ch\/wp-content\/uploads\/2023\/07\/Brinsea-Authorised-Distributor_rond-300x300.jpg 300w, https:\/\/netpet.ch\/wp-content\/uploads\/2023\/07\/Brinsea-Authorised-Distributor_rond-1024x1021.jpg 1024w, https:\/\/netpet.ch\/wp-content\/uploads\/2023\/07\/Brinsea-Authorised-Distributor_rond-150x150.jpg 150w, https:\/\/netpet.ch\/wp-content\/uploads\/2023\/07\/Brinsea-Authorised-Distributor_rond-768x766.jpg 768w, https:\/\/netpet.ch\/wp-content\/uploads\/2023\/07\/Brinsea-Authorised-Distributor_rond-600x598.jpg 600w, https:\/\/netpet.ch\/wp-content\/uploads\/2023\/07\/Brinsea-Authorised-Distributor_rond-100x100.jpg 100w, https:\/\/netpet.ch\/wp-content\/uploads\/2023\/07\/Brinsea-Authorised-Distributor_rond.jpg 1438w\" sizes=\"auto, (max-width: 105px) 100vw, 105px\" \/><\/p>\n<p style=\"text-align: left;\"><strong><span style=\"color: #f05957;\">netpet.ch<span style=\"color: #000000;\"> | Exklusiver Importeur und autorisierter Partner der Marke <span style=\"color: #ffc50b;\">Brinsea<\/span> in der Schweiz<\/span><\/span><\/strong><\/p>\n<hr \/>\n","protected":false},"featured_media":51027,"template":"","meta":{"_acf_changed":false,"wds_primary_product_brand":0,"wds_primary_product_cat":0},"product_brand":[],"product_cat":[448],"product_tag":[],"class_list":{"0":"post-50203","1":"product","2":"type-product","3":"status-publish","4":"has-post-thumbnail","6":"product_cat-couveuses-brinsea-de","8":"first","9":"instock","10":"taxable","11":"shipping-taxable","12":"purchasable","13":"product-type-simple"},"acf":[],"_links":{"self":[{"href":"https:\/\/netpet.ch\/de\/wp-json\/wp\/v2\/product\/50203","targetHints":{"allow":["GET"]}}],"collection":[{"href":"https:\/\/netpet.ch\/de\/wp-json\/wp\/v2\/product"}],"about":[{"href":"https:\/\/netpet.ch\/de\/wp-json\/wp\/v2\/types\/product"}],"wp:featuredmedia":[{"embeddable":true,"href":"https:\/\/netpet.ch\/de\/wp-json\/wp\/v2\/media\/51027"}],"wp:attachment":[{"href":"https:\/\/netpet.ch\/de\/wp-json\/wp\/v2\/media?parent=50203"}],"wp:term":[{"taxonomy":"product_brand","embeddable":true,"href":"https:\/\/netpet.ch\/de\/wp-json\/wp\/v2\/product_brand?post=50203"},{"taxonomy":"product_cat","embeddable":true,"href":"https:\/\/netpet.ch\/de\/wp-json\/wp\/v2\/product_cat?post=50203"},{"taxonomy":"product_tag","embeddable":true,"href":"https:\/\/netpet.ch\/de\/wp-json\/wp\/v2\/product_tag?post=50203"}],"curies":[{"name":"wp","href":"https:\/\/api.w.org\/{rel}","templated":true}]}}