{"id":50213,"date":"2025-10-27T08:01:21","date_gmt":"2025-10-27T07:01:21","guid":{"rendered":"https:\/\/netpet.ch\/?post_type=product&#038;p=50213"},"modified":"2026-03-31T22:46:22","modified_gmt":"2026-03-31T20:46:22","slug":"brinsea-brutgeraet-ovation-56-ex-connect","status":"publish","type":"product","link":"https:\/\/netpet.ch\/de\/produit\/brinsea-brutgeraet-ovation-56-ex-connect\/","title":{"rendered":"Brinsea - Brutger\u00e4t Ovation 56 EX CONNECT"},"content":{"rendered":"<p><span style=\"color: #f05957;\"><strong>Brinsea Ovation 56 EX CONNECT Brutapparat \u2013 Hochtechnologie f\u00fcr optimale Schlupfraten<\/strong><\/span><\/p>\n<p>Mit dem neuen Ovation 56 EX CONNECT Brutkasten von Brinsea und der kostenlosen App bleiben Sie jederzeit mit Ihren Eiern in Verbindung! \u00dcber Ihr Smartphone k\u00f6nnen Sie Ihren Inkubator ganz einfach und komfortabel \u00fcberwachen und steuern - jederzeit und \u00fcberall, f\u00fcr perfekte Schlupfergebnisse.<\/p>\n<p>Dank der kostenlosen <em>Brinsea Connect<\/em> App, erh\u00e4ltlich im App Store und bei Google Play, k\u00f6nnen Sie alle Funktionen Ihres mit dem lokalen WLAN verbundenen Brutautomaten aus der Ferne kontrollieren: \u00dcberwachung und Regelung von Temperatur und Luftfeuchtigkeit, Anpassung der Einstellungen, Alarmmeldungen u.v.m. Bei einer Unterbrechung der Internetverbindung bleibt der Brutvorgang selbstverst\u00e4ndlich sicher und stabil.<\/p>\n<p><span style=\"color: #f05957;\"><strong>Der Ovation 56 EX CONNECT im Detail:<\/strong><\/span><br \/>\n\u2022 Hochwertige Verarbeitung<br \/>\n\u2022 Transparenter Deckel f\u00fcr eine hervorragende Sicht w\u00e4hrend der Inkubation und des Schl\u00fcpfens<br \/>\n\u2022 Steuerung und \u00dcberwachung \u00fcber die kostenlose <em>Brinsea Connect<\/em> App f\u00fcr Smartphones (iOS, Android)<br \/>\n\u2022 Automatisches Wenden der Eier mit programmierbaren Intervallen<br \/>\n\u2022 Automatische Kontrolle von Temperatur und Luftfeuchtigkeit<br \/>\n\u2022 Digitale Anzeige der Temperatur in \u00b0C oder \u00b0F<br \/>\n\u2022 Exklusives W\u00e4rmeverteilungssystem durch doppelflutige Bel\u00fcftung<br \/>\n\u2022 Digitale Anzeige der Luftfeuchtigkeit<br \/>\n\u2022 Integrierte Wasserpumpe<br \/>\n\u2022 Einfaches Auff\u00fcllen des externen Wassertanks<br \/>\n\u2022 Optionale periodische Abk\u00fchlung der Eier<br \/>\n\u2022 Alarm bei Umgebungstemperaturabweichung<br \/>\n\u2022 Alarm bei Inkubatortemperaturabweichung<br \/>\n\u2022 Stromausfallanzeige<br \/>\n\u2022 Antimikrobieller Schutz durch den Polygiene Biomaster\u2122-Zusatz*<br \/>\n\u2022 3 Jahre Herstellergarantie, vorbehaltlich einer Online-Registrierung beim Kauf auf <span style=\"color: #ffc50b;\"><a style=\"color: #ffc50b;\" href=\"http:\/\/www.brinsea.co.uk\" target=\"_blank\" rel=\"noopener\">brinsea.co.uk<\/a><\/span><br \/>\n\u2022 Hergestellt in Grossbritannien<\/p>\n<p>*<em>nachweislich reduziert der antimikrobielle Polygiene Biomaster\u2122-Zusatz das Bakterienwachstum um bis zu 99.99% und ist 100% sicher f\u00fcr Eier, K\u00fcken und Menschen; er sch\u00fctzt den Inkubator vor mikrobiellem Wachstum, indem er das Risiko einer Kreuzkontamination verringert und eine hygienischere Umgebung f\u00fcr die Eier schafft.<\/em><\/p>\n<p><span style=\"color: #f05957;\"><strong>Maximale Eikapazit\u00e4t (ca.):<\/strong><\/span><br \/>\n\u2022 Wachtel: 96<br \/>\n\u2022 Fasan: 96<br \/>\n\u2022 Huhn: 56<br \/>\n\u2022 Ente: 56<br \/>\n\u2022 Gans: 0<\/p>\n<p><span style=\"color: #f05957;\"><strong>Maximale Eikapazit\u00e4t (ca.) mit optionalen breiten Wendehorden <\/strong>(Produktcode: <span style=\"color: #0000ff;\"><a href=\"https:\/\/netpet.ch\/de\/produit\/brinsea-augettes-larges-pour-couveuse-ovation-56-lot-de-5\/\" target=\"_blank\" rel=\"noopener\">bs-ag011<\/a><\/span>)<strong>:<\/strong><\/span><br \/>\n\u2022 Wachtel: 110<br \/>\n\u2022 Fasan: 95<br \/>\n\u2022 Huhn: 35<br \/>\n\u2022 Ente: 35<br \/>\n\u2022 Gans: 15<\/p>\n<p><span style=\"color: #f05957;\"><strong>Technische Daten:<\/strong><\/span><br \/>\n\u2022 Abmessungen: 58.3x42.1x22.3cm (LxBxH)<br \/>\n\u2022 Gewicht: 4.7kg<br \/>\n\u2022 Stromverbrauch: max 115W, durchschnittlich 60W<\/p>\n<p>\u26a0\ufe0f WICHTIG: Um Ihren Inkubator zu reinigen, m\u00fcssen Sie einen 'Pozidrive'-Kreuzschlitzschraubendreher PZ-1 verwenden; die Verwendung eines ungeeigneten Schraubendrehers kann zu \u00fcberm\u00e4\u00dfigem Druck auf die Schrauben f\u00fchren, wodurch das Gewinde des Deckels besch\u00e4digt werden kann.<\/p>\n<p><img loading=\"lazy\" decoding=\"async\" class=\"alignnone size-medium wp-image-48246\" src=\"https:\/\/netpet.ch\/wp-content\/uploads\/2023\/03\/bs-biomaster-2024-300x300.jpg\" alt=\"\" width=\"300\" height=\"300\" srcset=\"https:\/\/netpet.ch\/wp-content\/uploads\/2023\/03\/bs-biomaster-2024-300x300.jpg 300w, https:\/\/netpet.ch\/wp-content\/uploads\/2023\/03\/bs-biomaster-2024-1024x1024.jpg 1024w, https:\/\/netpet.ch\/wp-content\/uploads\/2023\/03\/bs-biomaster-2024-150x150.jpg 150w, https:\/\/netpet.ch\/wp-content\/uploads\/2023\/03\/bs-biomaster-2024-768x768.jpg 768w, https:\/\/netpet.ch\/wp-content\/uploads\/2023\/03\/bs-biomaster-2024-1536x1536.jpg 1536w, https:\/\/netpet.ch\/wp-content\/uploads\/2023\/03\/bs-biomaster-2024-2048x2048.jpg 2048w, https:\/\/netpet.ch\/wp-content\/uploads\/2023\/03\/bs-biomaster-2024-600x600.jpg 600w, https:\/\/netpet.ch\/wp-content\/uploads\/2023\/03\/bs-biomaster-2024-100x100.jpg 100w, https:\/\/netpet.ch\/wp-content\/uploads\/2023\/03\/bs-biomaster-2024.jpg 2362w\" sizes=\"auto, (max-width: 300px) 100vw, 300px\" \/><img loading=\"lazy\" decoding=\"async\" class=\"alignnone size-medium wp-image-48244\" src=\"https:\/\/netpet.ch\/wp-content\/uploads\/2023\/03\/bs-3yearguarantee-2024-300x300.jpg\" alt=\"\" width=\"300\" height=\"300\" srcset=\"https:\/\/netpet.ch\/wp-content\/uploads\/2023\/03\/bs-3yearguarantee-2024-300x300.jpg 300w, https:\/\/netpet.ch\/wp-content\/uploads\/2023\/03\/bs-3yearguarantee-2024-1024x1024.jpg 1024w, https:\/\/netpet.ch\/wp-content\/uploads\/2023\/03\/bs-3yearguarantee-2024-150x150.jpg 150w, https:\/\/netpet.ch\/wp-content\/uploads\/2023\/03\/bs-3yearguarantee-2024-768x768.jpg 768w, https:\/\/netpet.ch\/wp-content\/uploads\/2023\/03\/bs-3yearguarantee-2024-1536x1536.jpg 1536w, https:\/\/netpet.ch\/wp-content\/uploads\/2023\/03\/bs-3yearguarantee-2024-2048x2048.jpg 2048w, https:\/\/netpet.ch\/wp-content\/uploads\/2023\/03\/bs-3yearguarantee-2024-600x600.jpg 600w, https:\/\/netpet.ch\/wp-content\/uploads\/2023\/03\/bs-3yearguarantee-2024-100x100.jpg 100w, https:\/\/netpet.ch\/wp-content\/uploads\/2023\/03\/bs-3yearguarantee-2024.jpg 2362w\" sizes=\"auto, (max-width: 300px) 100vw, 300px\" \/><img loading=\"lazy\" decoding=\"async\" class=\"alignnone size-medium wp-image-48248\" src=\"https:\/\/netpet.ch\/wp-content\/uploads\/2023\/03\/bs-mib-2024-300x300.jpg\" alt=\"\" width=\"300\" height=\"300\" srcset=\"https:\/\/netpet.ch\/wp-content\/uploads\/2023\/03\/bs-mib-2024-300x300.jpg 300w, https:\/\/netpet.ch\/wp-content\/uploads\/2023\/03\/bs-mib-2024-1024x1024.jpg 1024w, https:\/\/netpet.ch\/wp-content\/uploads\/2023\/03\/bs-mib-2024-150x150.jpg 150w, https:\/\/netpet.ch\/wp-content\/uploads\/2023\/03\/bs-mib-2024-768x768.jpg 768w, https:\/\/netpet.ch\/wp-content\/uploads\/2023\/03\/bs-mib-2024-1536x1536.jpg 1536w, https:\/\/netpet.ch\/wp-content\/uploads\/2023\/03\/bs-mib-2024-2048x2048.jpg 2048w, https:\/\/netpet.ch\/wp-content\/uploads\/2023\/03\/bs-mib-2024-600x600.jpg 600w, https:\/\/netpet.ch\/wp-content\/uploads\/2023\/03\/bs-mib-2024-100x100.jpg 100w, https:\/\/netpet.ch\/wp-content\/uploads\/2023\/03\/bs-mib-2024.jpg 2362w\" sizes=\"auto, (max-width: 300px) 100vw, 300px\" \/><\/p>\n","protected":false},"excerpt":{"rendered":"<p>\u2022 Steuerung per Smartphone-App<br \/>\n\u2022 Vollautomatische digitale Kontrolle von Temperatur und Luftfeuchtigkeit<br \/>\n\u2022 Automatisches Wenden der Eier<br \/>\n\u2022 F\u00fcr bis zu 56 H\u00fchnereier oder 96 Wachteleier<\/p>\n<p>&nbsp;<\/p>\n<p><img loading=\"lazy\" decoding=\"async\" class=\"size-medium wp-image-48250 alignleft\" src=\"https:\/\/netpet.ch\/wp-content\/uploads\/2023\/03\/Image16-300x183.png\" alt=\"\" width=\"300\" height=\"183\" srcset=\"https:\/\/netpet.ch\/wp-content\/uploads\/2023\/03\/Image16-300x183.png 300w, https:\/\/netpet.ch\/wp-content\/uploads\/2023\/03\/Image16-1024x625.png 1024w, https:\/\/netpet.ch\/wp-content\/uploads\/2023\/03\/Image16-768x469.png 768w, https:\/\/netpet.ch\/wp-content\/uploads\/2023\/03\/Image16-1536x937.png 1536w, https:\/\/netpet.ch\/wp-content\/uploads\/2023\/03\/Image16-600x366.png 600w, https:\/\/netpet.ch\/wp-content\/uploads\/2023\/03\/Image16.png 1822w\" sizes=\"auto, (max-width: 300px) 100vw, 300px\" \/><\/p>\n","protected":false},"featured_media":50206,"template":"","meta":{"_acf_changed":false,"wds_primary_product_brand":0,"wds_primary_product_cat":0},"product_brand":[],"product_cat":[448],"product_tag":[],"class_list":{"0":"post-50213","1":"product","2":"type-product","3":"status-publish","4":"has-post-thumbnail","6":"product_cat-couveuses-brinsea-de","8":"first","9":"instock","10":"taxable","11":"shipping-taxable","12":"purchasable","13":"product-type-simple"},"acf":[],"_links":{"self":[{"href":"https:\/\/netpet.ch\/de\/wp-json\/wp\/v2\/product\/50213","targetHints":{"allow":["GET"]}}],"collection":[{"href":"https:\/\/netpet.ch\/de\/wp-json\/wp\/v2\/product"}],"about":[{"href":"https:\/\/netpet.ch\/de\/wp-json\/wp\/v2\/types\/product"}],"wp:featuredmedia":[{"embeddable":true,"href":"https:\/\/netpet.ch\/de\/wp-json\/wp\/v2\/media\/50206"}],"wp:attachment":[{"href":"https:\/\/netpet.ch\/de\/wp-json\/wp\/v2\/media?parent=50213"}],"wp:term":[{"taxonomy":"product_brand","embeddable":true,"href":"https:\/\/netpet.ch\/de\/wp-json\/wp\/v2\/product_brand?post=50213"},{"taxonomy":"product_cat","embeddable":true,"href":"https:\/\/netpet.ch\/de\/wp-json\/wp\/v2\/product_cat?post=50213"},{"taxonomy":"product_tag","embeddable":true,"href":"https:\/\/netpet.ch\/de\/wp-json\/wp\/v2\/product_tag?post=50213"}],"curies":[{"name":"wp","href":"https:\/\/api.w.org\/{rel}","templated":true}]}}