{"id":50282,"date":"2025-11-13T11:57:25","date_gmt":"2025-11-13T10:57:25","guid":{"rendered":"https:\/\/netpet.ch\/?post_type=product&#038;p=50282"},"modified":"2025-11-13T11:56:59","modified_gmt":"2025-11-13T10:56:59","slug":"brinsea-12v-adapterkabel-fuer-zigarettenanzuender","status":"publish","type":"product","link":"https:\/\/netpet.ch\/de\/produit\/brinsea-12v-adapterkabel-fuer-zigarettenanzuender\/","title":{"rendered":"Brinsea - 12V-Adapterkabel f\u00fcr Zigarettenanz\u00fcnder"},"content":{"rendered":"<p>Das Brinsea-Adapterkabel f\u00fcr Zigarettenanz\u00fcnder ist daf\u00fcr konzipiert, w\u00e4hrend des Transports im Fahrzeug eine tempor\u00e4re Stromversorgung bereitzustellen.<\/p>\n<p>Mit seinem 12-Volt-Zigarettenanz\u00fcnderstecker und dem 3.5 Meter langen Kabel bietet der Adapter Komfort und Flexibilit\u00e4t auf Reisen.<\/p>\n<p>Das Brinsea-Adapterkabel f\u00fcr Zigarettenanz\u00fcnder ist geeignet f\u00fcr folgende Modelle:<br \/>\n\u2022 TLC-30 Eco und Advance<br \/>\n\u2022 Maxi 24 Zoologica<br \/>\n\u2022 Mini II Eco, Advance und EX<br \/>\n\u2022 Maxi II Eco, Advance und EX.<\/p>\n<p>Der Adapter ist mit einer austauschbaren Sicherung und einer LED-Kontrollleuchte ausgestattet, um einen ordnungsgem\u00e4\u00dfen Betrieb sowie einen \u00dcberspannungsschutz zu gew\u00e4hrleisten.<\/p>\n<p>\u26a0\ufe0f Wichtiger Hinweis: Die Verwendung nicht zugelassener Kabel kann das Risiko von Brand oder Stromschlag erh\u00f6hen. Die Brinsea-Autoadapter wurden strengen Tests unterzogen und sind von unabh\u00e4ngigen Pr\u00fcfinstanzen zertifiziert, um Produktsicherheit zu gew\u00e4hrleisten. Sie entsprechen ausserdem den neuesten Anforderungen an Energieeffizienz und Umweltschutz. Jegliche Sch\u00e4den, die durch die Verwendung nicht konformer Produkte entstehen, f\u00fchren zum Erl\u00f6schen der Garantie.<\/p>\n","protected":false},"excerpt":{"rendered":"<p>Das Brinsea-Adapterkabel f\u00fcr Zigarettenanz\u00fcnder ist daf\u00fcr konzipiert, w\u00e4hrend des Transports im Fahrzeug eine tempor\u00e4re Stromversorgung bereitzustellen. Mit seinem 12-Volt-Zigarettenanz\u00fcnderstecker und dem 3.5 Meter langen Kabel bietet der Adapter Komfort und Flexibilit\u00e4t auf Reisen. Das Brinsea-Adapterkabel f\u00fcr Zigarettenanz\u00fcnder ist geeignet f\u00fcr folgende Modelle: \u2022 TLC-30 Eco und Advance \u2022 Maxi 24 Zoologica \u2022 Mini II Eco, [&hellip;]<\/p>\n","protected":false},"featured_media":50281,"template":"","meta":{"_acf_changed":false,"wds_primary_product_brand":0,"wds_primary_product_cat":0},"product_brand":[],"product_cat":[821],"product_tag":[],"class_list":{"0":"post-50282","1":"product","2":"type-product","3":"status-publish","4":"has-post-thumbnail","6":"product_cat-zubehoer-fuer-brinsea-inkubatoren","8":"first","9":"instock","10":"taxable","11":"shipping-taxable","12":"purchasable","13":"product-type-simple"},"acf":[],"_links":{"self":[{"href":"https:\/\/netpet.ch\/de\/wp-json\/wp\/v2\/product\/50282","targetHints":{"allow":["GET"]}}],"collection":[{"href":"https:\/\/netpet.ch\/de\/wp-json\/wp\/v2\/product"}],"about":[{"href":"https:\/\/netpet.ch\/de\/wp-json\/wp\/v2\/types\/product"}],"wp:featuredmedia":[{"embeddable":true,"href":"https:\/\/netpet.ch\/de\/wp-json\/wp\/v2\/media\/50281"}],"wp:attachment":[{"href":"https:\/\/netpet.ch\/de\/wp-json\/wp\/v2\/media?parent=50282"}],"wp:term":[{"taxonomy":"product_brand","embeddable":true,"href":"https:\/\/netpet.ch\/de\/wp-json\/wp\/v2\/product_brand?post=50282"},{"taxonomy":"product_cat","embeddable":true,"href":"https:\/\/netpet.ch\/de\/wp-json\/wp\/v2\/product_cat?post=50282"},{"taxonomy":"product_tag","embeddable":true,"href":"https:\/\/netpet.ch\/de\/wp-json\/wp\/v2\/product_tag?post=50282"}],"curies":[{"name":"wp","href":"https:\/\/api.w.org\/{rel}","templated":true}]}}