{"id":50283,"date":"2025-11-14T21:29:58","date_gmt":"2025-11-14T20:29:58","guid":{"rendered":"https:\/\/netpet.ch\/?post_type=product&#038;p=50283"},"modified":"2026-04-03T19:25:23","modified_gmt":"2026-04-03T17:25:23","slug":"brinsea-new-brutgeraet-maxi-24-zoologica","status":"publish","type":"product","link":"https:\/\/netpet.ch\/de\/produit\/brinsea-new-brutgeraet-maxi-24-zoologica\/","title":{"rendered":"Brinsea - NEW Brutger\u00e4t Maxi 24 Zoologica"},"content":{"rendered":"<p><span style=\"color: #f05957;\"><strong><img loading=\"lazy\" decoding=\"async\" class=\"alignnone wp-image-51062\" src=\"https:\/\/netpet.ch\/wp-content\/uploads\/2025\/11\/Zoologica-large-300x75.jpg\" alt=\"\" width=\"150\" height=\"37\" srcset=\"https:\/\/netpet.ch\/wp-content\/uploads\/2025\/11\/Zoologica-large-300x75.jpg 300w, https:\/\/netpet.ch\/wp-content\/uploads\/2025\/11\/Zoologica-large-768x191.jpg 768w, https:\/\/netpet.ch\/wp-content\/uploads\/2025\/11\/Zoologica-large-600x149.jpg 600w, https:\/\/netpet.ch\/wp-content\/uploads\/2025\/11\/Zoologica-large.jpg 1004w\" sizes=\"auto, (max-width: 150px) 100vw, 150px\" \/><\/strong><\/span><\/p>\n<p><span style=\"color: #f05957;\"><strong>Brinsea Maxi 24 Zoologica Brutapparat - Perfekte Inkubation f\u00fcr exotische Vogelarten<\/strong><\/span><\/p>\n<p>Der neue Maxi 24 Zoologica Brutkasten von Brinsea wurde in Zusammenarbeit mit erfahrenen Z\u00fcchtern speziell f\u00fcr die Inkubation von Papageien- und exotischen Vogeleiern entwickelt. Dank modernster Technologie bietet er eine <strong>\u00e4usserst pr\u00e4zise Temperatur- und Feuchtigkeitskontrolle<\/strong> sowie eine <strong>besonders schonende Wendung der Eier<\/strong> - ideal f\u00fcr kleine und empfindliche Arten. H\u00f6chste Qualit\u00e4t ohne Kompromisse f\u00fcr eine optimale Schlupfrate - jedes Mal!<\/p>\n<p>Der Maxi 24 Zoologica verf\u00fcgt \u00fcber <strong>eine drehbare Eierplatte mit vier Quadranten<\/strong>, die bis zu <strong>68 Eier von Finken, Unzertrennlichen (Agaporniden)<\/strong> oder Zwergwachteln aufnehmen kann, sowie \u00fcber <strong>drei weitere S\u00e4tze von Quadranten f\u00fcr gr\u00f6ssere Eier<\/strong>: Nymphensittiche, Wachteln, Kakadus, kleine Aras, Edelpapageien, Amazonen, Graupapageien, H\u00fchner, Fasane oder sogar Enten. Dank der flexiblen Kombination verschiedener Quadranten ist es m\u00f6glich, Eier unterschiedlicher Gr\u00f6sse gleichzeitig zu inkubieren.<\/p>\n<p><span style=\"color: #f05957;\"><strong>Der Maxi 24 Zoologica im Detail:<\/strong><\/span><\/p>\n<ul>\n<li>Ideal f\u00fcr die Inkubation kleinster und empfindlichster Eier<\/li>\n<li>Automatische Eiwendung mit langsamer Drehung und sanftem Start<\/li>\n<li>Pr\u00e4zise automatische Steuerung von Temperatur und Luftfeuchtigkeit<\/li>\n<li>\u00dcberarbeitete, benutzerfreundliche Softwareoberfl\u00e4che f\u00fcr eine noch einfachere Bedienung<\/li>\n<li>Digitale Anzeige der Temperatur in \u00b0C oder \u00b0F<\/li>\n<li>Digitale Anzeige der Luftfeuchtigkeit<\/li>\n<li>Hohe Flexibilit\u00e4t dank der vier standardm\u00e4ssig mitgelieferten Eier-Quadranten-Sets<\/li>\n<li>Drehintervall und Rotationswinkel frei programmierbar<\/li>\n<li>Option f\u00fcr Hochfrequenz-Wendung<\/li>\n<li>Integrierte Wasserpumpe<\/li>\n<li>Ventilatorgest\u00fctzte Luftzirkulation<\/li>\n<li>Einstellbare Bel\u00fcftung<\/li>\n<li>Optionale periodische Abk\u00fchlung der Eier<\/li>\n<li>Alarm bei Umgebungstemperaturabweichung<\/li>\n<li>Alarm bei Inkubatortemperaturabweichung<\/li>\n<li>Anzeige bei Stromausfall<\/li>\n<li>Antimikrobieller Schutz durch den Polygiene Biomaster\u2122-Zusatz*<\/li>\n<li>3 Jahre Herstellergarantie, vorbehaltlich einer Online-Registrierung beim Kauf auf <span style=\"color: #ffc50b;\"><a style=\"color: #ffc50b;\" href=\"http:\/\/www.brinsea.co.uk\" target=\"_blank\" rel=\"noopener\">brinsea.co.uk<\/a><\/span><\/li>\n<li>Hergestellt in Grossbritannien<\/li>\n<\/ul>\n<p>*<em>nachweislich reduziert der antimikrobielle Polygiene Biomaster\u2122-Zusatz das Bakterienwachstum um bis zu 99.99% und ist 100% sicher f\u00fcr Eier, K\u00fcken und Menschen; er sch\u00fctzt den Inkubator vor mikrobiellem Wachstum, indem er das Risiko einer Kreuzkontamination verringert und eine hygienischere Umgebung f\u00fcr die Eier schafft.<\/em><\/p>\n<p><span style=\"color: #f05957;\"><strong>Maximale Eikapazit\u00e4t (ca.) mit den mitgelieferten Wendeeins\u00e4tzen:<\/strong><\/span><\/p>\n<ul>\n<li>Finken, Unzertrennliche, Zwergwachteln: 68<\/li>\n<li>Nymphensittiche, Wachteln: 40<\/li>\n<li>Kakadus, kleine Aras, Edelpapageien, Amazonen, Graupapageien, H\u00fchner, Fasane: 24<\/li>\n<li>Grosse Eier, Enten: 12<\/li>\n<\/ul>\n<p><span style=\"color: #f05957;\"><strong>Technische Daten:<\/strong><\/span><\/p>\n<ul>\n<li>Abmessungen: 34 x 34 x 19cm (LxBxH)<\/li>\n<li>Gewicht: 2.5kg<\/li>\n<li>Stromverbrauch: max 40W, durchschnittlich 24W<\/li>\n<\/ul>\n<p>Der Maxi 24 Zoologica von Brinsea kann ausserdem \u00fcber eine 12V-Autosteckdose betrieben werden (Adapterkabel separat erh\u00e4ltlich, Produktcode: <a href=\"https:\/\/netpet.ch\/de\/produit\/brinsea-12v-adapterkabel-fuer-zigarettenanzuender\/\" target=\"_blank\" rel=\"noopener\"><span style=\"color: #0000ff;\">bs-15.45<\/span><\/a>).<\/p>\n<p>Im Lieferumfang enthalten: ein gewellter Schlupfteppich; zus\u00e4tzliche Teppiche sind separat erh\u00e4ltlich und ideal f\u00fcr zuk\u00fcnftige Schlupfserien.<\/p>\n<p><img loading=\"lazy\" decoding=\"async\" class=\"alignnone size-medium wp-image-48246\" src=\"https:\/\/netpet.ch\/wp-content\/uploads\/2023\/03\/bs-biomaster-2024-300x300.jpg\" alt=\"\" width=\"300\" height=\"300\" srcset=\"https:\/\/netpet.ch\/wp-content\/uploads\/2023\/03\/bs-biomaster-2024-300x300.jpg 300w, https:\/\/netpet.ch\/wp-content\/uploads\/2023\/03\/bs-biomaster-2024-1024x1024.jpg 1024w, https:\/\/netpet.ch\/wp-content\/uploads\/2023\/03\/bs-biomaster-2024-150x150.jpg 150w, https:\/\/netpet.ch\/wp-content\/uploads\/2023\/03\/bs-biomaster-2024-768x768.jpg 768w, https:\/\/netpet.ch\/wp-content\/uploads\/2023\/03\/bs-biomaster-2024-1536x1536.jpg 1536w, https:\/\/netpet.ch\/wp-content\/uploads\/2023\/03\/bs-biomaster-2024-2048x2048.jpg 2048w, https:\/\/netpet.ch\/wp-content\/uploads\/2023\/03\/bs-biomaster-2024-600x600.jpg 600w, https:\/\/netpet.ch\/wp-content\/uploads\/2023\/03\/bs-biomaster-2024-100x100.jpg 100w, https:\/\/netpet.ch\/wp-content\/uploads\/2023\/03\/bs-biomaster-2024.jpg 2362w\" sizes=\"auto, (max-width: 300px) 100vw, 300px\" \/><img loading=\"lazy\" decoding=\"async\" class=\"alignnone size-medium wp-image-48244\" src=\"https:\/\/netpet.ch\/wp-content\/uploads\/2023\/03\/bs-3yearguarantee-2024-300x300.jpg\" alt=\"\" width=\"300\" height=\"300\" srcset=\"https:\/\/netpet.ch\/wp-content\/uploads\/2023\/03\/bs-3yearguarantee-2024-300x300.jpg 300w, https:\/\/netpet.ch\/wp-content\/uploads\/2023\/03\/bs-3yearguarantee-2024-1024x1024.jpg 1024w, https:\/\/netpet.ch\/wp-content\/uploads\/2023\/03\/bs-3yearguarantee-2024-150x150.jpg 150w, https:\/\/netpet.ch\/wp-content\/uploads\/2023\/03\/bs-3yearguarantee-2024-768x768.jpg 768w, https:\/\/netpet.ch\/wp-content\/uploads\/2023\/03\/bs-3yearguarantee-2024-1536x1536.jpg 1536w, https:\/\/netpet.ch\/wp-content\/uploads\/2023\/03\/bs-3yearguarantee-2024-2048x2048.jpg 2048w, https:\/\/netpet.ch\/wp-content\/uploads\/2023\/03\/bs-3yearguarantee-2024-600x600.jpg 600w, https:\/\/netpet.ch\/wp-content\/uploads\/2023\/03\/bs-3yearguarantee-2024-100x100.jpg 100w, https:\/\/netpet.ch\/wp-content\/uploads\/2023\/03\/bs-3yearguarantee-2024.jpg 2362w\" sizes=\"auto, (max-width: 300px) 100vw, 300px\" \/><img loading=\"lazy\" decoding=\"async\" class=\"alignnone size-medium wp-image-48248\" src=\"https:\/\/netpet.ch\/wp-content\/uploads\/2023\/03\/bs-mib-2024-300x300.jpg\" alt=\"\" width=\"300\" height=\"300\" srcset=\"https:\/\/netpet.ch\/wp-content\/uploads\/2023\/03\/bs-mib-2024-300x300.jpg 300w, https:\/\/netpet.ch\/wp-content\/uploads\/2023\/03\/bs-mib-2024-1024x1024.jpg 1024w, https:\/\/netpet.ch\/wp-content\/uploads\/2023\/03\/bs-mib-2024-150x150.jpg 150w, https:\/\/netpet.ch\/wp-content\/uploads\/2023\/03\/bs-mib-2024-768x768.jpg 768w, https:\/\/netpet.ch\/wp-content\/uploads\/2023\/03\/bs-mib-2024-1536x1536.jpg 1536w, https:\/\/netpet.ch\/wp-content\/uploads\/2023\/03\/bs-mib-2024-2048x2048.jpg 2048w, https:\/\/netpet.ch\/wp-content\/uploads\/2023\/03\/bs-mib-2024-600x600.jpg 600w, https:\/\/netpet.ch\/wp-content\/uploads\/2023\/03\/bs-mib-2024-100x100.jpg 100w, https:\/\/netpet.ch\/wp-content\/uploads\/2023\/03\/bs-mib-2024.jpg 2362w\" sizes=\"auto, (max-width: 300px) 100vw, 300px\" \/><\/p>\n","protected":false},"excerpt":{"rendered":"<ul>\n<li>Speziell entwickelt f\u00fcr die Inkubation von <strong>Papageien- und exotischen Vogeleiern<\/strong><\/li>\n<li>Pr\u00e4zise automatische Steuerung von Temperatur und Luftfeuchtigkeit<\/li>\n<li>Sanftes, automatisches Wendungssystem mit Soft-Start und reduzierter Drehgeschwindigkeit<\/li>\n<\/ul>\n<p>&nbsp;<\/p>\n<hr \/>\n<p><img loading=\"lazy\" decoding=\"async\" class=\"alignnone wp-image-50943 \" src=\"https:\/\/netpet.ch\/wp-content\/uploads\/2026\/03\/Brinsea_Logo-300x128.webp\" alt=\"\" width=\"204\" height=\"87\" srcset=\"https:\/\/netpet.ch\/wp-content\/uploads\/2026\/03\/Brinsea_Logo-300x128.webp 300w, https:\/\/netpet.ch\/wp-content\/uploads\/2026\/03\/Brinsea_Logo-600x255.webp 600w, https:\/\/netpet.ch\/wp-content\/uploads\/2026\/03\/Brinsea_Logo.webp 691w\" sizes=\"auto, (max-width: 204px) 100vw, 204px\" \/>\u00a0 \u00a0 \u00a0 \u00a0 \u00a0 \u00a0 \u00a0 \u00a0 \u00a0 \u00a0 \u00a0 \u00a0 \u00a0<img loading=\"lazy\" decoding=\"async\" class=\"alignnone wp-image-45146\" src=\"https:\/\/netpet.ch\/wp-content\/uploads\/2023\/07\/Brinsea-Authorised-Distributor_rond-300x300.jpg\" alt=\"\" width=\"105\" height=\"105\" srcset=\"https:\/\/netpet.ch\/wp-content\/uploads\/2023\/07\/Brinsea-Authorised-Distributor_rond-300x300.jpg 300w, https:\/\/netpet.ch\/wp-content\/uploads\/2023\/07\/Brinsea-Authorised-Distributor_rond-1024x1021.jpg 1024w, https:\/\/netpet.ch\/wp-content\/uploads\/2023\/07\/Brinsea-Authorised-Distributor_rond-150x150.jpg 150w, https:\/\/netpet.ch\/wp-content\/uploads\/2023\/07\/Brinsea-Authorised-Distributor_rond-768x766.jpg 768w, https:\/\/netpet.ch\/wp-content\/uploads\/2023\/07\/Brinsea-Authorised-Distributor_rond-600x598.jpg 600w, https:\/\/netpet.ch\/wp-content\/uploads\/2023\/07\/Brinsea-Authorised-Distributor_rond-100x100.jpg 100w, https:\/\/netpet.ch\/wp-content\/uploads\/2023\/07\/Brinsea-Authorised-Distributor_rond.jpg 1438w\" sizes=\"auto, (max-width: 105px) 100vw, 105px\" \/><\/p>\n<p style=\"text-align: left;\"><strong><span style=\"color: #f05957;\">netpet.ch<span style=\"color: #000000;\"> | Exklusiver Importeur und autorisierter Partner der Marke <span style=\"color: #ffc50b;\">Brinsea<\/span> in der Schweiz<\/span><\/span><\/strong><\/p>\n<hr \/>\n","protected":false},"featured_media":51048,"template":"","meta":{"_acf_changed":false,"wds_primary_product_brand":0,"wds_primary_product_cat":0},"product_brand":[],"product_cat":[448],"product_tag":[],"class_list":{"0":"post-50283","1":"product","2":"type-product","3":"status-publish","4":"has-post-thumbnail","6":"product_cat-couveuses-brinsea-de","8":"first","9":"instock","10":"taxable","11":"shipping-taxable","12":"purchasable","13":"product-type-simple"},"acf":[],"_links":{"self":[{"href":"https:\/\/netpet.ch\/de\/wp-json\/wp\/v2\/product\/50283","targetHints":{"allow":["GET"]}}],"collection":[{"href":"https:\/\/netpet.ch\/de\/wp-json\/wp\/v2\/product"}],"about":[{"href":"https:\/\/netpet.ch\/de\/wp-json\/wp\/v2\/types\/product"}],"wp:featuredmedia":[{"embeddable":true,"href":"https:\/\/netpet.ch\/de\/wp-json\/wp\/v2\/media\/51048"}],"wp:attachment":[{"href":"https:\/\/netpet.ch\/de\/wp-json\/wp\/v2\/media?parent=50283"}],"wp:term":[{"taxonomy":"product_brand","embeddable":true,"href":"https:\/\/netpet.ch\/de\/wp-json\/wp\/v2\/product_brand?post=50283"},{"taxonomy":"product_cat","embeddable":true,"href":"https:\/\/netpet.ch\/de\/wp-json\/wp\/v2\/product_cat?post=50283"},{"taxonomy":"product_tag","embeddable":true,"href":"https:\/\/netpet.ch\/de\/wp-json\/wp\/v2\/product_tag?post=50283"}],"curies":[{"name":"wp","href":"https:\/\/api.w.org\/{rel}","templated":true}]}}