{"id":50316,"date":"2025-11-15T18:45:00","date_gmt":"2025-11-15T17:45:00","guid":{"rendered":"https:\/\/netpet.ch\/?post_type=product&#038;p=50316"},"modified":"2026-03-02T14:26:09","modified_gmt":"2026-03-02T13:26:09","slug":"automatisches-traenkesystem-aviaqua-8l-in-3-varianten","status":"publish","type":"product","link":"https:\/\/netpet.ch\/de\/produit\/automatisches-traenkesystem-aviaqua-8l-in-3-varianten\/","title":{"rendered":"Automatisches Tr\u00e4nkesystem - AviAqua, 8L - In 3 Varianten"},"content":{"rendered":"<p><strong><span style=\"color: #f05957\">Sauberes und hygienisches Trinkwasser f\u00fcr Ihr Gefl\u00fcgel bereitzustellen, ist immer eine Herausforderung? Die AviAqua automatische H\u00e4ngetr\u00e4nke ist die L\u00f6sung!<\/span><\/strong><\/p>\n<p>Mit einem Fassungsverm\u00f6gen von 8 Litern ist die AviAqua mit Schwimmer ein automatischer Wasserspender, der an ein Niederdruckwassernetz* angeschlossen wird.<\/p>\n<p><span style=\"color: #f05957\">Sie ist in <strong>3 Varianten der Wasserverteilung<\/strong> erh\u00e4ltlich:<\/span><br \/>\n\u2022 mit 360\u00b0-<strong>Nippeltr\u00e4nken<\/strong><br \/>\n\u2022 mit gr\u00fcnen <strong>Schwimmerschalen<\/strong> mit gelbem Ventil<br \/>\n\u2022 mit gr\u00fcnen <strong>Schaukelbechern<\/strong>.<\/p>\n<p><span style=\"color: #f05957\"><strong>Neben ihrem modernen und ansprechenden Design, das Ihrem H\u00fchnerstall oder Gefl\u00fcgelauslauf eine elegante Note verleiht, bietet die AviAqua zahlreiche Vorteile:<\/strong><\/span><br \/>\n\u2022 drei separate Trinkstellen dank der speziellen Form<br \/>\n\u2022 optimale Platzverh\u00e4ltnisse und besseren Zugang f\u00fcr die Tiere - weniger Streit und Pickereien<br \/>\n\u2022 nach vorne geneigter Deckel, damit sich das Gefl\u00fcgel nicht darauf setzen kann<br \/>\n\u2022 durch den Anschluss an ein Niederdruckwassernetz liefert sie unabh\u00e4ngig sauberes Wasser, auch wenn Sie nicht zu Hause sind; dank des integrierten Schwimmers im 8-Liter-Tank f\u00fcllt sich dieser mit der Zeit, wenn die Tiere trinken<br \/>\n\u2022 robuster, lichtundurchl\u00e4ssiger Kunststoff, der das Eindringen von Licht und somit Algenbildung reduziert<br \/>\n\u2022 Nippel-, Schwimmer- oder Schaukelbechersystem, das sauberes Wasser in ausreichender Menge liefert und Wasserverluste minimiert.<\/p>\n<p>Dank des mitgelieferten Wandhalters l\u00e4sst sich die AviAqua-Tr\u00e4nke ganz einfach an die Gr\u00f6sse verschiedener Tiere anpassen - ob H\u00fchner, K\u00fcken, Wachteln oder Fasanen! Zudem l\u00e4sst sie sich leicht abnehmen und reinigen.<\/p>\n<p>Abmessungen: 38x23.5x25cm (LxTxH)<br \/>\nDurchmesser f\u00fcr den Anschluss am Schwimmereingang: 15\/21mm<\/p>\n<p>Hinweise:<br \/>\n\u2022 \ud83d\udca1 die h\u00e4ngende Tr\u00e4nke AviAqua ist auch in einer Version ohne Schwimmerventil erh\u00e4ltlich (Produktcode: <a href=\"https:\/\/netpet.ch\/de\/produit\/aviaqua-wand-traenke-8l-verschiedene-varianten\/\" target=\"_blank\" rel=\"noopener\"><span style=\"color: #0000ff\">olnl-aa-abc<\/span><\/a>), die manuell mit einem Schlauch oder einer Giesskanne bef\u00fcllt werden kann<br \/>\n\u2022 \ud83d\udccc diese Tr\u00e4nke ist nicht f\u00fcr Kaninchen geeignet.<\/p>\n<p>*<em>Der maximale Wasserdruck betr\u00e4gt 50cm zwischen der Wasserverteilung und der Oberkante des Wasserspiegels im Netz.<\/em><\/p>\n","protected":false},"excerpt":{"rendered":"<p style=\"text-align: left\"><em><strong><span style=\"color: #f05957\">NEU IM SORTIMENT von netpet.ch\u00a0 \u00a0<\/span><\/strong><\/em><strong>|\u00a0\u00a0<span style=\"color: #339966\"> EINF\u00dcHRUNGSPREIS<\/span><\/strong><\/p>\n","protected":false},"featured_media":50311,"template":"","meta":{"_acf_changed":false,"wds_primary_product_brand":0,"wds_primary_product_cat":0},"product_brand":[],"product_cat":[433],"product_tag":[],"class_list":{"0":"post-50316","1":"product","2":"type-product","3":"status-publish","4":"has-post-thumbnail","6":"product_cat-tranken","8":"first","9":"instock","10":"sale","11":"taxable","12":"shipping-taxable","13":"purchasable","14":"product-type-variable"},"acf":[],"_links":{"self":[{"href":"https:\/\/netpet.ch\/de\/wp-json\/wp\/v2\/product\/50316","targetHints":{"allow":["GET"]}}],"collection":[{"href":"https:\/\/netpet.ch\/de\/wp-json\/wp\/v2\/product"}],"about":[{"href":"https:\/\/netpet.ch\/de\/wp-json\/wp\/v2\/types\/product"}],"wp:featuredmedia":[{"embeddable":true,"href":"https:\/\/netpet.ch\/de\/wp-json\/wp\/v2\/media\/50311"}],"wp:attachment":[{"href":"https:\/\/netpet.ch\/de\/wp-json\/wp\/v2\/media?parent=50316"}],"wp:term":[{"taxonomy":"product_brand","embeddable":true,"href":"https:\/\/netpet.ch\/de\/wp-json\/wp\/v2\/product_brand?post=50316"},{"taxonomy":"product_cat","embeddable":true,"href":"https:\/\/netpet.ch\/de\/wp-json\/wp\/v2\/product_cat?post=50316"},{"taxonomy":"product_tag","embeddable":true,"href":"https:\/\/netpet.ch\/de\/wp-json\/wp\/v2\/product_tag?post=50316"}],"curies":[{"name":"wp","href":"https:\/\/api.w.org\/{rel}","templated":true}]}}