{"id":50399,"date":"2025-12-26T15:36:44","date_gmt":"2025-12-26T14:36:44","guid":{"rendered":"https:\/\/netpet.ch\/?post_type=product&#038;p=50399"},"modified":"2026-04-08T22:56:06","modified_gmt":"2026-04-08T20:56:06","slug":"thermometer-fuer-elektrische-brutmaschine-mit-edelstahlhalterung","status":"publish","type":"product","link":"https:\/\/netpet.ch\/de\/produit\/thermometer-fuer-elektrische-brutmaschine-mit-edelstahlhalterung\/","title":{"rendered":"Thermometer f\u00fcr elektrische Brutmaschine mit Edelstahlhalterung"},"content":{"rendered":"<p>Dieses <strong>Pr\u00e4zisionsthermometer<\/strong> mit Halterung erm\u00f6glicht eine exakte Kontrolle der Bruttemperatur von Eiern.<\/p>\n<p>Es verf\u00fcgt \u00fcber eine <strong>Anzeige in Grad Celsius und Fahrenheit<\/strong> und wurde <strong>speziell f\u00fcr Motorbr\u00fcter entwickelt<\/strong>: eine <strong>spezielle Markierung bei 37,7 \u00b0C<\/strong> (99,8 \u00b0F) zeigt die ideale Bruttemperatur an. Der Temperaturbereich reicht von 20 bis 45 \u00b0C (70 bis 110 \u00b0F).<\/p>\n<p>Das Thermometer ist <strong data-start=\"549\" data-end=\"564\">150 mm lang<\/strong> und hat einen <strong data-start=\"579\" data-end=\"605\">Durchmesser von 6,5 mm<\/strong>. Die <strong>verstellbare Halterung aus Edelstahl<\/strong> l\u00e4sst sich leicht biegen und an jede Brutmaschinenkonfiguration anpassen. Integrierte Befestigungsl\u00f6cher erm\u00f6glichen die Positionierung des Thermometers in verschiedenen H\u00f6hen.<\/p>\n<p>Lieferumfang: Schraube, Mutter und Kunststoff-Befestigungsklammer.<\/p>\n","protected":false},"excerpt":{"rendered":"<p>\u2022 Anzeige in \u00b0C \/ \u00b0F<br \/>\n\u2022 Messbereich von 20 bis 45 \u00b0C<br \/>\n\u2022 Spezielle Markierung bei 37,7 \u00b0C<br \/>\n\u2022 Verstellbare Halterung<\/p>\n","protected":false},"featured_media":50392,"template":"","meta":{"_acf_changed":false,"wds_primary_product_brand":0,"wds_primary_product_cat":0},"product_brand":[],"product_cat":[821,447],"product_tag":[],"class_list":{"0":"post-50399","1":"product","2":"type-product","3":"status-publish","4":"has-post-thumbnail","6":"product_cat-zubehoer-fuer-brinsea-inkubatoren","7":"product_cat-zubehoer-fuer-fiem-inkubatoren","9":"first","10":"instock","11":"taxable","12":"shipping-taxable","13":"purchasable","14":"product-type-simple"},"acf":[],"_links":{"self":[{"href":"https:\/\/netpet.ch\/de\/wp-json\/wp\/v2\/product\/50399","targetHints":{"allow":["GET"]}}],"collection":[{"href":"https:\/\/netpet.ch\/de\/wp-json\/wp\/v2\/product"}],"about":[{"href":"https:\/\/netpet.ch\/de\/wp-json\/wp\/v2\/types\/product"}],"wp:featuredmedia":[{"embeddable":true,"href":"https:\/\/netpet.ch\/de\/wp-json\/wp\/v2\/media\/50392"}],"wp:attachment":[{"href":"https:\/\/netpet.ch\/de\/wp-json\/wp\/v2\/media?parent=50399"}],"wp:term":[{"taxonomy":"product_brand","embeddable":true,"href":"https:\/\/netpet.ch\/de\/wp-json\/wp\/v2\/product_brand?post=50399"},{"taxonomy":"product_cat","embeddable":true,"href":"https:\/\/netpet.ch\/de\/wp-json\/wp\/v2\/product_cat?post=50399"},{"taxonomy":"product_tag","embeddable":true,"href":"https:\/\/netpet.ch\/de\/wp-json\/wp\/v2\/product_tag?post=50399"}],"curies":[{"name":"wp","href":"https:\/\/api.w.org\/{rel}","templated":true}]}}