{"id":50430,"date":"2026-01-02T10:02:05","date_gmt":"2026-01-02T09:02:05","guid":{"rendered":"https:\/\/netpet.ch\/?post_type=product&#038;p=50430"},"modified":"2026-01-02T10:05:53","modified_gmt":"2026-01-02T09:05:53","slug":"nippeltraenke-fuer-kaninchen-mit-klappdeckel-1l","status":"publish","type":"product","link":"https:\/\/netpet.ch\/de\/produit\/nippeltraenke-fuer-kaninchen-mit-klappdeckel-1l\/","title":{"rendered":"Nippeltr\u00e4nke f\u00fcr Kaninchen mit Klappdeckel, 1L"},"content":{"rendered":"<p>Ideale Tr\u00e4nke f\u00fcr <strong>Kaninchen<\/strong>, <strong>Meerschweinchen<\/strong> oder <strong>andere Nagetiere<\/strong>, mit einem Fassungsverm\u00f6gen von 1 Liter.<\/p>\n<p>Diese Tr\u00e4nke l\u00e4sst sich dank des mitgelieferten verzinkten Befestigungsrings leicht an einem Gitter oder K\u00e4fig befestigen und bietet zahlreiche Vorteile:<\/p>\n<p>\u2022 Wasser bleibt sauber und Einstreu bleibt trocken, da die Tiere aus dem Nippel trinken<br \/>\n\u2022 hochwertiger Nippel aus rostfreiem Stahl<br \/>\n\u2022 einfaches Bef\u00fcllen durch den aufklappbaren Deckel<br \/>\n\u2022 hohe Best\u00e4ndigkeit des verwendeten Materials (Polypropylen-Copolymer), insbesondere gegen K\u00e4lte<br \/>\n\u2022 dauerhafte Farbe, da dem Material ein UV-Schutz hinzugef\u00fcgt wurde<br \/>\n\u2022 inklusive verzinktem Befestigungsring.<\/p>\n<p>Hinweise:<br \/>\n\u2022 ein praktischer verzinkter Halter ist auch separat erh\u00e4ltlich: <span style=\"color: #0000ff\"><a style=\"color: #0000ff\" href=\"https:\/\/netpet.ch\/de\/produit\/metallhalter-fuer-nippeltraenke-mit-klappdeckel-1l\/\" target=\"_blank\" rel=\"noopener\">Metallhalter, f\u00fcr Nippeltr\u00e4nke mit Klappdeckel 1L<\/a><\/span> (Produktcode: olnl-dfh)<br \/>\n\u2022 diese Tr\u00e4nke ist auch in einer 0,5-Liter-Version erh\u00e4ltlich: <a href=\"https:\/\/netpet.ch\/de\/produit\/nippeltraenke-fuer-kaninchen-mit-klappdeckel-0-5l\/\" target=\"_blank\" rel=\"noopener\"><span style=\"color: #0000ff\">Nippeltr\u00e4nke f\u00fcr Kaninchen mit Klappdeckel, 0.5L<\/span><\/a> (Produktcode: olnl-dfk05c).<\/p>\n<p>(\u00fcbersetzt mit www.deepL.com)<\/p>\n","protected":false},"excerpt":{"rendered":"<p>Ideale Tr\u00e4nke f\u00fcr Kaninchen, Meerschweinchen oder andere Nagetiere, mit einem Fassungsverm\u00f6gen von 1 Liter. Diese Tr\u00e4nke l\u00e4sst sich dank des mitgelieferten verzinkten Befestigungsrings leicht an einem Gitter oder K\u00e4fig befestigen und bietet zahlreiche Vorteile: \u2022 Wasser bleibt sauber und Einstreu bleibt trocken, da die Tiere aus dem Nippel trinken \u2022 hochwertiger Nippel aus rostfreiem Stahl [&hellip;]<\/p>\n","protected":false},"featured_media":50416,"template":"","meta":{"_acf_changed":false,"wds_primary_product_brand":0,"wds_primary_product_cat":0},"product_brand":[],"product_cat":[433],"product_tag":[],"class_list":{"0":"post-50430","1":"product","2":"type-product","3":"status-publish","4":"has-post-thumbnail","6":"product_cat-tranken","8":"first","9":"instock","10":"taxable","11":"shipping-taxable","12":"purchasable","13":"product-type-simple"},"acf":[],"_links":{"self":[{"href":"https:\/\/netpet.ch\/de\/wp-json\/wp\/v2\/product\/50430","targetHints":{"allow":["GET"]}}],"collection":[{"href":"https:\/\/netpet.ch\/de\/wp-json\/wp\/v2\/product"}],"about":[{"href":"https:\/\/netpet.ch\/de\/wp-json\/wp\/v2\/types\/product"}],"wp:featuredmedia":[{"embeddable":true,"href":"https:\/\/netpet.ch\/de\/wp-json\/wp\/v2\/media\/50416"}],"wp:attachment":[{"href":"https:\/\/netpet.ch\/de\/wp-json\/wp\/v2\/media?parent=50430"}],"wp:term":[{"taxonomy":"product_brand","embeddable":true,"href":"https:\/\/netpet.ch\/de\/wp-json\/wp\/v2\/product_brand?post=50430"},{"taxonomy":"product_cat","embeddable":true,"href":"https:\/\/netpet.ch\/de\/wp-json\/wp\/v2\/product_cat?post=50430"},{"taxonomy":"product_tag","embeddable":true,"href":"https:\/\/netpet.ch\/de\/wp-json\/wp\/v2\/product_tag?post=50430"}],"curies":[{"name":"wp","href":"https:\/\/api.w.org\/{rel}","templated":true}]}}