{"id":50438,"date":"2026-01-02T10:00:52","date_gmt":"2026-01-02T09:00:52","guid":{"rendered":"https:\/\/netpet.ch\/?post_type=product&#038;p=50438"},"modified":"2026-01-02T10:08:09","modified_gmt":"2026-01-02T09:08:09","slug":"nippeltraenke-fuer-kaninchen-mit-klappdeckel-0-5l","status":"publish","type":"product","link":"https:\/\/netpet.ch\/de\/produit\/nippeltraenke-fuer-kaninchen-mit-klappdeckel-0-5l\/","title":{"rendered":"Nippeltr\u00e4nke f\u00fcr Kaninchen mit Klappdeckel, 0.5L"},"content":{"rendered":"<div id=\"-product-description-32-33532\" class=\"oxy-product-description oxy-woo-element\">\n<p>Ideale Tr\u00e4nke f\u00fcr <strong>Kaninchen<\/strong>, <strong>Meerschweinchen<\/strong> oder <strong>andere Nagetiere<\/strong>, mit einem Fassungsverm\u00f6gen von 0,5 Litern.<\/p>\n<p>Diese Tr\u00e4nke, die auf einen St\u00e4nder gestellt oder an einem Gitter oder K\u00e4fig* befestigt werden kann, bietet zahlreiche Vorteile:<br \/>\n\u2022 Wasser bleibt sauber und Einstreu bleibt trocken, da die Tiere aus dem Nippel trinken<br \/>\n\u2022 hochwertiger Nippel aus rostfreiem Stahl<br \/>\n\u2022 einfaches Bef\u00fcllen durch den aufklappbaren Deckel<br \/>\n\u2022 hohe Best\u00e4ndigkeit des verwendeten Materials (Polypropylen-Copolymer), insbesondere gegen K\u00e4lte<br \/>\n\u2022 dauerhafte Farbe, da dem Material ein UV-Schutz hinzugef\u00fcgt wurde.<\/p>\n<p>*verzinkter Befestigungsring nicht enthalten, separat erh\u00e4ltlich :\u00a0<a href=\"https:\/\/netpet.ch\/de\/produit\/anneau-de-fixation-pour-abreuvoir-a-pipette-avec-couvercle-articule-0-5l\/\" target=\"_blank\" rel=\"noopener\"><span style=\"color: #0000ff\">Befestigungsring, f\u00fcr Nippeltr\u00e4nke mit Klappdeckel 0.5L<\/span><\/a>\u00a0(Produktcode : olnl-dfb).<\/p>\n<p>Hinweis: diese Tr\u00e4nke ist auch in einer 1-Liter-Version erh\u00e4ltlich: <a href=\"https:\/\/netpet.ch\/de\/produit\/nippeltraenke-fuer-kaninchen-mit-klappdeckel-1l\/\" target=\"_blank\" rel=\"noopener\"><span style=\"color: #0000ff\">Nippeltr\u00e4nke f\u00fcr Kaninchen mit Klappdeckel, 1L<\/span><\/a> (Produktcode: olnl-dfk10c).<\/p>\n<p>(\u00fcbersetzt mit www.deepL.com)<\/p>\n<\/div>\n","protected":false},"excerpt":{"rendered":"<p>Ideale Tr\u00e4nke f\u00fcr Kaninchen, Meerschweinchen oder andere Nagetiere, mit einem Fassungsverm\u00f6gen von 0,5 Litern. Diese Tr\u00e4nke, die auf einen St\u00e4nder gestellt oder an einem Gitter oder K\u00e4fig* befestigt werden kann, bietet zahlreiche Vorteile: \u2022 Wasser bleibt sauber und Einstreu bleibt trocken, da die Tiere aus dem Nippel trinken \u2022 hochwertiger Nippel aus rostfreiem Stahl \u2022 [&hellip;]<\/p>\n","protected":false},"featured_media":50433,"template":"","meta":{"_acf_changed":false,"wds_primary_product_brand":0,"wds_primary_product_cat":0},"product_brand":[],"product_cat":[433],"product_tag":[],"class_list":{"0":"post-50438","1":"product","2":"type-product","3":"status-publish","4":"has-post-thumbnail","6":"product_cat-tranken","8":"first","9":"instock","10":"taxable","11":"shipping-taxable","12":"purchasable","13":"product-type-simple"},"acf":[],"_links":{"self":[{"href":"https:\/\/netpet.ch\/de\/wp-json\/wp\/v2\/product\/50438","targetHints":{"allow":["GET"]}}],"collection":[{"href":"https:\/\/netpet.ch\/de\/wp-json\/wp\/v2\/product"}],"about":[{"href":"https:\/\/netpet.ch\/de\/wp-json\/wp\/v2\/types\/product"}],"wp:featuredmedia":[{"embeddable":true,"href":"https:\/\/netpet.ch\/de\/wp-json\/wp\/v2\/media\/50433"}],"wp:attachment":[{"href":"https:\/\/netpet.ch\/de\/wp-json\/wp\/v2\/media?parent=50438"}],"wp:term":[{"taxonomy":"product_brand","embeddable":true,"href":"https:\/\/netpet.ch\/de\/wp-json\/wp\/v2\/product_brand?post=50438"},{"taxonomy":"product_cat","embeddable":true,"href":"https:\/\/netpet.ch\/de\/wp-json\/wp\/v2\/product_cat?post=50438"},{"taxonomy":"product_tag","embeddable":true,"href":"https:\/\/netpet.ch\/de\/wp-json\/wp\/v2\/product_tag?post=50438"}],"curies":[{"name":"wp","href":"https:\/\/api.w.org\/{rel}","templated":true}]}}