{"id":50461,"date":"2026-01-03T22:37:20","date_gmt":"2026-01-03T21:37:20","guid":{"rendered":"https:\/\/netpet.ch\/?post_type=product&#038;p=50461"},"modified":"2026-01-03T22:38:08","modified_gmt":"2026-01-03T21:38:08","slug":"kunststoffhalterung-fuer-nippeltraenke-mit-klappdeckel","status":"publish","type":"product","link":"https:\/\/netpet.ch\/de\/produit\/kunststoffhalterung-fuer-nippeltraenke-mit-klappdeckel\/","title":{"rendered":"Kunststoffhalterung f\u00fcr Nippeltr\u00e4nke mit Klappdeckel"},"content":{"rendered":"<p>Diese Kunststoffhalterung dient zur Wandbefestigung von <strong>Nippeltr\u00e4nken mit Klappdeckel<\/strong> mit einem Fassungsverm\u00f6gen von <strong data-start=\"305\" data-end=\"330\">0,5 Liter und 1 Liter<\/strong>:<\/p>\n<p>\u2022 <a href=\"https:\/\/netpet.ch\/de\/produit\/abreuvoir-a-pipette-avec-couvercle-articule-0-5l\/\" target=\"_blank\" rel=\"noopener\"><span style=\"color: #0000ff\">Nippeltr\u00e4nke mit Klappdeckel, 0.5L<\/span><\/a>, Produktcode: olnl-dfk05ku<br \/>\n\u2022 <a href=\"https:\/\/netpet.ch\/de\/produit\/abreuvoir-a-pipette-avec-couvercle-articule-et-anneau-de-fixation-1l\/\" target=\"_blank\" rel=\"noopener\"><span style=\"color: #0000ff\">Nippeltr\u00e4nke mit Klappdeckel und Halterungsb\u00fcgel, 1L<\/span><\/a>, Produktcode: olnl-dfk10ku<br \/>\n\u2022 <a href=\"https:\/\/netpet.ch\/de\/produit\/nippeltraenke-fuer-kaninchen-mit-klappdeckel-0-5l\/\" target=\"_blank\" rel=\"noopener\"><span style=\"color: #0000ff\">Nippeltr\u00e4nke f\u00fcr Kaninchen mit Klappdeckel, 0.5L<\/span><\/a>, Produktcode: olnl-dfk05c<br \/>\n\u2022 <a href=\"https:\/\/netpet.ch\/de\/produit\/nippeltraenke-fuer-kaninchen-mit-klappdeckel-1l\/\" target=\"_blank\" rel=\"noopener\"><span style=\"color: #0000ff\">Nippeltr\u00e4nke f\u00fcr Kaninchen mit Klappdeckel, 1L<\/span><\/a>, Produktcode: olnl-dfk10c<\/p>\n<p>Das Wandmontagesystem besteht aus zwei robusten Kunststoffteilen (ABS): das gelbe Teil wird mit 3 Schrauben (Schrauben nicht im Lieferumfang enthalten) an der Wand befestigt (Trennwand im H\u00fchnerstall oder Kaninchenstall, Mauer). Anschliessend wird die schwarze Halterung einfach darauf eingerastet. Die H\u00f6he der Halterung ist \u00fcber 14cm verstellbar, in 2-cm-Schritten, sodass die Tr\u00e4nke je nach Alter und Rasse der Tiere optimal positioniert werden kann.<\/p>\n<p>Abmessungen: 10x10x24cm.<\/p>\n<p>\ud83d\udccc Die Halterung ist nicht daf\u00fcr ausgelegt, den Bissbelastungen von Kaninchen standzuhalten.<\/p>\n<p><span style=\"color: #999999\">Hinweis: Die Kunststoffhalterung wird ohne Nippeltr\u00e4nke verkauft. Abgebildete Tr\u00e4nken dienen ausschlie\u00dflich der Illustration.<\/span><\/p>\n","protected":false},"excerpt":{"rendered":"<p>Diese Kunststoffhalterung dient zur Wandbefestigung von Nippeltr\u00e4nken mit Klappdeckel mit einem Fassungsverm\u00f6gen von 0,5 Liter und 1 Liter: \u2022 Nippeltr\u00e4nke mit Klappdeckel, 0.5L, Produktcode: olnl-dfk05ku \u2022 Nippeltr\u00e4nke mit Klappdeckel und Halterungsb\u00fcgel, 1L, Produktcode: olnl-dfk10ku \u2022 Nippeltr\u00e4nke f\u00fcr Kaninchen mit Klappdeckel, 0.5L, Produktcode: olnl-dfk05c \u2022 Nippeltr\u00e4nke f\u00fcr Kaninchen mit Klappdeckel, 1L, Produktcode: olnl-dfk10c Das Wandmontagesystem besteht [&hellip;]<\/p>\n","protected":false},"featured_media":50425,"template":"","meta":{"_acf_changed":false,"wds_primary_product_brand":0,"wds_primary_product_cat":0},"product_brand":[],"product_cat":[433],"product_tag":[],"class_list":{"0":"post-50461","1":"product","2":"type-product","3":"status-publish","4":"has-post-thumbnail","6":"product_cat-tranken","8":"first","9":"instock","10":"taxable","11":"shipping-taxable","12":"purchasable","13":"product-type-simple"},"acf":[],"_links":{"self":[{"href":"https:\/\/netpet.ch\/de\/wp-json\/wp\/v2\/product\/50461","targetHints":{"allow":["GET"]}}],"collection":[{"href":"https:\/\/netpet.ch\/de\/wp-json\/wp\/v2\/product"}],"about":[{"href":"https:\/\/netpet.ch\/de\/wp-json\/wp\/v2\/types\/product"}],"wp:featuredmedia":[{"embeddable":true,"href":"https:\/\/netpet.ch\/de\/wp-json\/wp\/v2\/media\/50425"}],"wp:attachment":[{"href":"https:\/\/netpet.ch\/de\/wp-json\/wp\/v2\/media?parent=50461"}],"wp:term":[{"taxonomy":"product_brand","embeddable":true,"href":"https:\/\/netpet.ch\/de\/wp-json\/wp\/v2\/product_brand?post=50461"},{"taxonomy":"product_cat","embeddable":true,"href":"https:\/\/netpet.ch\/de\/wp-json\/wp\/v2\/product_cat?post=50461"},{"taxonomy":"product_tag","embeddable":true,"href":"https:\/\/netpet.ch\/de\/wp-json\/wp\/v2\/product_tag?post=50461"}],"curies":[{"name":"wp","href":"https:\/\/api.w.org\/{rel}","templated":true}]}}