{"id":50603,"date":"2026-02-22T14:47:29","date_gmt":"2026-02-22T13:47:29","guid":{"rendered":"https:\/\/netpet.ch\/?post_type=product&#038;p=50603"},"modified":"2026-03-06T20:37:51","modified_gmt":"2026-03-06T19:37:51","slug":"fiem-brutgeraet-cosmo-evo-plus","status":"publish","type":"product","link":"https:\/\/netpet.ch\/de\/produit\/fiem-brutgeraet-cosmo-evo-plus\/","title":{"rendered":"Fiem - Brutger\u00e4t Cosmo EVO PLUS"},"content":{"rendered":"<p><em><span style=\"color: #f05957\"><strong>Cosmo EVO PLUS Brutmaschine von Fiem \u2013 Innovation und Technologie im Dienst der Brut<\/strong><\/span><\/em><\/p>\n<p>Der neue <strong>Cosmo EVO PLUS<\/strong> Brutautomat stellt die Spitzenklasse der \"New Generation\"-Reihe von Fiem dar und bietet eine Vielzahl fortschrittlicher Funktionen.<\/p>\n<p><span style=\"color: #f05957\"><strong>Die Cosmo EVO PLUS Brutmaschine im Detail:<\/strong><\/span><\/p>\n<ul>\n<li>Intuitives und ultra-leistungsstarkes <strong>Bedienfeld<\/strong><\/li>\n<li><strong>Automatische Eierwendung<\/strong>: das automatische Wendesystem sorgt f\u00fcr eine optimale Embryonalentwicklung und verhindert das Anhaften des Embryos an der Eierschale<\/li>\n<li><strong>Wendegitter mit verstellbaren Eins\u00e4tzen<\/strong>: das vielseitige Gitter passt sich dank verstellbarer und herausnehmbarer Segmente Eiern unterschiedlicher Gr\u00f6sse an<\/li>\n<li><strong>Neuer LCD-Thermostat EVO PLUS<\/strong> mit intuitivem und leistungsstarkem Bedienfeld<\/li>\n<li><strong>Temperatur\u00fcberwachung<\/strong>: pr\u00e4zise Anzeige \u00fcber ein Thermometer in \u00b0F<\/li>\n<li><strong>Optimierte Bel\u00fcftung<\/strong>: ein leiser und zuverl\u00e4ssiger Ventilator sorgt f\u00fcr eine gleichm\u00e4ssige W\u00e4rmeverteilung, unterst\u00fctzt durch die ergonomische Linienf\u00fchrung der oberen Geh\u00e4usestruktur<\/li>\n<li><strong>Transparente Frontt\u00fcr<\/strong>: erm\u00f6glicht die einfache Kontrolle des Brutverlaufs<\/li>\n<li>2 Jahre Herstellergarantie<\/li>\n<li>Hergestellt in Italien<\/li>\n<\/ul>\n<p><span style=\"color: #f05957\"><strong>Die Vorteile der neuen EVO PLUS Steuereinheit:<\/strong><\/span><\/p>\n<p>Der <strong>Cosmo EVO PLUS<\/strong> Inkubator von Fiem ist mit einem <strong>LCD-Thermostat EVO PLUS<\/strong> der neuesten Generation ausgestattet. Dieser erm\u00f6glicht dank eines 2,4-Zoll-TFT-Farbdisplays eine pr\u00e4zise Einstellung zahlreicher Parameter.<\/p>\n<p>Das System umfasst:<\/p>\n<ul>\n<li>vordefinierte Programme f\u00fcr jede Gefl\u00fcgelart (Huhn, Ente, Gans, Wachtel, Fasan, Rebhuhn, Truthahn, Perlhuhn) sowie ein individuell anpassbares \"CUSTOM\"-Programm f\u00fcr spezifische Anforderungen<\/li>\n<li>einen Brutkalender und ein Ei-Symbol, das den Beginn der Schlupfphase anzeigt<\/li>\n<li>automatische Steuerung von Temperatur und Luftfeuchtigkeit dank professionellem, selbstkalibrierendem Sensor mit einer Genauigkeit von \u00b10,1 \u00b0C und \u00b11,5 % rF (relative Luftfeuchtigkeit)<\/li>\n<li>Umschaltung \u00b0C\/\u00b0F<\/li>\n<li>Programmierung von Zeitfenstern f\u00fcr Temperatur und Eierwendung (bis zu 4 Intervalle)<\/li>\n<li>akustischen und visuellen Alarm bei hoher Temperatur<\/li>\n<\/ul>\n<div class=\"elementor-element elementor-element-2600bac elementor-widget elementor-widget-text-editor\" data-id=\"2600bac\" data-element_type=\"widget\" data-e-type=\"widget\" data-widget_type=\"text-editor.default\">\n<div class=\"elementor-widget-container\">\n<hr \/>\n<p>\ud83d\udca1<span style=\"color: #f05957\"><strong>Tipp vom Gefl\u00fcgelz\u00fcchter \ud83d\udc14<\/strong><\/span><\/p>\n<p>In Verbindung mit der Cosmo EVO PLUS Brutmaschine und gesteuert durch die EVO PLUS Steuereinheit erm\u00f6glicht der optional erh\u00e4ltliche <a href=\"https:\/\/netpet.ch\/de\/produit\/humidificateur-a-ultrasons-limpia-4l-pour-couveuses-fiem\/\" target=\"_blank\" rel=\"noopener\"><span style=\"color: #0000ff\">Ultraschall-Luftbefeuchter Limpia 4L<\/span><\/a> (Produktcode: <span style=\"color: #000000\">fiit-limpia4l<\/span>) eine optimale automatische Regulierung der Luftfeuchtigkeit.<\/p>\n<\/div>\n<\/div>\n<p>\ud83c\udff7\ufe0f <span style=\"color: #f05957\">Profitieren Sie von unserem exklusiven Kombi-Angebot: Brutger\u00e4t Cosmo EVO PLUS + Ultraschall-Luftbefeuchter Limpia 4L !<\/span><\/p>\n<p><img loading=\"lazy\" decoding=\"async\" class=\"size-medium wp-image-50596 aligncenter\" src=\"https:\/\/netpet.ch\/wp-content\/uploads\/2026\/02\/fiit-cosmo_evo_plus-limpia-300x200.jpg\" alt=\"\" width=\"300\" height=\"200\" srcset=\"https:\/\/netpet.ch\/wp-content\/uploads\/2026\/02\/fiit-cosmo_evo_plus-limpia-300x200.jpg 300w, https:\/\/netpet.ch\/wp-content\/uploads\/2026\/02\/fiit-cosmo_evo_plus-limpia-1024x683.jpg 1024w, https:\/\/netpet.ch\/wp-content\/uploads\/2026\/02\/fiit-cosmo_evo_plus-limpia-768x512.jpg 768w, https:\/\/netpet.ch\/wp-content\/uploads\/2026\/02\/fiit-cosmo_evo_plus-limpia-600x400.jpg 600w, https:\/\/netpet.ch\/wp-content\/uploads\/2026\/02\/fiit-cosmo_evo_plus-limpia.jpg 1435w\" sizes=\"auto, (max-width: 300px) 100vw, 300px\" \/><\/p>\n<hr \/>\n<p><span style=\"color: #f05957\"><strong>Maximale Eierkapazit\u00e4t:<\/strong><\/span><\/p>\n<ul>\n<li>Huhn, Ente: 70<\/li>\n<li>Wachtel: 150<\/li>\n<li>Gans: 30<\/li>\n<li>Rothuhn: 112<\/li>\n<li>Fasan: 96<\/li>\n<li>Truthahn: 62<\/li>\n<\/ul>\n<p><span style=\"color: #f05957\"><strong>Technische Daten:<\/strong><\/span><\/p>\n<ul>\n<li>Abmessungen: 64 x 53 x 40 cm (LxTxH)<\/li>\n<li>Gewicht: 9,5 kg<\/li>\n<li>Stromversorgung: 220-240V \/ 50-60Hz; Stromverbrauch: 252W<\/li>\n<\/ul>\n<p>&nbsp;<\/p>\n<hr \/>\n<p>Der <strong>offizielle Kundendienst f\u00fcr die Marken Fiem und Brinsea<\/strong> wird von Ihrem Team von <span style=\"color: #f05957\"><strong>netpet.ch<\/strong><\/span> et <strong><a href=\"http:\/\/couveuse.ch\" target=\"_blank\" rel=\"noopener\"><span style=\"color: #436a33\">couveuse.ch<\/span><\/a><\/strong> : lokale und von Fiem und Brinsea autorisierte Serviceleistungen, direkte Partnerschaft mit den Marken, garantierte Original-Ersatzteile, Einhaltung der Qualit\u00e4tsstandards der Hersteller.<\/p>\n<hr \/>\n<p>Das gesamte Fiem-Sortiment finden Sie unter <a href=\"https:\/\/fiem.it\/de\/\" target=\"_blank\" rel=\"noopener\"><span style=\"color: #a0201b\">fiem.it<\/span><\/a>. Gerne stehen wir Ihnen jederzeit f\u00fcr ein individuelles Angebot zur Verf\u00fcgung.<\/p>\n<p><img loading=\"lazy\" decoding=\"async\" class=\"alignnone size-medium wp-image-50573\" src=\"https:\/\/netpet.ch\/wp-content\/uploads\/2026\/02\/FIEM-logo-300x186.png\" alt=\"\" width=\"300\" height=\"186\" srcset=\"https:\/\/netpet.ch\/wp-content\/uploads\/2026\/02\/FIEM-logo-300x186.png 300w, https:\/\/netpet.ch\/wp-content\/uploads\/2026\/02\/FIEM-logo-1024x635.png 1024w, https:\/\/netpet.ch\/wp-content\/uploads\/2026\/02\/FIEM-logo-768x476.png 768w, https:\/\/netpet.ch\/wp-content\/uploads\/2026\/02\/FIEM-logo-600x372.png 600w, https:\/\/netpet.ch\/wp-content\/uploads\/2026\/02\/FIEM-logo.png 1036w\" sizes=\"auto, (max-width: 300px) 100vw, 300px\" \/>\u00a0 \u00a0 \u00a0 \u00a0 <img loading=\"lazy\" decoding=\"async\" class=\"alignnone wp-image-50575\" src=\"https:\/\/netpet.ch\/wp-content\/uploads\/2026\/02\/FIEM-made-in-italy-300x222.png\" alt=\"\" width=\"147\" height=\"109\" srcset=\"https:\/\/netpet.ch\/wp-content\/uploads\/2026\/02\/FIEM-made-in-italy-300x222.png 300w, https:\/\/netpet.ch\/wp-content\/uploads\/2026\/02\/FIEM-made-in-italy-600x445.png 600w, https:\/\/netpet.ch\/wp-content\/uploads\/2026\/02\/FIEM-made-in-italy.png 626w\" sizes=\"auto, (max-width: 147px) 100vw, 147px\" \/>\u00a0 \u00a0 \u00a0 <img loading=\"lazy\" decoding=\"async\" class=\"alignnone size-medium wp-image-50577\" src=\"https:\/\/netpet.ch\/wp-content\/uploads\/2026\/02\/FIEM-new-generation-300x109.png\" alt=\"\" width=\"300\" height=\"109\" srcset=\"https:\/\/netpet.ch\/wp-content\/uploads\/2026\/02\/FIEM-new-generation-300x109.png 300w, https:\/\/netpet.ch\/wp-content\/uploads\/2026\/02\/FIEM-new-generation-768x280.png 768w, https:\/\/netpet.ch\/wp-content\/uploads\/2026\/02\/FIEM-new-generation-600x219.png 600w, https:\/\/netpet.ch\/wp-content\/uploads\/2026\/02\/FIEM-new-generation.png 1024w\" sizes=\"auto, (max-width: 300px) 100vw, 300px\" \/><\/p>\n","protected":false},"excerpt":{"rendered":"<ul>\n<li>Neu im Sortiment <strong>\ud83c\udd95<\/strong><\/li>\n<li>Innovation und Technologie im Dienst der Brut<\/li>\n<li><strong>EVO PLUS<\/strong> Steuereinheit der neuesten Generation \u2013 intuitiv und ultra-leistungsstark<\/li>\n<li>Umfangreiche, fortschrittliche Funktionen<\/li>\n<\/ul>\n<hr \/>\n<p><img loading=\"lazy\" decoding=\"async\" class=\"alignnone wp-image-50573\" src=\"https:\/\/netpet.ch\/wp-content\/uploads\/2026\/02\/FIEM-logo-300x186.png\" alt=\"\" width=\"155\" height=\"96\" srcset=\"https:\/\/netpet.ch\/wp-content\/uploads\/2026\/02\/FIEM-logo-300x186.png 300w, https:\/\/netpet.ch\/wp-content\/uploads\/2026\/02\/FIEM-logo-1024x635.png 1024w, https:\/\/netpet.ch\/wp-content\/uploads\/2026\/02\/FIEM-logo-768x476.png 768w, https:\/\/netpet.ch\/wp-content\/uploads\/2026\/02\/FIEM-logo-600x372.png 600w, https:\/\/netpet.ch\/wp-content\/uploads\/2026\/02\/FIEM-logo.png 1036w\" sizes=\"auto, (max-width: 155px) 100vw, 155px\" \/><\/p>\n<p style=\"text-align: left\"><strong><span style=\"color: #f05957\">netpet.ch<span style=\"color: #000000\"> | Offizieller Direktimporteur und autorisierter Vertriebspartner von <span style=\"color: #a0201b\">Fiem<\/span> in der Schweiz<\/span><\/span><\/strong><\/p>\n<hr \/>\n<p><span style=\"color: #f05957\"><strong> \ud83d\udccc Dieses Produkt ist bei <\/strong><\/span><span style=\"color: #436a33\"><strong><a style=\"color: #436a33\" href=\"http:\/\/couveuse.ch\" target=\"_blank\" rel=\"noopener\">couveuse.ch<\/a><\/strong><\/span><span style=\"color: #f05957\"><strong> auf Lager und erh\u00e4ltlich<\/strong>, auch wenn es hier derzeit nicht zum Online-Verkauf angeboten wird. <strong>Kontaktieren Sie uns bez\u00fcglich der Bestell- und Liefermodalit\u00e4ten, telefonisch unter 079 604 58 97 oder per E-Mail an <a href=\"mailto:contact@netpet.ch\" rel=\"\">contact@netpet.ch<\/a>.<\/strong><\/span><\/p>\n","protected":false},"featured_media":50589,"template":"","meta":{"_acf_changed":false,"wds_primary_product_brand":0,"wds_primary_product_cat":0},"product_brand":[],"product_cat":[450],"product_tag":[],"class_list":{"0":"post-50603","1":"product","2":"type-product","3":"status-publish","4":"has-post-thumbnail","6":"product_cat-couveuses-fiem-de","8":"first","9":"instock","10":"taxable","11":"shipping-taxable","12":"purchasable","13":"product-type-variable"},"acf":[],"_links":{"self":[{"href":"https:\/\/netpet.ch\/de\/wp-json\/wp\/v2\/product\/50603","targetHints":{"allow":["GET"]}}],"collection":[{"href":"https:\/\/netpet.ch\/de\/wp-json\/wp\/v2\/product"}],"about":[{"href":"https:\/\/netpet.ch\/de\/wp-json\/wp\/v2\/types\/product"}],"wp:featuredmedia":[{"embeddable":true,"href":"https:\/\/netpet.ch\/de\/wp-json\/wp\/v2\/media\/50589"}],"wp:attachment":[{"href":"https:\/\/netpet.ch\/de\/wp-json\/wp\/v2\/media?parent=50603"}],"wp:term":[{"taxonomy":"product_brand","embeddable":true,"href":"https:\/\/netpet.ch\/de\/wp-json\/wp\/v2\/product_brand?post=50603"},{"taxonomy":"product_cat","embeddable":true,"href":"https:\/\/netpet.ch\/de\/wp-json\/wp\/v2\/product_cat?post=50603"},{"taxonomy":"product_tag","embeddable":true,"href":"https:\/\/netpet.ch\/de\/wp-json\/wp\/v2\/product_tag?post=50603"}],"curies":[{"name":"wp","href":"https:\/\/api.w.org\/{rel}","templated":true}]}}