{"id":50691,"date":"2026-03-06T19:51:47","date_gmt":"2026-03-06T18:51:47","guid":{"rendered":"https:\/\/netpet.ch\/?post_type=product&#038;p=50691"},"modified":"2026-03-06T19:50:59","modified_gmt":"2026-03-06T18:50:59","slug":"verbindungskabel-zwischen-luftbefeuchter-und-fiem-brutmaschine","status":"publish","type":"product","link":"https:\/\/netpet.ch\/de\/produit\/verbindungskabel-zwischen-luftbefeuchter-und-fiem-brutmaschine\/","title":{"rendered":"Verbindungskabel zwischen Luftbefeuchter und Fiem Brutmaschine"},"content":{"rendered":"<p>Dieses von Fiem angebotene Verbindungskabel erm\u00f6glicht den Anschluss der folgenden Ger\u00e4te an kompatible Brutmaschinen und Schlupfbr\u00fcter der Marke:<\/p>\n<ul>\n<li><a href=\"https:\/\/netpet.ch\/de\/produit\/interner-ultraschall-luftbefeuchter-fuer-fiem-brutgeraete\/\" target=\"_blank\" rel=\"noopener\"><span style=\"color: #0000ff\">Interner Ultraschall-Luftbefeuchter<\/span><\/a> (Produktcode: fiit-kit_humid_int)<\/li>\n<\/ul>\n<ul>\n<li><span style=\"color: #0000ff\"><a style=\"color: #0000ff\" href=\"https:\/\/netpet.ch\/de\/produit\/humidificateur-a-ultrasons-limpia-4l-pour-couveuses-fiem\/\" target=\"_blank\" rel=\"noopener\">Ultraschall-Luftbefeuchter Limpia 4L<\/a><\/span> (Produktcode: fiit-limpia4l)<\/li>\n<\/ul>\n<p style=\"padding-left: 40px\">\ud83d\udccc Wichtiger Hinweis: <strong>Das Verbindungskabel ist beim Ultraschall-Luftbefeuchter Limpia 4L standardm\u00e4ssig im Lieferumfang enthalten.<\/strong>.<\/p>\n","protected":false},"excerpt":{"rendered":"<p>Dieses von Fiem angebotene Verbindungskabel erm\u00f6glicht den Anschluss der folgenden Ger\u00e4te an kompatible Brutmaschinen und Schlupfbr\u00fcter der Marke: Interner Ultraschall-Luftbefeuchter (Produktcode: fiit-kit_humid_int) Ultraschall-Luftbefeuchter Limpia 4L (Produktcode: fiit-limpia4l) \ud83d\udccc Wichtiger Hinweis: Das Verbindungskabel ist beim Ultraschall-Luftbefeuchter Limpia 4L standardm\u00e4ssig im Lieferumfang enthalten..<\/p>\n","protected":false},"featured_media":50654,"template":"","meta":{"_acf_changed":false,"wds_primary_product_brand":0,"wds_primary_product_cat":0},"product_brand":[],"product_cat":[447],"product_tag":[],"class_list":{"0":"post-50691","1":"product","2":"type-product","3":"status-publish","4":"has-post-thumbnail","6":"product_cat-zubehoer-fuer-fiem-inkubatoren","8":"first","9":"outofstock","10":"taxable","11":"shipping-taxable","12":"purchasable","13":"product-type-simple"},"acf":[],"_links":{"self":[{"href":"https:\/\/netpet.ch\/de\/wp-json\/wp\/v2\/product\/50691","targetHints":{"allow":["GET"]}}],"collection":[{"href":"https:\/\/netpet.ch\/de\/wp-json\/wp\/v2\/product"}],"about":[{"href":"https:\/\/netpet.ch\/de\/wp-json\/wp\/v2\/types\/product"}],"wp:featuredmedia":[{"embeddable":true,"href":"https:\/\/netpet.ch\/de\/wp-json\/wp\/v2\/media\/50654"}],"wp:attachment":[{"href":"https:\/\/netpet.ch\/de\/wp-json\/wp\/v2\/media?parent=50691"}],"wp:term":[{"taxonomy":"product_brand","embeddable":true,"href":"https:\/\/netpet.ch\/de\/wp-json\/wp\/v2\/product_brand?post=50691"},{"taxonomy":"product_cat","embeddable":true,"href":"https:\/\/netpet.ch\/de\/wp-json\/wp\/v2\/product_cat?post=50691"},{"taxonomy":"product_tag","embeddable":true,"href":"https:\/\/netpet.ch\/de\/wp-json\/wp\/v2\/product_tag?post=50691"}],"curies":[{"name":"wp","href":"https:\/\/api.w.org\/{rel}","templated":true}]}}