{"id":50701,"date":"2026-03-06T20:55:53","date_gmt":"2026-03-06T19:55:53","guid":{"rendered":"https:\/\/netpet.ch\/?post_type=product&#038;p=50701"},"modified":"2026-03-29T19:20:50","modified_gmt":"2026-03-29T17:20:50","slug":"fiem-couveuse-mg140-200-rural-evo-plus","status":"publish","type":"product","link":"https:\/\/netpet.ch\/de\/produit\/fiem-couveuse-mg140-200-rural-evo-plus\/","title":{"rendered":"Fiem - Brutger\u00e4t MG140\/200 Rural EVO PLUS"},"content":{"rendered":"<p><em><span style=\"color: #f05957;\"><strong>Brutmaschine MG140\/200 Rural EVO PLUS von Fiem \u2013 Professionelle Leistung f\u00fcr erfolgreiche Schlupfergebnisse<\/strong><\/span><\/em><\/p>\n<p>Die MG140\/200 Rural EVO PLUS wurde entwickelt, um eine grosse Brutkapazit\u00e4t mit technologischer Pr\u00e4zision zu vereinen. Sie bietet eine zuverl\u00e4ssige und intuitive digitale Steuerung. Damit unterst\u00fctzt sie sowohl passionierte Gefl\u00fcgelz\u00fcchter als auch semi-professionelle Betriebe bei einem hohen Bruterfolg.<\/p>\n<p>&nbsp;<\/p>\n<p><span style=\"color: #f05957;\"><strong>Die Brutmaschine MG140\/200 Rural EVO PLUS im Detail:<\/strong><\/span><\/p>\n<ul>\n<li>Robustes und widerstandsf\u00e4higes Geh\u00e4use aus hochisolierenden Materialien: PVC mit Polystyrol-W\u00e4rmeisolierung<\/li>\n<li><strong>Automatische Eierwendung<\/strong> mittels <strong>spezieller Brutrahmen mit Metallwiegen<\/strong>, geeignet f\u00fcr alle Eierarten. Die besonders pr\u00e4zise und sanfte Schaukelbewegung sorgt f\u00fcr eine optimale Embryonalentwicklung und verhindert ein Anhaften des Embryos an der Eischale<\/li>\n<li><strong>Neuer LCD-Thermostat EVO PLUS<\/strong> mit intuitivem und leistungsstarkem Bedienfeld<\/li>\n<li>Serienm\u00e4ssiges <strong>halbautomatisches Befeuchtungssystem<\/strong>: das EVO PLUS-Display zeigt die Luftfeuchtigkeit an, die durch nat\u00fcrliche Verdunstung aus einem kleinen Schwimmerbeh\u00e4lter im Inneren der Brutmaschine entsteht. Dieser wird \u00fcber einen mitgelieferten externen Wasserbeh\u00e4lter gespeist. Ein Deckel am kleinen Beh\u00e4lter erm\u00f6glicht die Regulierung der Verdunstung<\/li>\n<li><strong>\u00dcberwachung von Temperatur und Luftfeuchtigkeit<\/strong>: pr\u00e4zise Anzeige \u00fcber Thermometer in \u00b0F und Hygrometer mit Feuchtkugel<\/li>\n<li><strong>Optimierte Bel\u00fcftung<\/strong>: ein Ventilator sorgt f\u00fcr eine gleichm\u00e4\u00dfige W\u00e4rmeverteilung im Innenraum. Spezielle L\u00fcftungs\u00f6ffnungen mit verstellbaren Klappen auf der Oberseite gew\u00e4hrleisten eine ausreichende Frischluftzufuhr und den Abtransport von Kohlendioxid.<\/li>\n<li><strong>Sichtfenster in der T\u00fcr<\/strong> f\u00fcr perfekte Sicht ins Innere sowie <strong>integrierte Beleuchtung<\/strong> zur Kontrolle des Schlupfes, ohne das Ger\u00e4t \u00f6ffnen zu m\u00fcssen<\/li>\n<li>2 Jahre Herstellergarantie<\/li>\n<li>Hergestellt in Italien<\/li>\n<\/ul>\n<p>&nbsp;<\/p>\n<p><span style=\"color: #f05957;\"><strong>Die Vorteile der neuen EVO PLUS Steuereinheit:<\/strong><\/span><\/p>\n<p>Der Brutapparat <strong>MG140\/200 Rural EVO PLUS<\/strong> von Fiem ist mit einem <strong>Thermostat der neuesten Generation EVO PLUS<\/strong> ausgestattet. \u00dcber ein 2,4-Zoll-TFT-Farbdisplay lassen sich zahlreiche Parameter pr\u00e4zise einstellen.<\/p>\n<p>Das System umfasst:<\/p>\n<ul>\n<li>vordefinierte Programme f\u00fcr jede Gefl\u00fcgelart (Huhn, Ente, Gans, Wachtel, Fasan, Rebhuhn, Truthahn, Perlhuhn) sowie ein individuell anpassbares \"CUSTOM\"-Programm f\u00fcr spezifische Anforderungen<\/li>\n<li>Brutkalender und ein Ei-Symbol, das den Beginn der Schlupfphase anzeigt<\/li>\n<li>automatische Temperaturregelung dank professionellem Sensor mit automatischer Kalibrierung und einer Genauigkeit von \u00b10,1 \u00b0C<\/li>\n<li>Anzeige der Luftfeuchtigkeit mit einer Genauigkeit von \u00b11,5 % rF (relative Luftfeuchtigkeit); M\u00f6glichkeit einer vollautomatischen Regulierung der Luftfeuchtigkeit \u00fcber Heizwiderstand oder Ultraschall-Luftbefeuchter (optional erh\u00e4ltlich)<\/li>\n<li>Umschaltung \u00b0C\/\u00b0F<\/li>\n<li>Programmierung von Zeitfenstern f\u00fcr Temperatur und Eierwendung (bis zu 4 Intervalle)<\/li>\n<li>akustischen und visuellen Alarm bei hoher Temperatur<\/li>\n<\/ul>\n<div class=\"elementor-element elementor-element-2600bac elementor-widget elementor-widget-text-editor\" data-id=\"2600bac\" data-element_type=\"widget\" data-e-type=\"widget\" data-widget_type=\"text-editor.default\">\n<div class=\"elementor-widget-container\">\n<p>Die Luftfeuchtigkeit in der MG140\/200 Rural EVO PLUS kann vollst\u00e4ndig automatisch gesteuert werden. Die elektronische Steuereinheit kann optional folgende Zubeh\u00f6rteile ansteuern:<\/p>\n<ul>\n<li><a href=\"https:\/\/netpet.ch\/de\/produit\/heizwiderstand-zur-befeuchtung-fuer-fiem-brutmaschinen\/\" target=\"_blank\" rel=\"noopener\"><span style=\"color: #0000ff;\">Heizwiderstand zur Befeuchtung f\u00fcr Fiem-Brutger\u00e4te<\/span><\/a> (Produktcode: fiit-heating_resistance)<\/li>\n<li><a href=\"https:\/\/netpet.ch\/produit\/humidificateur-a-ultrasons-limpia-4l-pour-couveuses-fiem\/\" target=\"_blank\" rel=\"noopener\"><span style=\"color: #0000ff;\">Ultraschall-Luftbefeuchter Limpia 4L f\u00fcr Fiem-Brutger\u00e4te<\/span><\/a> (Produktcode: fiit-limpia4l)<\/li>\n<li><a href=\"https:\/\/netpet.ch\/de\/produit\/interner-ultraschall-luftbefeuchter-fuer-fiem-brutgeraete\/\" target=\"_blank\" rel=\"noopener\"><span style=\"color: #0000ff;\">Interner Ultraschall-Luftbefeuchter f\u00fcr Fiem-Brutger\u00e4te<\/span><\/a> (Produktcode: fiit-kit_humid_int)<\/li>\n<\/ul>\n<\/div>\n<\/div>\n<p>&nbsp;<\/p>\n<p><span style=\"color: #f05957;\"><strong>Maximale Eierkapazit\u00e4t <\/strong>(in Konfiguration mit 5 Schalen mit Metallhalterungen, ohne den auf der Abbildung gezeigten Kunststoff-Schlupfkorb)<strong>:<\/strong><\/span><\/p>\n<ul>\n<li>Huhn, Ente: 175<\/li>\n<li>Fasan: 200<\/li>\n<li>Rothuhn: 675<\/li>\n<li>Wachtel: 750<\/li>\n<li>Truthahn: 150<\/li>\n<li>Gans (spezifische Schale auf Bestellung): 45<\/li>\n<\/ul>\n<p>Die MG140\/200 Rural EVO PLUS eignet sich auch f\u00fcr versetzte Brutzyklen, bei denen sich Eier in unterschiedlichen Brutstadien gleichzeitig im Ger\u00e4t befinden.<\/p>\n<hr \/>\n<p>\ud83d\udca1<strong><span style=\"color: #f05957;\">Tipp vom Gefl\u00fcgelz\u00fcchter<\/span>\u00a0\ud83d\udc14<\/strong><\/p>\n<p>Auch wenn diese Brutmaschine theoretisch sowohl Brut als auch Schlupf im selben Ger\u00e4t erm\u00f6glicht, empfehlen wir f\u00fcr optimale Ergebnisse, die beiden Phasen nicht zu kombinieren.<\/p>\n<p>W\u00e4hrend der Schlupfphase entstehen nat\u00fcrlicherweise Staub und R\u00fcckst\u00e4nde (Daunen, Eierschalen), die sich auf noch br\u00fctenden Eiern absetzen k\u00f6nnen und die idealen Brutbedingungen beeintr\u00e4chtigen.<\/p>\n<hr \/>\n<p>&nbsp;<\/p>\n<p><span style=\"color: #f05957;\"><strong>Technische Daten:<\/strong><\/span><\/p>\n<ul>\n<li>Abmessungen: 51 x 62 x 65,5 cm (LxTxH)<\/li>\n<li>Gewicht: ~ 33 kg<\/li>\n<li>Stromversorgung: 220-240V \/ 50-60Hz; Stromverbrauch: 220W<\/li>\n<\/ul>\n<p>&nbsp;<\/p>\n<p>&nbsp;<\/p>\n<hr \/>\n<p>Der <strong>offizielle Kundendienst f\u00fcr die Marken Fiem und Brinsea<\/strong> wird von Ihrem Team von <span style=\"color: #f05957;\"><strong>netpet.ch<\/strong><\/span> et <strong><a href=\"http:\/\/couveuse.ch\" target=\"_blank\" rel=\"noopener\"><span style=\"color: #436a33;\">couveuse.ch<\/span><\/a><\/strong> : lokale und von Fiem und Brinsea autorisierte Serviceleistungen, direkte Partnerschaft mit den Marken, garantierte Original-Ersatzteile, Einhaltung der Qualit\u00e4tsstandards der Hersteller.<\/p>\n<hr \/>\n<p>Das gesamte Fiem-Sortiment finden Sie unter <a href=\"https:\/\/fiem.it\/de\/\" target=\"_blank\" rel=\"noopener\"><span style=\"color: #a0201b;\">fiem.it<\/span><\/a>. Gerne stehen wir Ihnen jederzeit f\u00fcr ein individuelles Angebot zur Verf\u00fcgung.<\/p>\n<p><img loading=\"lazy\" decoding=\"async\" class=\"alignnone size-medium wp-image-50573\" src=\"https:\/\/netpet.ch\/wp-content\/uploads\/2026\/02\/FIEM-logo-300x186.png\" alt=\"\" width=\"300\" height=\"186\" srcset=\"https:\/\/netpet.ch\/wp-content\/uploads\/2026\/02\/FIEM-logo-300x186.png 300w, https:\/\/netpet.ch\/wp-content\/uploads\/2026\/02\/FIEM-logo-1024x635.png 1024w, https:\/\/netpet.ch\/wp-content\/uploads\/2026\/02\/FIEM-logo-768x476.png 768w, https:\/\/netpet.ch\/wp-content\/uploads\/2026\/02\/FIEM-logo-600x372.png 600w, https:\/\/netpet.ch\/wp-content\/uploads\/2026\/02\/FIEM-logo.png 1036w\" sizes=\"auto, (max-width: 300px) 100vw, 300px\" \/>\u00a0 \u00a0 \u00a0 \u00a0 <img loading=\"lazy\" decoding=\"async\" class=\"alignnone wp-image-50575\" src=\"https:\/\/netpet.ch\/wp-content\/uploads\/2026\/02\/FIEM-made-in-italy-300x222.png\" alt=\"\" width=\"147\" height=\"109\" srcset=\"https:\/\/netpet.ch\/wp-content\/uploads\/2026\/02\/FIEM-made-in-italy-300x222.png 300w, https:\/\/netpet.ch\/wp-content\/uploads\/2026\/02\/FIEM-made-in-italy-600x445.png 600w, https:\/\/netpet.ch\/wp-content\/uploads\/2026\/02\/FIEM-made-in-italy.png 626w\" sizes=\"auto, (max-width: 147px) 100vw, 147px\" \/>\u00a0 \u00a0 \u00a0 <img loading=\"lazy\" decoding=\"async\" class=\"alignnone size-medium wp-image-50615\" src=\"https:\/\/netpet.ch\/wp-content\/uploads\/2026\/02\/FIEM-mg-1024x373-1-300x109.png\" alt=\"\" width=\"300\" height=\"109\" srcset=\"https:\/\/netpet.ch\/wp-content\/uploads\/2026\/02\/FIEM-mg-1024x373-1-300x109.png 300w, https:\/\/netpet.ch\/wp-content\/uploads\/2026\/02\/FIEM-mg-1024x373-1-768x280.png 768w, https:\/\/netpet.ch\/wp-content\/uploads\/2026\/02\/FIEM-mg-1024x373-1-600x219.png 600w, https:\/\/netpet.ch\/wp-content\/uploads\/2026\/02\/FIEM-mg-1024x373-1.png 1024w\" sizes=\"auto, (max-width: 300px) 100vw, 300px\" \/><\/p>\n","protected":false},"excerpt":{"rendered":"<ul>\n<li>Neu im Sortiment <strong>\ud83c\udd95<\/strong><\/li>\n<li><strong>EVO PLUS<\/strong> Steuereinheit der neuesten Generation \u2013 intuitiv und ultra-leistungsstark<\/li>\n<li>Zuverl\u00e4ssigkeit und professionelle Pr\u00e4zision \u2013 f\u00fcr anspruchsvolle Gefl\u00fcgelz\u00fcchter<\/li>\n<li>Grosse Kapazit\u00e4t, Vielseitigkeit und Modularit\u00e4t<\/li>\n<\/ul>\n<hr \/>\n<p><img loading=\"lazy\" decoding=\"async\" class=\"alignnone wp-image-50573\" src=\"https:\/\/netpet.ch\/wp-content\/uploads\/2026\/02\/FIEM-logo-300x186.png\" alt=\"\" width=\"155\" height=\"96\" srcset=\"https:\/\/netpet.ch\/wp-content\/uploads\/2026\/02\/FIEM-logo-300x186.png 300w, https:\/\/netpet.ch\/wp-content\/uploads\/2026\/02\/FIEM-logo-1024x635.png 1024w, https:\/\/netpet.ch\/wp-content\/uploads\/2026\/02\/FIEM-logo-768x476.png 768w, https:\/\/netpet.ch\/wp-content\/uploads\/2026\/02\/FIEM-logo-600x372.png 600w, https:\/\/netpet.ch\/wp-content\/uploads\/2026\/02\/FIEM-logo.png 1036w\" sizes=\"auto, (max-width: 155px) 100vw, 155px\" \/><\/p>\n<p style=\"text-align: left;\"><strong><span style=\"color: #f05957;\">netpet.ch<span style=\"color: #000000;\"> | Offizieller Direktimporteur und autorisierter Vertriebspartner von <span style=\"color: #a0201b;\">Fiem<\/span>\u00a0in der Schweiz<\/span><\/span><\/strong><\/p>\n<hr \/>\n","protected":false},"featured_media":50669,"template":"","meta":{"_acf_changed":false,"wds_primary_product_brand":0,"wds_primary_product_cat":0},"product_brand":[],"product_cat":[450,451],"product_tag":[],"class_list":{"0":"post-50701","1":"product","2":"type-product","3":"status-publish","4":"has-post-thumbnail","6":"product_cat-couveuses-fiem-de","7":"product_cat-professionelle-brutgeraete","9":"first","10":"instock","11":"taxable","12":"shipping-taxable","13":"purchasable","14":"product-type-variable"},"acf":[],"_links":{"self":[{"href":"https:\/\/netpet.ch\/de\/wp-json\/wp\/v2\/product\/50701","targetHints":{"allow":["GET"]}}],"collection":[{"href":"https:\/\/netpet.ch\/de\/wp-json\/wp\/v2\/product"}],"about":[{"href":"https:\/\/netpet.ch\/de\/wp-json\/wp\/v2\/types\/product"}],"wp:featuredmedia":[{"embeddable":true,"href":"https:\/\/netpet.ch\/de\/wp-json\/wp\/v2\/media\/50669"}],"wp:attachment":[{"href":"https:\/\/netpet.ch\/de\/wp-json\/wp\/v2\/media?parent=50701"}],"wp:term":[{"taxonomy":"product_brand","embeddable":true,"href":"https:\/\/netpet.ch\/de\/wp-json\/wp\/v2\/product_brand?post=50701"},{"taxonomy":"product_cat","embeddable":true,"href":"https:\/\/netpet.ch\/de\/wp-json\/wp\/v2\/product_cat?post=50701"},{"taxonomy":"product_tag","embeddable":true,"href":"https:\/\/netpet.ch\/de\/wp-json\/wp\/v2\/product_tag?post=50701"}],"curies":[{"name":"wp","href":"https:\/\/api.w.org\/{rel}","templated":true}]}}