{"id":50809,"date":"2026-03-17T20:43:54","date_gmt":"2026-03-17T19:43:54","guid":{"rendered":"https:\/\/netpet.ch\/?post_type=product&#038;p=50809"},"modified":"2026-04-07T18:59:56","modified_gmt":"2026-04-07T16:59:56","slug":"immun-fit-natuerliches-ergaenzungsfuttermittel-fuer-gefluegel-500ml","status":"publish","type":"product","link":"https:\/\/netpet.ch\/de\/produit\/immun-fit-natuerliches-ergaenzungsfuttermittel-fuer-gefluegel-500ml\/","title":{"rendered":"Immun-Fit | Nat\u00fcrliches Erg\u00e4nzungsfuttermittel f\u00fcr Gefl\u00fcgel 500ml"},"content":{"rendered":"<p><em><span style=\"color: #f05957;\"><strong>Immun-Fit \u2013 eine Auswahl an Vitaminen, Aminos\u00e4uren und Pflanzenextrakten f\u00fcr Ihre Tiere<\/strong><\/span><\/em><\/p>\n<p><strong>\ud83d\udc14 Unterst\u00fctzen Sie die Vitalit\u00e4t Ihrer H\u00fchner und Wachteln das ganze Jahr \u00fcber<\/strong><\/p>\n<p>Gefl\u00fcgel im Hobby- oder Familienbestand ist regelm\u00e4ssig verschiedenen Stressfaktoren ausgesetzt: Jahreszeitenwechsel, Mauser, Parasitenbelastung, klimatische Schwankungen usw.<\/p>\n<p>Immun-Fit federgold<strong>\u00ae<\/strong> aus dem Hause Wachtel-Shop ist ein <strong>fl\u00fcssiges Erg\u00e4nzungsfuttermittel<\/strong>, das speziell f\u00fcr Gefl\u00fcgel entwickelt wurde. Seine Rezeptur kombiniert <strong>Vitamine, Aminos\u00e4uren, Pflanzenextrakte und \u00e4therische \u00d6le<\/strong>, um die t\u00e4gliche F\u00fctterung Ihrer gefiederten Tiere zu erg\u00e4nzen \u2013 insbesondere in Zeiten erh\u00f6hter Beanspruchung. Es liefert verschiedene wichtige N\u00e4hrstoffe sowie traditionelle pflanzliche Inhaltsstoffe, die nat\u00fcrlicherweise in Pflanzen vorkommen.<\/p>\n<p><span style=\"color: #f05957;\"><strong>Die Vorteile von Immun-Fit:<\/strong><\/span><\/p>\n<ul>\n<li>Fl\u00fcssiges Erg\u00e4nzungsfuttermittel \u2013 einfach \u00fcber das Trinkwasser zu verabreichen<\/li>\n<li>Liefert Vitamine (A, D3, E und Vitamine der B-Gruppe) sowie essentielle Aminos\u00e4uren<\/li>\n<li>Mit sorgf\u00e4ltig ausgew\u00e4hlten Pflanzenextrakten und \u00e4therischen \u00d6len<\/li>\n<li>Angereichert mit L-Carnitin und Biotin<\/li>\n<\/ul>\n<p><strong><span style=\"color: #f05957;\">Enthaltene Pflanzen und Pflanzenextrakte:<\/span><\/strong><\/p>\n<ul>\n<li>Mariendistel<\/li>\n<li>Artischocke<\/li>\n<li>Brennnesselwurzel<\/li>\n<li>L\u00f6wenzahnwurzel<\/li>\n<li>Oregano<\/li>\n<li>Thymian<\/li>\n<li>Pfefferminze<\/li>\n<\/ul>\n<p>&nbsp;<\/p>\n<hr \/>\n<p>\ud83d\udca1<span style=\"color: #f05957;\"><strong> F\u00fctterungsempfehlung<\/strong><\/span><\/p>\n<p>Immun-Fit kann 2 bis 4-mal pro Woche \u00fcber das Trinkwasser verabreicht werden.<\/p>\n<p>Vor Gebrauch gut sch\u00fctteln. 5 ml Immun-Fit mit 1 Liter Trinkwasser mischen. Trinkwasser mindestens alle 24 Stunden erneuern.<\/p>\n<hr \/>\n<p>\ud83d\udccc Wichtige Hinweise:<\/p>\n<ul>\n<li>Lagerung: Nach dem \u00d6ffnen im K\u00fchlschrank bei etwa +8 \u00b0C aufbewahren und innerhalb von 3 Monaten verbrauchen. Flasche nach Gebrauch gut verschliessen.<\/li>\n<li>M\u00f6gliche Farbver\u00e4nderungen haben keinen Einfluss auf die Wirksamkeit des Produkts.<\/li>\n<li>Die gleichzeitige Verwendung verschiedener organischer S\u00e4uren oder ihrer Salze kann nicht empfohlen werden, wenn der maximal zul\u00e4ssige Gehalt f\u00fcr einen oder mehrere dieser Bestandteile erreicht oder nahezu erreicht ist.<\/li>\n<\/ul>\n<p><em><img loading=\"lazy\" decoding=\"async\" class=\"lazy\" title=\"Pfeil, backup, down, download, speichern unter, storage, transfer Symbol Kostenlos\" src=\"https:\/\/cdn.icon-icons.com\/icons2\/1946\/PNG\/96\/1904659-arrow-backup-down-download-save-storage-transfer_122509.png\" alt=\"Pfeil, backup, down, download, speichern unter, storage, transfer Symbol\" width=\"13\" height=\"13\" data-original=\"https:\/\/cdn.icon-icons.com\/icons2\/1946\/PNG\/96\/1904659-arrow-backup-down-download-save-storage-transfer_122509.png\" \/><a href=\"https:\/\/netpet.ch\/wp-content\/uploads\/2026\/03\/Composition_Zusammensetzung_wsde-4045.pdf\" target=\"_blank\" rel=\"noopener\"><span style=\"color: #0000ff;\"> Zusammensetzung<\/span><\/a><\/em><\/p>\n","protected":false},"excerpt":{"rendered":"<p style=\"text-align: left;\"><em><strong><span style=\"color: #f05957;\">NEU IM SORTIMENT von netpet.ch<\/span><\/strong><\/em><\/p>\n<ul>\n<li>Vitamine, Aminos\u00e4uren und Pflanzenextrakte<\/li>\n<li>Nat\u00fcrliche N\u00e4hrstofferg\u00e4nzung<\/li>\n<li>F\u00fcr H\u00fchner, Wachteln und anderes Gefl\u00fcgel<\/li>\n<li>Ideal f\u00fcr Hobbyhaltungen und Familien-H\u00fchnerst\u00e4lle<\/li>\n<\/ul>\n","protected":false},"featured_media":50693,"template":"","meta":{"_acf_changed":false,"wds_primary_product_brand":0,"wds_primary_product_cat":0},"product_brand":[],"product_cat":[435],"product_tag":[],"class_list":{"0":"post-50809","1":"product","2":"type-product","3":"status-publish","4":"has-post-thumbnail","6":"product_cat-wohlbefinden-und-futter","8":"first","9":"instock","10":"taxable","11":"shipping-taxable","12":"purchasable","13":"product-type-simple"},"acf":[],"_links":{"self":[{"href":"https:\/\/netpet.ch\/de\/wp-json\/wp\/v2\/product\/50809","targetHints":{"allow":["GET"]}}],"collection":[{"href":"https:\/\/netpet.ch\/de\/wp-json\/wp\/v2\/product"}],"about":[{"href":"https:\/\/netpet.ch\/de\/wp-json\/wp\/v2\/types\/product"}],"wp:featuredmedia":[{"embeddable":true,"href":"https:\/\/netpet.ch\/de\/wp-json\/wp\/v2\/media\/50693"}],"wp:attachment":[{"href":"https:\/\/netpet.ch\/de\/wp-json\/wp\/v2\/media?parent=50809"}],"wp:term":[{"taxonomy":"product_brand","embeddable":true,"href":"https:\/\/netpet.ch\/de\/wp-json\/wp\/v2\/product_brand?post=50809"},{"taxonomy":"product_cat","embeddable":true,"href":"https:\/\/netpet.ch\/de\/wp-json\/wp\/v2\/product_cat?post=50809"},{"taxonomy":"product_tag","embeddable":true,"href":"https:\/\/netpet.ch\/de\/wp-json\/wp\/v2\/product_tag?post=50809"}],"curies":[{"name":"wp","href":"https:\/\/api.w.org\/{rel}","templated":true}]}}