{"id":50907,"date":"2026-03-21T11:10:34","date_gmt":"2026-03-21T10:10:34","guid":{"rendered":"https:\/\/netpet.ch\/?post_type=product&#038;p=50907"},"modified":"2026-03-21T11:55:14","modified_gmt":"2026-03-21T10:55:14","slug":"fiem-eierwender-fuer-verschiedene-eierarten","status":"publish","type":"product","link":"https:\/\/netpet.ch\/de\/produit\/fiem-eierwender-fuer-verschiedene-eierarten\/","title":{"rendered":"Fiem - Eierwender | F\u00fcr verschiedene Eierarten"},"content":{"rendered":"<p>Die Fiem Eierwender wurden <strong>speziell f\u00fcr die Modelle MG70\/100, MG100\/150 und MG140\/200 entwickelt<\/strong> und erm\u00f6glichen eine zuverl\u00e4ssige Brut von Eiern unterschiedlicher Gr\u00f6ssen unter optimalen Bedingungen.<\/p>\n<p>Die stabile Konstruktion <strong>aus hochwertigem Stahl<\/strong> sorgt f\u00fcr eine lange Lebensdauer. <strong>Kippbare Eierhalterungen<\/strong> (Wippen) gew\u00e4hrleisten, dass die Eier w\u00e4hrend des gesamten Brutprozesses sicher gelagert und gleichm\u00e4ssig automatisch gewendet werden. Gleichzeitig unterst\u00fctzt das durchdachte Design eine optimale Luftzirkulation im Inkubator - ein entscheidender Faktor f\u00fcr ein erfolgreiches Brutergebnis.<\/p>\n<p>Dank <strong>verschiedener Ausf\u00fchrungen<\/strong> k\u00f6nnen Sie Ihre Brutmaschine MG70\/100, MG100\/150 oder MG140\/200 flexibel an unterschiedliche Gefl\u00fcgelarten anpassen:<\/p>\n<ul>\n<li><strong>Universal-Eierwender<\/strong>: f\u00fcr Eier mit einem Durchmesser von 22 bis 60 mm, f\u00fcr bis zu 35 H\u00fchner- oder Enteneier* bzw. bis zu 150 japanische Wachteleier*<\/li>\n<li><strong>Eierwender f\u00fcr Wachteln<\/strong>: f\u00fcr Eier ab 15 mm Durchmesser, f\u00fcr bis zu 100 Eier*<\/li>\n<li><strong>Eierwender f\u00fcr Zwergh\u00fchner und Fasane<\/strong>: f\u00fcr Eier mit ca. 30 mm Durchmesser, f\u00fcr bis zu 40 Eier*<\/li>\n<li><strong>Eierwender f\u00fcr G\u00e4nse<\/strong>: f\u00fcr Eier mit einem Durchmesser von 40 bis 72 mm, f\u00fcr bis zu 9 Eier*<\/li>\n<\/ul>\n<p>* Richtwerte basierend auf durchschnittlichen Eigr\u00f6ssen. Abweichungen je nach Rasse und Alter der Tiere sind m\u00f6glich.<\/p>\n<p><span style=\"color: #f05957\"><strong>So verwenden Sie den Eierwender:<\/strong><\/span><\/p>\n<ul>\n<li>Legen Sie die Eier vorsichtig in die Eierhalterungen<\/li>\n<li>Verwenden Sie Haltefedern, wenn Reihen nicht vollst\u00e4ndig gef\u00fcllt sind<\/li>\n<li>Setzen Sie den Eierwender in Ihren Fiem Inkubator ein<\/li>\n<li>Aktivieren Sie den automatischen Wendemechanismus f\u00fcr eine regelm\u00e4ssige und sichere Drehung der Eier.<\/li>\n<\/ul>\n<p>Abmessungen: 38 x 35 cm<\/p>\n<p><span style=\"color: #999999\">Hinweis: Die Fiem Eierwender werden ohne Eier geliefert. Abbildungen dienen ausschliesslich zur Illustration.<\/span><\/p>\n<p>&nbsp;<\/p>\n<hr \/>\n<p>Der <strong>offizielle Kundendienst f\u00fcr die Marken Fiem und Brinsea<\/strong> wird von Ihrem Team von <span style=\"color: #f05957\"><strong>netpet.ch<\/strong><\/span> et <strong><a href=\"http:\/\/couveuse.ch\" target=\"_blank\" rel=\"noopener\"><span style=\"color: #436a33\">couveuse.ch<\/span><\/a><\/strong> : lokale und von Fiem und Brinsea autorisierte Serviceleistungen, direkte Partnerschaft mit den Marken, garantierte Original-Ersatzteile, Einhaltung der Qualit\u00e4tsstandards der Hersteller.<\/p>\n<hr \/>\n<p>Das gesamte Fiem-Sortiment finden Sie unter <a href=\"https:\/\/fiem.it\/de\/\" target=\"_blank\" rel=\"noopener\"><span style=\"color: #a0201b\">fiem.it<\/span><\/a>. Gerne stehen wir Ihnen jederzeit f\u00fcr ein individuelles Angebot zur Verf\u00fcgung.<\/p>\n<p><img loading=\"lazy\" decoding=\"async\" class=\"alignnone size-medium wp-image-50573\" src=\"https:\/\/netpet.ch\/wp-content\/uploads\/2026\/02\/FIEM-logo-300x186.png\" alt=\"\" width=\"300\" height=\"186\" srcset=\"https:\/\/netpet.ch\/wp-content\/uploads\/2026\/02\/FIEM-logo-300x186.png 300w, https:\/\/netpet.ch\/wp-content\/uploads\/2026\/02\/FIEM-logo-1024x635.png 1024w, https:\/\/netpet.ch\/wp-content\/uploads\/2026\/02\/FIEM-logo-768x476.png 768w, https:\/\/netpet.ch\/wp-content\/uploads\/2026\/02\/FIEM-logo-600x372.png 600w, https:\/\/netpet.ch\/wp-content\/uploads\/2026\/02\/FIEM-logo.png 1036w\" sizes=\"auto, (max-width: 300px) 100vw, 300px\" \/>\u00a0 \u00a0 \u00a0 \u00a0 <img loading=\"lazy\" decoding=\"async\" class=\"alignnone wp-image-50575\" src=\"https:\/\/netpet.ch\/wp-content\/uploads\/2026\/02\/FIEM-made-in-italy-300x222.png\" alt=\"\" width=\"147\" height=\"109\" srcset=\"https:\/\/netpet.ch\/wp-content\/uploads\/2026\/02\/FIEM-made-in-italy-300x222.png 300w, https:\/\/netpet.ch\/wp-content\/uploads\/2026\/02\/FIEM-made-in-italy-600x445.png 600w, https:\/\/netpet.ch\/wp-content\/uploads\/2026\/02\/FIEM-made-in-italy.png 626w\" sizes=\"auto, (max-width: 147px) 100vw, 147px\" \/>\u00a0 \u00a0 \u00a0 <img loading=\"lazy\" decoding=\"async\" class=\"alignnone size-medium wp-image-50615\" src=\"https:\/\/netpet.ch\/wp-content\/uploads\/2026\/02\/FIEM-mg-1024x373-1-300x109.png\" alt=\"\" width=\"300\" height=\"109\" srcset=\"https:\/\/netpet.ch\/wp-content\/uploads\/2026\/02\/FIEM-mg-1024x373-1-300x109.png 300w, https:\/\/netpet.ch\/wp-content\/uploads\/2026\/02\/FIEM-mg-1024x373-1-768x280.png 768w, https:\/\/netpet.ch\/wp-content\/uploads\/2026\/02\/FIEM-mg-1024x373-1-600x219.png 600w, https:\/\/netpet.ch\/wp-content\/uploads\/2026\/02\/FIEM-mg-1024x373-1.png 1024w\" sizes=\"auto, (max-width: 300px) 100vw, 300px\" \/><\/p>\n","protected":false},"excerpt":{"rendered":"<ul>\n<li>Original <span style=\"color: #a0201b\">Fiem<\/span> Zubeh\u00f6r<\/li>\n<li>Passend f\u00fcr Brutger\u00e4te MG70\/100, MG100\/150 und MG140\/200<\/li>\n<li>Kompatibel mit automatischem Wendemechanismus<\/li>\n<li>Robust, langlebig und einfach in der Anwendung<\/li>\n<\/ul>\n<hr \/>\n<p><img loading=\"lazy\" decoding=\"async\" class=\"alignnone wp-image-50573\" src=\"https:\/\/netpet.ch\/wp-content\/uploads\/2026\/02\/FIEM-logo-300x186.png\" alt=\"\" width=\"155\" height=\"96\" srcset=\"https:\/\/netpet.ch\/wp-content\/uploads\/2026\/02\/FIEM-logo-300x186.png 300w, https:\/\/netpet.ch\/wp-content\/uploads\/2026\/02\/FIEM-logo-1024x635.png 1024w, https:\/\/netpet.ch\/wp-content\/uploads\/2026\/02\/FIEM-logo-768x476.png 768w, https:\/\/netpet.ch\/wp-content\/uploads\/2026\/02\/FIEM-logo-600x372.png 600w, https:\/\/netpet.ch\/wp-content\/uploads\/2026\/02\/FIEM-logo.png 1036w\" sizes=\"auto, (max-width: 155px) 100vw, 155px\" \/><\/p>\n<p style=\"text-align: left\"><strong><span style=\"color: #f05957\">netpet.ch<span style=\"color: #000000\"> | Offizieller Direktimporteur und autorisierter Vertriebspartner von <span style=\"color: #a0201b\">Fiem<\/span> in der Schweiz<\/span><\/span><\/strong><\/p>\n<hr \/>\n","protected":false},"featured_media":50829,"template":"","meta":{"_acf_changed":false,"wds_primary_product_brand":0,"wds_primary_product_cat":0},"product_brand":[],"product_cat":[447],"product_tag":[],"class_list":{"0":"post-50907","1":"product","2":"type-product","3":"status-publish","4":"has-post-thumbnail","6":"product_cat-zubehoer-fuer-fiem-inkubatoren","8":"first","9":"instock","10":"taxable","11":"shipping-taxable","12":"purchasable","13":"product-type-variable"},"acf":[],"_links":{"self":[{"href":"https:\/\/netpet.ch\/de\/wp-json\/wp\/v2\/product\/50907","targetHints":{"allow":["GET"]}}],"collection":[{"href":"https:\/\/netpet.ch\/de\/wp-json\/wp\/v2\/product"}],"about":[{"href":"https:\/\/netpet.ch\/de\/wp-json\/wp\/v2\/types\/product"}],"wp:featuredmedia":[{"embeddable":true,"href":"https:\/\/netpet.ch\/de\/wp-json\/wp\/v2\/media\/50829"}],"wp:attachment":[{"href":"https:\/\/netpet.ch\/de\/wp-json\/wp\/v2\/media?parent=50907"}],"wp:term":[{"taxonomy":"product_brand","embeddable":true,"href":"https:\/\/netpet.ch\/de\/wp-json\/wp\/v2\/product_brand?post=50907"},{"taxonomy":"product_cat","embeddable":true,"href":"https:\/\/netpet.ch\/de\/wp-json\/wp\/v2\/product_cat?post=50907"},{"taxonomy":"product_tag","embeddable":true,"href":"https:\/\/netpet.ch\/de\/wp-json\/wp\/v2\/product_tag?post=50907"}],"curies":[{"name":"wp","href":"https:\/\/api.w.org\/{rel}","templated":true}]}}