{"id":50922,"date":"2026-03-21T16:47:48","date_gmt":"2026-03-21T15:47:48","guid":{"rendered":"https:\/\/netpet.ch\/?post_type=product&#038;p=50922"},"modified":"2026-03-21T17:12:40","modified_gmt":"2026-03-21T16:12:40","slug":"fiem-schlupfkorb-aus-kunststoff","status":"publish","type":"product","link":"https:\/\/netpet.ch\/de\/produit\/fiem-schlupfkorb-aus-kunststoff\/","title":{"rendered":"Fiem \u2013 Schlupfkorb aus Kunststoff"},"content":{"rendered":"<p data-start=\"336\" data-end=\"596\">Der Schlupfkorb aus Kunststoff von Fiem wurde speziell f\u00fcr die letzte Phase der Brut entwickelt. Er bietet den Eiern und schl\u00fcpfenden K\u00fcken eine sichere, saubere und gut bel\u00fcftete Umgebung und ist optimal auf die Brutger\u00e4te MG100\/150 und MG140\/200 abgestimmt.<\/p>\n<p>Gefertigt aus widerstandsf\u00e4higem Kunststoff ist der Korb besonders pflegeleicht und langlebig. Die perforierten Seitenw\u00e4nde sorgen f\u00fcr eine gleichm\u00e4ssige Luftzirkulation, w\u00e4hrend die K\u00fcken nach dem Schlupf sicher im Korb gehalten werden.<\/p>\n<p>Ein Korb bietet Platz f\u00fcr bis zu 35 H\u00fchnereier; je nach Bedarf k\u00f6nnen mehrere K\u00f6rbe \u00fcbereinandergestapelt werden.<\/p>\n<p>Aussenmasse: 40 x 30 x 10cm (LxBxH)<\/p>\n<p>&nbsp;<\/p>\n<p>\ud83d\udccc <strong>Wichtiger Hinweis:<\/strong> : Der Fiem Schlupfkorb aus Kunststoff wird ohne Metallgitter und ohne <a href=\"https:\/\/netpet.ch\/de\/produit\/fiem-schlupfmatte-aus-gewelltem-papier-5er-set\/\" target=\"_blank\" rel=\"noopener\"><span style=\"color: #0000ff\">rutschfeste Schlupfmatte aus gewelltem Karton<\/span><\/a> (Produktcode: fiit-cbul) geliefert. Diese sind separat erh\u00e4ltlich; auf Abbildungen dargestellte Zubeh\u00f6rteile dienen ausschliesslich der Illustration.<\/p>\n","protected":false},"excerpt":{"rendered":"<ul>\n<li>Original <span style=\"color: #a0201b\">Fiem<\/span> Zubeh\u00f6r<\/li>\n<li>Optimale Bel\u00fcftung f\u00fcr die Schlupfphase<\/li>\n<li>Aus robustem, langlebigem Kunststoff<\/li>\n<li>Leicht zu reinigen<\/li>\n<\/ul>\n<hr \/>\n<p><img loading=\"lazy\" decoding=\"async\" class=\"alignnone wp-image-50573\" src=\"https:\/\/netpet.ch\/wp-content\/uploads\/2026\/02\/FIEM-logo-300x186.png\" alt=\"\" width=\"155\" height=\"96\" srcset=\"https:\/\/netpet.ch\/wp-content\/uploads\/2026\/02\/FIEM-logo-300x186.png 300w, https:\/\/netpet.ch\/wp-content\/uploads\/2026\/02\/FIEM-logo-1024x635.png 1024w, https:\/\/netpet.ch\/wp-content\/uploads\/2026\/02\/FIEM-logo-768x476.png 768w, https:\/\/netpet.ch\/wp-content\/uploads\/2026\/02\/FIEM-logo-600x372.png 600w, https:\/\/netpet.ch\/wp-content\/uploads\/2026\/02\/FIEM-logo.png 1036w\" sizes=\"auto, (max-width: 155px) 100vw, 155px\" \/><\/p>\n<p style=\"text-align: left\"><strong><span style=\"color: #f05957\">netpet.ch<span style=\"color: #000000\"> | Offizieller Direktimporteur und autorisierter Vertriebspartner von <span style=\"color: #a0201b\">Fiem<\/span> in der Schweiz<\/span><\/span><\/strong><\/p>\n<hr \/>\n","protected":false},"featured_media":50860,"template":"","meta":{"_acf_changed":false,"wds_primary_product_brand":0,"wds_primary_product_cat":0},"product_brand":[],"product_cat":[447],"product_tag":[],"class_list":{"0":"post-50922","1":"product","2":"type-product","3":"status-publish","4":"has-post-thumbnail","6":"product_cat-zubehoer-fuer-fiem-inkubatoren","8":"first","9":"instock","10":"taxable","11":"shipping-taxable","12":"purchasable","13":"product-type-simple"},"acf":[],"_links":{"self":[{"href":"https:\/\/netpet.ch\/de\/wp-json\/wp\/v2\/product\/50922","targetHints":{"allow":["GET"]}}],"collection":[{"href":"https:\/\/netpet.ch\/de\/wp-json\/wp\/v2\/product"}],"about":[{"href":"https:\/\/netpet.ch\/de\/wp-json\/wp\/v2\/types\/product"}],"wp:featuredmedia":[{"embeddable":true,"href":"https:\/\/netpet.ch\/de\/wp-json\/wp\/v2\/media\/50860"}],"wp:attachment":[{"href":"https:\/\/netpet.ch\/de\/wp-json\/wp\/v2\/media?parent=50922"}],"wp:term":[{"taxonomy":"product_brand","embeddable":true,"href":"https:\/\/netpet.ch\/de\/wp-json\/wp\/v2\/product_brand?post=50922"},{"taxonomy":"product_cat","embeddable":true,"href":"https:\/\/netpet.ch\/de\/wp-json\/wp\/v2\/product_cat?post=50922"},{"taxonomy":"product_tag","embeddable":true,"href":"https:\/\/netpet.ch\/de\/wp-json\/wp\/v2\/product_tag?post=50922"}],"curies":[{"name":"wp","href":"https:\/\/api.w.org\/{rel}","templated":true}]}}