{"id":50991,"date":"2026-03-19T21:28:09","date_gmt":"2026-03-19T20:28:09","guid":{"rendered":"https:\/\/netpet.ch\/?post_type=product&#038;p=50991"},"modified":"2026-04-03T15:35:05","modified_gmt":"2026-04-03T13:35:05","slug":"brinsea-brutgeraet-maxi-48-ex-connect-%f0%9f%86%95","status":"publish","type":"product","link":"https:\/\/netpet.ch\/de\/produit\/brinsea-brutgeraet-maxi-48-ex-connect-%f0%9f%86%95\/","title":{"rendered":"Brinsea - Brutger\u00e4t Maxi 48 EX CONNECT \ud83c\udd95"},"content":{"rendered":"<p><em><span style=\"color: #f05957;\"><strong>Neuer Brutapparat Maxi 48 EX CONNECT von Brinsea\u00a0<\/strong><\/span><span style=\"color: #f05957;\"><strong>\u2013 Spitzentechnologie f\u00fcr optimale Schlupfergebnisse<\/strong><\/span><\/em><\/p>\n<p><strong>Mit dem grossen Brutapparat Brinsea Maxi 48 EX CONNECT<\/strong> und der kostenlosen App <strong>bleiben Sie jederzeit mit Ihren Bruteiern verbunden<\/strong>! \u00dcber Ihr Smartphone k\u00f6nnen Sie Ihren Inkubator ganz einfach und bequem \u00fcberwachen und steuern \u2013 jederzeit und von \u00fcberall \u2013 f\u00fcr perfekte Schlupfergebnisse.<\/p>\n<p>Dank der kostenlosen <em data-start=\"526\" data-end=\"543\">Brinsea Connect<\/em> App, erh\u00e4ltlich im App Store und bei Google Play, k\u00f6nnen Sie alle Funktionen Ihres mit dem lokalen WLAN verbundenen Brutautomaten aus der Ferne steuern: \u00dcberwachung und Regelung von Temperatur und Luftfeuchtigkeit, Countdown bis zum Schlupf, Einstellungen, Alarmmeldungen u.v.m. Bei einer Unterbrechung der Internetverbindung bleibt der Brutvorgang selbstverst\u00e4ndlich sicher und stabil.<\/p>\n<p><strong><span style=\"color: #f05957;\">Die Brutmaschine Maxi 48 EX CONNECT im Detail:<\/span><\/strong><\/p>\n<ul>\n<li>Transparenter Deckel f\u00fcr hervorragende Sicht w\u00e4hrend Brut und Schlupf<\/li>\n<li>Steuerung und \u00dcberwachung \u00fcber die kostenlose\u00a0<em>Brinsea Connect<\/em>\u00a0App f\u00fcr Smartphones (iOS, Android)<\/li>\n<li>Sanfte, automatische Eierwendung durch Rollen auf dem Boden des Inkubators, mit programmierbaren Intervallen und Rotationswinkeln<\/li>\n<li>Automatische Kontrolle von Temperatur und Luftfeuchtigkeit<\/li>\n<li>Digitale Anzeige der Temperatur in \u00b0C oder \u00b0F<\/li>\n<li>Digitale Anzeige der Luftfeuchtigkeit<\/li>\n<li>Integrierte, hochpr\u00e4zise peristaltische Wasserpumpe<\/li>\n<li>Externer Wasseranschluss zum Nachf\u00fcllen<\/li>\n<li>Luftzirkulation durch hochwertigen Ventilator f\u00fcr eine gleichm\u00e4ssige Verteilung von W\u00e4rme und Feuchtigkeit im gesamten Inkubator<\/li>\n<li>Regelbare Bel\u00fcftung<\/li>\n<li>Optionale periodische Abk\u00fchlung der Eier<\/li>\n<li>Alarm bei Abweichungen der Umgebungs- oder Bruttemperatur<\/li>\n<li>Anzeige bei Stromausfall<\/li>\n<li>Option f\u00fcr hochfrequentes Wenden \u2013 ideal f\u00fcr die Brut unterschiedlichster, auch empfindlicher Arten<\/li>\n<li>Wendeeins\u00e4tze f\u00fcr Wachtel-, H\u00fchner-, Enten- und G\u00e4nseeier im Lieferumfang enthalten<\/li>\n<li>Antimikrobieller Schutz durch den Polygiene Biomaster\u2122-Zusatz*<\/li>\n<li>3 Jahre Herstellergarantie, vorbehaltlich einer Online-Registrierung beim Kauf auf <span style=\"color: #ffc50b;\"><a style=\"color: #ffc50b;\" href=\"http:\/\/www.brinsea.co.uk\" target=\"_blank\" rel=\"noopener\">brinsea.co.uk<\/a><\/span><\/li>\n<li>Hergestellt in Grossbritannien<\/li>\n<\/ul>\n<p>*<em>nachweislich reduziert der antimikrobielle Polygiene Biomaster\u2122-Zusatz das Bakterienwachstum um bis zu 99.99% und ist 100% sicher f\u00fcr Eier, K\u00fcken und Menschen; er sch\u00fctzt den Inkubator vor mikrobiellem Wachstum, indem er das Risiko einer Kreuzkontamination verringert und eine hygienischere Umgebung f\u00fcr die Eier schafft.<\/em><\/p>\n<p><span style=\"color: #f05957;\"><strong>Maximale Eierkapazit\u00e4t mit den mitgelieferten Wendeeins\u00e4tzen:<\/strong><\/span><\/p>\n<ul>\n<li>Huhn, Fasan: 48<\/li>\n<li>Wachtel: 68<\/li>\n<li>Ente: 24<\/li>\n<li>Gans: 16<\/li>\n<\/ul>\n<p><img loading=\"lazy\" decoding=\"async\" class=\"alignnone wp-image-50883 size-thumbnail\" src=\"https:\/\/netpet.ch\/wp-content\/uploads\/2026\/03\/bs-ac47-5-150x150.webp\" alt=\"\" width=\"150\" height=\"150\" srcset=\"https:\/\/netpet.ch\/wp-content\/uploads\/2026\/03\/bs-ac47-5-150x150.webp 150w, https:\/\/netpet.ch\/wp-content\/uploads\/2026\/03\/bs-ac47-5-300x300.webp 300w, https:\/\/netpet.ch\/wp-content\/uploads\/2026\/03\/bs-ac47-5-100x100.webp 100w\" sizes=\"auto, (max-width: 150px) 100vw, 150px\" \/><img loading=\"lazy\" decoding=\"async\" class=\"alignnone wp-image-50885 size-thumbnail\" src=\"https:\/\/netpet.ch\/wp-content\/uploads\/2026\/03\/bs-ac47-6-150x150.webp\" alt=\"\" width=\"150\" height=\"150\" srcset=\"https:\/\/netpet.ch\/wp-content\/uploads\/2026\/03\/bs-ac47-6-150x150.webp 150w, https:\/\/netpet.ch\/wp-content\/uploads\/2026\/03\/bs-ac47-6-300x300.webp 300w, https:\/\/netpet.ch\/wp-content\/uploads\/2026\/03\/bs-ac47-6-100x100.webp 100w\" sizes=\"auto, (max-width: 150px) 100vw, 150px\" \/><img loading=\"lazy\" decoding=\"async\" class=\"alignnone wp-image-50887 size-thumbnail\" src=\"https:\/\/netpet.ch\/wp-content\/uploads\/2026\/03\/bs-ac47-7-150x150.webp\" alt=\"\" width=\"150\" height=\"150\" srcset=\"https:\/\/netpet.ch\/wp-content\/uploads\/2026\/03\/bs-ac47-7-150x150.webp 150w, https:\/\/netpet.ch\/wp-content\/uploads\/2026\/03\/bs-ac47-7-300x300.webp 300w, https:\/\/netpet.ch\/wp-content\/uploads\/2026\/03\/bs-ac47-7-100x100.webp 100w\" sizes=\"auto, (max-width: 150px) 100vw, 150px\" \/><img loading=\"lazy\" decoding=\"async\" class=\"alignnone wp-image-50889 size-thumbnail\" src=\"https:\/\/netpet.ch\/wp-content\/uploads\/2026\/03\/bs-ac47-8-150x150.webp\" alt=\"\" width=\"150\" height=\"150\" srcset=\"https:\/\/netpet.ch\/wp-content\/uploads\/2026\/03\/bs-ac47-8-150x150.webp 150w, https:\/\/netpet.ch\/wp-content\/uploads\/2026\/03\/bs-ac47-8-300x300.webp 300w, https:\/\/netpet.ch\/wp-content\/uploads\/2026\/03\/bs-ac47-8-100x100.webp 100w\" sizes=\"auto, (max-width: 150px) 100vw, 150px\" \/><\/p>\n<p><span style=\"color: #f05957;\"><strong>Technische Daten:<\/strong><\/span><\/p>\n<ul>\n<li>Abmessungen: 44,5 x 44,5 x 22,5cm (LxBxH)<\/li>\n<li>Gewicht: 4,360kg<\/li>\n<li>Stromverbrauch: max 40W, durchschnittlich 24W<\/li>\n<\/ul>\n<p>Der Maxi 48 EX CONNECT von Brinsea kann ausserdem \u00fcber eine 12V-Autosteckdose betrieben werden (Adapterkabel separat erh\u00e4ltlich, Produktcode: <a href=\"https:\/\/netpet.ch\/de\/produit\/brinsea-12v-adapterkabel-fuer-zigarettenanzuender\/\" target=\"_blank\" rel=\"noopener\"><span style=\"color: #0000ff;\">bs-15.45<\/span><\/a>).<\/p>\n<p><img loading=\"lazy\" decoding=\"async\" class=\"alignnone size-medium wp-image-48246\" src=\"https:\/\/netpet.ch\/wp-content\/uploads\/2023\/03\/bs-biomaster-2024-300x300.jpg\" alt=\"\" width=\"300\" height=\"300\" srcset=\"https:\/\/netpet.ch\/wp-content\/uploads\/2023\/03\/bs-biomaster-2024-300x300.jpg 300w, https:\/\/netpet.ch\/wp-content\/uploads\/2023\/03\/bs-biomaster-2024-1024x1024.jpg 1024w, https:\/\/netpet.ch\/wp-content\/uploads\/2023\/03\/bs-biomaster-2024-150x150.jpg 150w, https:\/\/netpet.ch\/wp-content\/uploads\/2023\/03\/bs-biomaster-2024-768x768.jpg 768w, https:\/\/netpet.ch\/wp-content\/uploads\/2023\/03\/bs-biomaster-2024-1536x1536.jpg 1536w, https:\/\/netpet.ch\/wp-content\/uploads\/2023\/03\/bs-biomaster-2024-2048x2048.jpg 2048w, https:\/\/netpet.ch\/wp-content\/uploads\/2023\/03\/bs-biomaster-2024-600x600.jpg 600w, https:\/\/netpet.ch\/wp-content\/uploads\/2023\/03\/bs-biomaster-2024-100x100.jpg 100w, https:\/\/netpet.ch\/wp-content\/uploads\/2023\/03\/bs-biomaster-2024.jpg 2362w\" sizes=\"auto, (max-width: 300px) 100vw, 300px\" \/><img loading=\"lazy\" decoding=\"async\" class=\"alignnone size-medium wp-image-48244\" src=\"https:\/\/netpet.ch\/wp-content\/uploads\/2023\/03\/bs-3yearguarantee-2024-300x300.jpg\" alt=\"\" width=\"300\" height=\"300\" srcset=\"https:\/\/netpet.ch\/wp-content\/uploads\/2023\/03\/bs-3yearguarantee-2024-300x300.jpg 300w, https:\/\/netpet.ch\/wp-content\/uploads\/2023\/03\/bs-3yearguarantee-2024-1024x1024.jpg 1024w, https:\/\/netpet.ch\/wp-content\/uploads\/2023\/03\/bs-3yearguarantee-2024-150x150.jpg 150w, https:\/\/netpet.ch\/wp-content\/uploads\/2023\/03\/bs-3yearguarantee-2024-768x768.jpg 768w, https:\/\/netpet.ch\/wp-content\/uploads\/2023\/03\/bs-3yearguarantee-2024-1536x1536.jpg 1536w, https:\/\/netpet.ch\/wp-content\/uploads\/2023\/03\/bs-3yearguarantee-2024-2048x2048.jpg 2048w, https:\/\/netpet.ch\/wp-content\/uploads\/2023\/03\/bs-3yearguarantee-2024-600x600.jpg 600w, https:\/\/netpet.ch\/wp-content\/uploads\/2023\/03\/bs-3yearguarantee-2024-100x100.jpg 100w, https:\/\/netpet.ch\/wp-content\/uploads\/2023\/03\/bs-3yearguarantee-2024.jpg 2362w\" sizes=\"auto, (max-width: 300px) 100vw, 300px\" \/><img loading=\"lazy\" decoding=\"async\" class=\"alignnone size-medium wp-image-48248\" src=\"https:\/\/netpet.ch\/wp-content\/uploads\/2023\/03\/bs-mib-2024-300x300.jpg\" alt=\"\" width=\"300\" height=\"300\" srcset=\"https:\/\/netpet.ch\/wp-content\/uploads\/2023\/03\/bs-mib-2024-300x300.jpg 300w, https:\/\/netpet.ch\/wp-content\/uploads\/2023\/03\/bs-mib-2024-1024x1024.jpg 1024w, https:\/\/netpet.ch\/wp-content\/uploads\/2023\/03\/bs-mib-2024-150x150.jpg 150w, https:\/\/netpet.ch\/wp-content\/uploads\/2023\/03\/bs-mib-2024-768x768.jpg 768w, https:\/\/netpet.ch\/wp-content\/uploads\/2023\/03\/bs-mib-2024-1536x1536.jpg 1536w, https:\/\/netpet.ch\/wp-content\/uploads\/2023\/03\/bs-mib-2024-2048x2048.jpg 2048w, https:\/\/netpet.ch\/wp-content\/uploads\/2023\/03\/bs-mib-2024-600x600.jpg 600w, https:\/\/netpet.ch\/wp-content\/uploads\/2023\/03\/bs-mib-2024-100x100.jpg 100w, https:\/\/netpet.ch\/wp-content\/uploads\/2023\/03\/bs-mib-2024.jpg 2362w\" sizes=\"auto, (max-width: 300px) 100vw, 300px\" \/><\/p>\n","protected":false},"excerpt":{"rendered":"<ul>\n<li>Neuheit Brinsea <strong>\ud83c\udd95<\/strong><\/li>\n<li>Steuerung per Smartphone-App<\/li>\n<li>Vollst\u00e4ndige digitale Steuerung von Temperatur und Luftfeuchtigkeit<\/li>\n<li>Automatische Eierwendung<\/li>\n<li>F\u00fcr 48 H\u00fchnereier, 68 Wachteleier, 24 Enteneier oder 18 G\u00e4nseeier<\/li>\n<\/ul>\n<p>&nbsp;<\/p>\n<hr \/>\n<p><img loading=\"lazy\" decoding=\"async\" class=\"alignnone wp-image-50943 \" src=\"https:\/\/netpet.ch\/wp-content\/uploads\/2026\/03\/Brinsea_Logo-300x128.webp\" alt=\"\" width=\"204\" height=\"87\" srcset=\"https:\/\/netpet.ch\/wp-content\/uploads\/2026\/03\/Brinsea_Logo-300x128.webp 300w, https:\/\/netpet.ch\/wp-content\/uploads\/2026\/03\/Brinsea_Logo-600x255.webp 600w, https:\/\/netpet.ch\/wp-content\/uploads\/2026\/03\/Brinsea_Logo.webp 691w\" sizes=\"auto, (max-width: 204px) 100vw, 204px\" \/>\u00a0 \u00a0 \u00a0 \u00a0 \u00a0 \u00a0 \u00a0 \u00a0 \u00a0 \u00a0 \u00a0 \u00a0 \u00a0<img loading=\"lazy\" decoding=\"async\" class=\"alignnone wp-image-45146\" src=\"https:\/\/netpet.ch\/wp-content\/uploads\/2023\/07\/Brinsea-Authorised-Distributor_rond-300x300.jpg\" alt=\"\" width=\"105\" height=\"105\" srcset=\"https:\/\/netpet.ch\/wp-content\/uploads\/2023\/07\/Brinsea-Authorised-Distributor_rond-300x300.jpg 300w, https:\/\/netpet.ch\/wp-content\/uploads\/2023\/07\/Brinsea-Authorised-Distributor_rond-1024x1021.jpg 1024w, https:\/\/netpet.ch\/wp-content\/uploads\/2023\/07\/Brinsea-Authorised-Distributor_rond-150x150.jpg 150w, https:\/\/netpet.ch\/wp-content\/uploads\/2023\/07\/Brinsea-Authorised-Distributor_rond-768x766.jpg 768w, https:\/\/netpet.ch\/wp-content\/uploads\/2023\/07\/Brinsea-Authorised-Distributor_rond-600x598.jpg 600w, https:\/\/netpet.ch\/wp-content\/uploads\/2023\/07\/Brinsea-Authorised-Distributor_rond-100x100.jpg 100w, https:\/\/netpet.ch\/wp-content\/uploads\/2023\/07\/Brinsea-Authorised-Distributor_rond.jpg 1438w\" sizes=\"auto, (max-width: 105px) 100vw, 105px\" \/><\/p>\n<p style=\"text-align: left;\"><strong><span style=\"color: #f05957;\">netpet.ch<span style=\"color: #000000;\"> | Exklusiver Importeur und autorisierter Partner der Marke <span style=\"color: #ffc50b;\">Brinsea<\/span> in der Schweiz<\/span><\/span><\/strong><\/p>\n<hr \/>\n","protected":false},"featured_media":50962,"template":"","meta":{"_acf_changed":false,"wds_primary_product_brand":0,"wds_primary_product_cat":0},"product_brand":[],"product_cat":[448],"product_tag":[],"class_list":{"0":"post-50991","1":"product","2":"type-product","3":"status-publish","4":"has-post-thumbnail","6":"product_cat-couveuses-brinsea-de","8":"first","9":"instock","10":"taxable","11":"shipping-taxable","12":"purchasable","13":"product-type-simple"},"acf":[],"_links":{"self":[{"href":"https:\/\/netpet.ch\/de\/wp-json\/wp\/v2\/product\/50991","targetHints":{"allow":["GET"]}}],"collection":[{"href":"https:\/\/netpet.ch\/de\/wp-json\/wp\/v2\/product"}],"about":[{"href":"https:\/\/netpet.ch\/de\/wp-json\/wp\/v2\/types\/product"}],"wp:featuredmedia":[{"embeddable":true,"href":"https:\/\/netpet.ch\/de\/wp-json\/wp\/v2\/media\/50962"}],"wp:attachment":[{"href":"https:\/\/netpet.ch\/de\/wp-json\/wp\/v2\/media?parent=50991"}],"wp:term":[{"taxonomy":"product_brand","embeddable":true,"href":"https:\/\/netpet.ch\/de\/wp-json\/wp\/v2\/product_brand?post=50991"},{"taxonomy":"product_cat","embeddable":true,"href":"https:\/\/netpet.ch\/de\/wp-json\/wp\/v2\/product_cat?post=50991"},{"taxonomy":"product_tag","embeddable":true,"href":"https:\/\/netpet.ch\/de\/wp-json\/wp\/v2\/product_tag?post=50991"}],"curies":[{"name":"wp","href":"https:\/\/api.w.org\/{rel}","templated":true}]}}